{"id":3547,"date":"2012-11-07T12:03:06","date_gmt":"2012-11-07T10:03:06","guid":{"rendered":"http:\/\/s174678280.online.de\/?page_id=3547"},"modified":"2012-11-07T12:03:06","modified_gmt":"2012-11-07T10:03:06","slug":"video-de-kick-point","status":"publish","type":"page","link":"https:\/\/www.kick-point.com\/es\/video-de-kick-point\/","title":{"rendered":"V\u00eddeo de Kick-Point"},"content":{"rendered":"<p>Hemos creado un v\u00eddeo sobre Kick-Point en el que se muestra la porter\u00eda de f\u00fatbol electr\u00f3nica Kick-Point y todas sus caracter\u00edsticas, adem\u00e1s de facilitar toda la informaci\u00f3n relevante que usted pueda necesitar.<\/p>\n<p>Esta simulaci\u00f3n hace una demostraci\u00f3n autom\u00e1tica sobre el funcionamiento de la porter\u00eda Kick-Point, as\u00ed como su posible aplicaci\u00f3n. <\/p>\n<p><object width=\"611\" height=\"383\" style=\"width:611px;height:383px;\"><param value=\"http:\/\/www.myvideo.de\/movie\/3661352\" name=\"movie\"><param value=\"true\" name=\"AllowFullscreen\"><param value=\"always\" name=\"AllowScriptAccess\"><embed width=\"611\" height=\"383\" allowfullscreen=\"true\" allowscriptaccess=\"always\" type=\"application\/x-shockwave-flash\" src=\"http:\/\/www.myvideo.de\/movie\/3661352\"><\/object><\/p>\n<p><a target=\"_blank\" href=\"http:\/\/www.myvideo.de\/watch\/3661352\/Kick_Point_das_elektronisch_Fussballtor_fuer_die_EM_2008_mieten_Mehr_Infos_unter_www_kick_point_de\">Kick- Point, das elektronisch Fussballtor f\u00fcr die \u2026 &#8211; MyVideo<\/a><\/p>\n","protected":false},"excerpt":{"rendered":"<p>Hemos creado un v\u00eddeo sobre Kick-Point en el que se muestra la porter\u00eda de f\u00fatbol electr\u00f3nica Kick-Point y todas sus caracter\u00edsticas, adem\u00e1s de facilitar toda la informaci\u00f3n relevante que usted pueda necesitar. Esta simulaci\u00f3n hace una demostraci\u00f3n autom\u00e1tica sobre el funcionamiento de la porter\u00eda Kick-Point, as\u00ed como su posible aplicaci\u00f3n. Kick- Point, das elektronisch Fussballtor [&hellip;]<\/p>\n","protected":false},"author":12,"featured_media":0,"parent":0,"menu_order":6,"comment_status":"closed","ping_status":"closed","template":"","meta":{"footnotes":""},"class_list":["post-3547","page","type-page","status-publish","hentry"],"yoast_head":"<!-- This site is optimized with the Yoast SEO plugin v22.8 - https:\/\/yoast.com\/wordpress\/plugins\/seo\/ -->\n<title>V\u00eddeo de Kick-Point<\/title>\n<meta name=\"robots\" content=\"index, follow, max-snippet:-1, max-image-preview:large, max-video-preview:-1\" \/>\n<link rel=\"canonical\" href=\"https:\/\/www.kick-point.com\/es\/video-de-kick-point\/\" \/>\n<meta property=\"og:locale\" content=\"es_ES\" \/>\n<meta property=\"og:type\" content=\"article\" \/>\n<meta property=\"og:title\" content=\"V\u00eddeo de Kick-Point\" \/>\n<meta property=\"og:description\" content=\"Hemos creado un v\u00eddeo sobre Kick-Point en el que se muestra la porter\u00eda de f\u00fatbol electr\u00f3nica Kick-Point y todas sus caracter\u00edsticas, adem\u00e1s de facilitar toda la informaci\u00f3n relevante que usted pueda necesitar. Esta simulaci\u00f3n hace una demostraci\u00f3n autom\u00e1tica sobre el funcionamiento de la porter\u00eda Kick-Point, as\u00ed como su posible aplicaci\u00f3n. Kick- Point, das elektronisch Fussballtor [&hellip;]\" \/>\n<meta property=\"og:url\" content=\"https:\/\/www.kick-point.com\/es\/video-de-kick-point\/\" \/>\n<meta property=\"og:site_name\" content=\"Kick-Point\" \/>\n<script type=\"application\/ld+json\" class=\"yoast-schema-graph\">{\"@context\":\"https:\/\/schema.org\",\"@graph\":[{\"@type\":\"WebPage\",\"@id\":\"https:\/\/www.kick-point.com\/es\/video-de-kick-point\/\",\"url\":\"https:\/\/www.kick-point.com\/es\/video-de-kick-point\/\",\"name\":\"V\u00eddeo de Kick-Point\",\"isPartOf\":{\"@id\":\"https:\/\/www.kick-point.com\/de\/#website\"},\"datePublished\":\"2012-11-07T10:03:06+00:00\",\"dateModified\":\"2012-11-07T10:03:06+00:00\",\"inLanguage\":\"es\",\"potentialAction\":[{\"@type\":\"ReadAction\",\"target\":[\"https:\/\/www.kick-point.com\/es\/video-de-kick-point\/\"]}]},{\"@type\":\"WebSite\",\"@id\":\"https:\/\/www.kick-point.com\/de\/#website\",\"url\":\"https:\/\/www.kick-point.com\/de\/\",\"name\":\"Kick-Point\",\"description\":\"Events und Event-Module rund um das elektronische Fu\u00dfballtor\",\"potentialAction\":[{\"@type\":\"SearchAction\",\"target\":{\"@type\":\"EntryPoint\",\"urlTemplate\":\"https:\/\/www.kick-point.com\/de\/?s={search_term_string}\"},\"query-input\":\"required name=search_term_string\"}],\"inLanguage\":\"es\"}]}<\/script>\n<!-- \/ Yoast SEO plugin. -->","yoast_head_json":{"title":"V\u00eddeo de Kick-Point","robots":{"index":"index","follow":"follow","max-snippet":"max-snippet:-1","max-image-preview":"max-image-preview:large","max-video-preview":"max-video-preview:-1"},"canonical":"https:\/\/www.kick-point.com\/es\/video-de-kick-point\/","og_locale":"es_ES","og_type":"article","og_title":"V\u00eddeo de Kick-Point","og_description":"Hemos creado un v\u00eddeo sobre Kick-Point en el que se muestra la porter\u00eda de f\u00fatbol electr\u00f3nica Kick-Point y todas sus caracter\u00edsticas, adem\u00e1s de facilitar toda la informaci\u00f3n relevante que usted pueda necesitar. Esta simulaci\u00f3n hace una demostraci\u00f3n autom\u00e1tica sobre el funcionamiento de la porter\u00eda Kick-Point, as\u00ed como su posible aplicaci\u00f3n. Kick- Point, das elektronisch Fussballtor [&hellip;]","og_url":"https:\/\/www.kick-point.com\/es\/video-de-kick-point\/","og_site_name":"Kick-Point","schema":{"@context":"https:\/\/schema.org","@graph":[{"@type":"WebPage","@id":"https:\/\/www.kick-point.com\/es\/video-de-kick-point\/","url":"https:\/\/www.kick-point.com\/es\/video-de-kick-point\/","name":"V\u00eddeo de Kick-Point","isPartOf":{"@id":"https:\/\/www.kick-point.com\/de\/#website"},"datePublished":"2012-11-07T10:03:06+00:00","dateModified":"2012-11-07T10:03:06+00:00","inLanguage":"es","potentialAction":[{"@type":"ReadAction","target":["https:\/\/www.kick-point.com\/es\/video-de-kick-point\/"]}]},{"@type":"WebSite","@id":"https:\/\/www.kick-point.com\/de\/#website","url":"https:\/\/www.kick-point.com\/de\/","name":"Kick-Point","description":"Events und Event-Module rund um das elektronische Fu\u00dfballtor","potentialAction":[{"@type":"SearchAction","target":{"@type":"EntryPoint","urlTemplate":"https:\/\/www.kick-point.com\/de\/?s={search_term_string}"},"query-input":"required name=search_term_string"}],"inLanguage":"es"}]}},"_links":{"self":[{"href":"https:\/\/www.kick-point.com\/es\/wp-json\/wp\/v2\/pages\/3547","targetHints":{"allow":["GET"]}}],"collection":[{"href":"https:\/\/www.kick-point.com\/es\/wp-json\/wp\/v2\/pages"}],"about":[{"href":"https:\/\/www.kick-point.com\/es\/wp-json\/wp\/v2\/types\/page"}],"author":[{"embeddable":true,"href":"https:\/\/www.kick-point.com\/es\/wp-json\/wp\/v2\/users\/12"}],"replies":[{"embeddable":true,"href":"https:\/\/www.kick-point.com\/es\/wp-json\/wp\/v2\/comments?post=3547"}],"version-history":[{"count":0,"href":"https:\/\/www.kick-point.com\/es\/wp-json\/wp\/v2\/pages\/3547\/revisions"}],"wp:attachment":[{"href":"https:\/\/www.kick-point.com\/es\/wp-json\/wp\/v2\/media?parent=3547"}],"curies":[{"name":"wp","href":"https:\/\/api.w.org\/{rel}","templated":true}]}}