{"id":3545,"date":"2012-11-07T12:02:06","date_gmt":"2012-11-07T10:02:06","guid":{"rendered":"http:\/\/s174678280.online.de\/?page_id=3545"},"modified":"2012-11-07T12:02:06","modified_gmt":"2012-11-07T10:02:06","slug":"resultados-online-de-los-partidos-con-kick-point","status":"publish","type":"page","link":"https:\/\/www.kick-point.com\/es\/resultados-online-de-los-partidos-con-kick-point\/","title":{"rendered":"Resultados online de los partidos con Kick-Point"},"content":{"rendered":"<p>Despu\u00e9s de cada encuentro, es posible disponer, a trav\u00e9s de Internet, de la informaci\u00f3n individual sobre los tiros a porter\u00eda de todos los jugadores, lo que permite que cada uno de ellos obtenga y verifique online las clasificaciones para saber si es el jugador del d\u00eda, de la semana o del mes.<\/p>\n<p>Si se utiliza esta funci\u00f3n, el n\u00famero de visitantes de las p\u00e1ginas Web se puede ver incrementado sustancialmente.<br \/>\nSe pueden dise\u00f1ar competiciones con precios interesantes. <\/p>\n<p><img loading=\"lazy\" decoding=\"async\" src=\"\/wp-content\/uploads\/kick_point_01.jpg\" alt=\"\" title=\"kick_point_01\" width=\"550\" height=\"411\" class=\"alignleft size-full wp-image-2973\" \/><\/p>\n","protected":false},"excerpt":{"rendered":"<p>Despu\u00e9s de cada encuentro, es posible disponer, a trav\u00e9s de Internet, de la informaci\u00f3n individual sobre los tiros a porter\u00eda de todos los jugadores, lo que permite que cada uno de ellos obtenga y verifique online las clasificaciones para saber si es el jugador del d\u00eda, de la semana o del mes. Si se utiliza [&hellip;]<\/p>\n","protected":false},"author":12,"featured_media":0,"parent":0,"menu_order":9999,"comment_status":"closed","ping_status":"closed","template":"","meta":{"footnotes":""},"class_list":["post-3545","page","type-page","status-publish","hentry"],"yoast_head":"<!-- This site is optimized with the Yoast SEO plugin v22.8 - https:\/\/yoast.com\/wordpress\/plugins\/seo\/ -->\n<title>Resultados online de los partidos con Kick-Point<\/title>\n<meta name=\"robots\" content=\"index, follow, max-snippet:-1, max-image-preview:large, max-video-preview:-1\" \/>\n<link rel=\"canonical\" href=\"https:\/\/www.kick-point.com\/es\/resultados-online-de-los-partidos-con-kick-point\/\" \/>\n<meta property=\"og:locale\" content=\"es_ES\" \/>\n<meta property=\"og:type\" content=\"article\" \/>\n<meta property=\"og:title\" content=\"Resultados online de los partidos con Kick-Point\" \/>\n<meta property=\"og:description\" content=\"Despu\u00e9s de cada encuentro, es posible disponer, a trav\u00e9s de Internet, de la informaci\u00f3n individual sobre los tiros a porter\u00eda de todos los jugadores, lo que permite que cada uno de ellos obtenga y verifique online las clasificaciones para saber si es el jugador del d\u00eda, de la semana o del mes. Si se utiliza [&hellip;]\" \/>\n<meta property=\"og:url\" content=\"https:\/\/www.kick-point.com\/es\/resultados-online-de-los-partidos-con-kick-point\/\" \/>\n<meta property=\"og:site_name\" content=\"Kick-Point\" \/>\n<meta property=\"og:image\" content=\"https:\/\/www.kick-point.com\/wp-content\/uploads\/kick_point_01.jpg\" \/>\n<script type=\"application\/ld+json\" class=\"yoast-schema-graph\">{\"@context\":\"https:\/\/schema.org\",\"@graph\":[{\"@type\":\"WebPage\",\"@id\":\"https:\/\/www.kick-point.com\/es\/resultados-online-de-los-partidos-con-kick-point\/\",\"url\":\"https:\/\/www.kick-point.com\/es\/resultados-online-de-los-partidos-con-kick-point\/\",\"name\":\"Resultados online de los partidos con Kick-Point\",\"isPartOf\":{\"@id\":\"https:\/\/www.kick-point.com\/de\/#website\"},\"datePublished\":\"2012-11-07T10:02:06+00:00\",\"dateModified\":\"2012-11-07T10:02:06+00:00\",\"inLanguage\":\"es\",\"potentialAction\":[{\"@type\":\"ReadAction\",\"target\":[\"https:\/\/www.kick-point.com\/es\/resultados-online-de-los-partidos-con-kick-point\/\"]}]},{\"@type\":\"WebSite\",\"@id\":\"https:\/\/www.kick-point.com\/de\/#website\",\"url\":\"https:\/\/www.kick-point.com\/de\/\",\"name\":\"Kick-Point\",\"description\":\"Events und Event-Module rund um das elektronische Fu\u00dfballtor\",\"potentialAction\":[{\"@type\":\"SearchAction\",\"target\":{\"@type\":\"EntryPoint\",\"urlTemplate\":\"https:\/\/www.kick-point.com\/de\/?s={search_term_string}\"},\"query-input\":\"required name=search_term_string\"}],\"inLanguage\":\"es\"}]}<\/script>\n<!-- \/ Yoast SEO plugin. -->","yoast_head_json":{"title":"Resultados online de los partidos con Kick-Point","robots":{"index":"index","follow":"follow","max-snippet":"max-snippet:-1","max-image-preview":"max-image-preview:large","max-video-preview":"max-video-preview:-1"},"canonical":"https:\/\/www.kick-point.com\/es\/resultados-online-de-los-partidos-con-kick-point\/","og_locale":"es_ES","og_type":"article","og_title":"Resultados online de los partidos con Kick-Point","og_description":"Despu\u00e9s de cada encuentro, es posible disponer, a trav\u00e9s de Internet, de la informaci\u00f3n individual sobre los tiros a porter\u00eda de todos los jugadores, lo que permite que cada uno de ellos obtenga y verifique online las clasificaciones para saber si es el jugador del d\u00eda, de la semana o del mes. Si se utiliza [&hellip;]","og_url":"https:\/\/www.kick-point.com\/es\/resultados-online-de-los-partidos-con-kick-point\/","og_site_name":"Kick-Point","og_image":[{"url":"https:\/\/www.kick-point.com\/wp-content\/uploads\/kick_point_01.jpg"}],"schema":{"@context":"https:\/\/schema.org","@graph":[{"@type":"WebPage","@id":"https:\/\/www.kick-point.com\/es\/resultados-online-de-los-partidos-con-kick-point\/","url":"https:\/\/www.kick-point.com\/es\/resultados-online-de-los-partidos-con-kick-point\/","name":"Resultados online de los partidos con Kick-Point","isPartOf":{"@id":"https:\/\/www.kick-point.com\/de\/#website"},"datePublished":"2012-11-07T10:02:06+00:00","dateModified":"2012-11-07T10:02:06+00:00","inLanguage":"es","potentialAction":[{"@type":"ReadAction","target":["https:\/\/www.kick-point.com\/es\/resultados-online-de-los-partidos-con-kick-point\/"]}]},{"@type":"WebSite","@id":"https:\/\/www.kick-point.com\/de\/#website","url":"https:\/\/www.kick-point.com\/de\/","name":"Kick-Point","description":"Events und Event-Module rund um das elektronische Fu\u00dfballtor","potentialAction":[{"@type":"SearchAction","target":{"@type":"EntryPoint","urlTemplate":"https:\/\/www.kick-point.com\/de\/?s={search_term_string}"},"query-input":"required name=search_term_string"}],"inLanguage":"es"}]}},"_links":{"self":[{"href":"https:\/\/www.kick-point.com\/es\/wp-json\/wp\/v2\/pages\/3545","targetHints":{"allow":["GET"]}}],"collection":[{"href":"https:\/\/www.kick-point.com\/es\/wp-json\/wp\/v2\/pages"}],"about":[{"href":"https:\/\/www.kick-point.com\/es\/wp-json\/wp\/v2\/types\/page"}],"author":[{"embeddable":true,"href":"https:\/\/www.kick-point.com\/es\/wp-json\/wp\/v2\/users\/12"}],"replies":[{"embeddable":true,"href":"https:\/\/www.kick-point.com\/es\/wp-json\/wp\/v2\/comments?post=3545"}],"version-history":[{"count":0,"href":"https:\/\/www.kick-point.com\/es\/wp-json\/wp\/v2\/pages\/3545\/revisions"}],"wp:attachment":[{"href":"https:\/\/www.kick-point.com\/es\/wp-json\/wp\/v2\/media?parent=3545"}],"curies":[{"name":"wp","href":"https:\/\/api.w.org\/{rel}","templated":true}]}}