{"id":3543,"date":"2012-11-07T11:59:31","date_gmt":"2012-11-07T09:59:31","guid":{"rendered":"http:\/\/s174678280.online.de\/?page_id=3543"},"modified":"2016-10-14T12:44:58","modified_gmt":"2016-10-14T10:44:58","slug":"publicidad-con-kick-point","status":"publish","type":"page","link":"https:\/\/www.kick-point.com\/es\/porteria-electronica-e-interactiva-kick-point\/publicidad-con-kick-point\/","title":{"rendered":"COMO PUBLICITAR SU COMPA\u00cdA"},"content":{"rendered":"<h2 style=\"text-align: center;\">COMO PUBLICITAR SU COMPA\u00cdA EN LA PORTER\u00cdA DE F\u00daTBOL INTERACTIVA KICK POINT<\/h2>\n<p><a title=\"branding posibilidades\" href=\"https:\/\/www.kick-point.com\/wp-content\/uploads\/branding-possibilities.png\"><img loading=\"lazy\" decoding=\"async\" class=\"alignright size-full wp-image-66875\" title=\"branding posibilidades\" alt=\"branding posibilidades\" src=\"https:\/\/www.kick-point.com\/wp-content\/uploads\/branding-possibilities.png\" width=\"600\" height=\"400\" \/><\/a><\/p>\n<p>La porter\u00eda interactiva y electr\u00f3nica modular de Kick Point ofrece una gran variedad de posibilidades para publicitar una marca mediante diversos dispositivos y juegos variados, anuncios en pancartas, certificados con el dise\u00f1o de la empresa o anuncios con efectos interactivos en la pantalla.<\/p>\n<p><a href=\"https:\/\/www.kick-point.com\/wp-content\/uploads\/roadshow-veranstaltung-buchen.jpg\"><img loading=\"lazy\" decoding=\"async\" class=\"alignleft  wp-image-5498\" alt=\"roadshow-veranstaltung-buchen\" src=\"https:\/\/www.kick-point.com\/wp-content\/uploads\/roadshow-veranstaltung-buchen-150x150.jpg\" width=\"72\" height=\"72\" \/><\/a> <a href=\"https:\/\/www.kick-point.com\/wp-content\/uploads\/elektronische-torwand-mieten.jpg\"><img loading=\"lazy\" decoding=\"async\" class=\"alignleft  wp-image-5504\" alt=\"elektronische-torwand-mieten\" src=\"https:\/\/www.kick-point.com\/wp-content\/uploads\/elektronische-torwand-mieten-150x150.jpg\" width=\"72\" height=\"72\" \/><\/a> <a href=\"https:\/\/www.kick-point.com\/wp-content\/uploads\/mobile-torwand-interaktiv.jpg\"><img loading=\"lazy\" decoding=\"async\" class=\"alignleft  wp-image-5507\" alt=\"mobile-torwand-interaktiv\" src=\"https:\/\/www.kick-point.com\/wp-content\/uploads\/mobile-torwand-interaktiv-150x150.jpg\" width=\"72\" height=\"72\" \/><\/a><\/p>\n","protected":false},"excerpt":{"rendered":"<p>COMO PUBLICITAR SU COMPA\u00cdA EN LA PORTER\u00cdA DE F\u00daTBOL INTERACTIVA KICK POINT La porter\u00eda interactiva y electr\u00f3nica modular de Kick Point ofrece una gran variedad de posibilidades para publicitar una marca mediante diversos dispositivos y juegos variados, anuncios en pancartas, certificados con el dise\u00f1o de la empresa o anuncios con efectos interactivos en la pantalla.<\/p>\n","protected":false},"author":12,"featured_media":0,"parent":8822,"menu_order":4,"comment_status":"closed","ping_status":"closed","template":"","meta":{"footnotes":""},"class_list":["post-3543","page","type-page","status-publish","hentry"],"yoast_head":"<!-- This site is optimized with the Yoast SEO plugin v22.8 - https:\/\/yoast.com\/wordpress\/plugins\/seo\/ -->\n<title>COMO PUBLICITAR SU COMPA\u00cdA<\/title>\n<meta name=\"robots\" content=\"index, follow, max-snippet:-1, max-image-preview:large, max-video-preview:-1\" \/>\n<link rel=\"canonical\" href=\"https:\/\/www.kick-point.com\/es\/porteria-electronica-e-interactiva-kick-point\/publicidad-con-kick-point\/\" \/>\n<meta property=\"og:locale\" content=\"es_ES\" \/>\n<meta property=\"og:type\" content=\"article\" \/>\n<meta property=\"og:title\" content=\"COMO PUBLICITAR SU COMPA\u00cdA\" \/>\n<meta property=\"og:description\" content=\"COMO PUBLICITAR SU COMPA\u00cdA EN LA PORTER\u00cdA DE F\u00daTBOL INTERACTIVA KICK POINT La porter\u00eda interactiva y electr\u00f3nica modular de Kick Point ofrece una gran variedad de posibilidades para publicitar una marca mediante diversos dispositivos y juegos variados, anuncios en pancartas, certificados con el dise\u00f1o de la empresa o anuncios con efectos interactivos en la pantalla.\" \/>\n<meta property=\"og:url\" content=\"https:\/\/www.kick-point.com\/es\/porteria-electronica-e-interactiva-kick-point\/publicidad-con-kick-point\/\" \/>\n<meta property=\"og:site_name\" content=\"Kick-Point\" \/>\n<meta property=\"article:modified_time\" content=\"2016-10-14T10:44:58+00:00\" \/>\n<meta property=\"og:image\" content=\"https:\/\/www.kick-point.com\/wp-content\/uploads\/branding-possibilities.png\" \/>\n<script type=\"application\/ld+json\" class=\"yoast-schema-graph\">{\"@context\":\"https:\/\/schema.org\",\"@graph\":[{\"@type\":\"WebPage\",\"@id\":\"https:\/\/www.kick-point.com\/es\/porteria-electronica-e-interactiva-kick-point\/publicidad-con-kick-point\/\",\"url\":\"https:\/\/www.kick-point.com\/es\/porteria-electronica-e-interactiva-kick-point\/publicidad-con-kick-point\/\",\"name\":\"COMO PUBLICITAR SU COMPA\u00cdA\",\"isPartOf\":{\"@id\":\"https:\/\/www.kick-point.com\/de\/#website\"},\"primaryImageOfPage\":{\"@id\":\"https:\/\/www.kick-point.com\/es\/porteria-electronica-e-interactiva-kick-point\/publicidad-con-kick-point\/#primaryimage\"},\"image\":{\"@id\":\"https:\/\/www.kick-point.com\/es\/porteria-electronica-e-interactiva-kick-point\/publicidad-con-kick-point\/#primaryimage\"},\"thumbnailUrl\":\"https:\/\/www.kick-point.com\/wp-content\/uploads\/branding-possibilities.png\",\"datePublished\":\"2012-11-07T09:59:31+00:00\",\"dateModified\":\"2016-10-14T10:44:58+00:00\",\"breadcrumb\":{\"@id\":\"https:\/\/www.kick-point.com\/es\/porteria-electronica-e-interactiva-kick-point\/publicidad-con-kick-point\/#breadcrumb\"},\"inLanguage\":\"es\",\"potentialAction\":[{\"@type\":\"ReadAction\",\"target\":[\"https:\/\/www.kick-point.com\/es\/porteria-electronica-e-interactiva-kick-point\/publicidad-con-kick-point\/\"]}]},{\"@type\":\"ImageObject\",\"inLanguage\":\"es\",\"@id\":\"https:\/\/www.kick-point.com\/es\/porteria-electronica-e-interactiva-kick-point\/publicidad-con-kick-point\/#primaryimage\",\"url\":\"https:\/\/www.kick-point.com\/wp-content\/uploads\/branding-possibilities.png\",\"contentUrl\":\"https:\/\/www.kick-point.com\/wp-content\/uploads\/branding-possibilities.png\"},{\"@type\":\"BreadcrumbList\",\"@id\":\"https:\/\/www.kick-point.com\/es\/porteria-electronica-e-interactiva-kick-point\/publicidad-con-kick-point\/#breadcrumb\",\"itemListElement\":[{\"@type\":\"ListItem\",\"position\":1,\"name\":\"PORTER\u00cdA ELECTR\u00d3NICA E INTERACTIVA KICK POINT\",\"item\":\"https:\/\/www.kick-point.com\/es\/porteria-electronica-e-interactiva-kick-point\/\"},{\"@type\":\"ListItem\",\"position\":2,\"name\":\"COMO PUBLICITAR SU COMPA\u00cdA\"}]},{\"@type\":\"WebSite\",\"@id\":\"https:\/\/www.kick-point.com\/de\/#website\",\"url\":\"https:\/\/www.kick-point.com\/de\/\",\"name\":\"Kick-Point\",\"description\":\"Events und Event-Module rund um das elektronische Fu\u00dfballtor\",\"potentialAction\":[{\"@type\":\"SearchAction\",\"target\":{\"@type\":\"EntryPoint\",\"urlTemplate\":\"https:\/\/www.kick-point.com\/de\/?s={search_term_string}\"},\"query-input\":\"required name=search_term_string\"}],\"inLanguage\":\"es\"}]}<\/script>\n<!-- \/ Yoast SEO plugin. -->","yoast_head_json":{"title":"COMO PUBLICITAR SU COMPA\u00cdA","robots":{"index":"index","follow":"follow","max-snippet":"max-snippet:-1","max-image-preview":"max-image-preview:large","max-video-preview":"max-video-preview:-1"},"canonical":"https:\/\/www.kick-point.com\/es\/porteria-electronica-e-interactiva-kick-point\/publicidad-con-kick-point\/","og_locale":"es_ES","og_type":"article","og_title":"COMO PUBLICITAR SU COMPA\u00cdA","og_description":"COMO PUBLICITAR SU COMPA\u00cdA EN LA PORTER\u00cdA DE F\u00daTBOL INTERACTIVA KICK POINT La porter\u00eda interactiva y electr\u00f3nica modular de Kick Point ofrece una gran variedad de posibilidades para publicitar una marca mediante diversos dispositivos y juegos variados, anuncios en pancartas, certificados con el dise\u00f1o de la empresa o anuncios con efectos interactivos en la pantalla.","og_url":"https:\/\/www.kick-point.com\/es\/porteria-electronica-e-interactiva-kick-point\/publicidad-con-kick-point\/","og_site_name":"Kick-Point","article_modified_time":"2016-10-14T10:44:58+00:00","og_image":[{"url":"https:\/\/www.kick-point.com\/wp-content\/uploads\/branding-possibilities.png"}],"schema":{"@context":"https:\/\/schema.org","@graph":[{"@type":"WebPage","@id":"https:\/\/www.kick-point.com\/es\/porteria-electronica-e-interactiva-kick-point\/publicidad-con-kick-point\/","url":"https:\/\/www.kick-point.com\/es\/porteria-electronica-e-interactiva-kick-point\/publicidad-con-kick-point\/","name":"COMO PUBLICITAR SU COMPA\u00cdA","isPartOf":{"@id":"https:\/\/www.kick-point.com\/de\/#website"},"primaryImageOfPage":{"@id":"https:\/\/www.kick-point.com\/es\/porteria-electronica-e-interactiva-kick-point\/publicidad-con-kick-point\/#primaryimage"},"image":{"@id":"https:\/\/www.kick-point.com\/es\/porteria-electronica-e-interactiva-kick-point\/publicidad-con-kick-point\/#primaryimage"},"thumbnailUrl":"https:\/\/www.kick-point.com\/wp-content\/uploads\/branding-possibilities.png","datePublished":"2012-11-07T09:59:31+00:00","dateModified":"2016-10-14T10:44:58+00:00","breadcrumb":{"@id":"https:\/\/www.kick-point.com\/es\/porteria-electronica-e-interactiva-kick-point\/publicidad-con-kick-point\/#breadcrumb"},"inLanguage":"es","potentialAction":[{"@type":"ReadAction","target":["https:\/\/www.kick-point.com\/es\/porteria-electronica-e-interactiva-kick-point\/publicidad-con-kick-point\/"]}]},{"@type":"ImageObject","inLanguage":"es","@id":"https:\/\/www.kick-point.com\/es\/porteria-electronica-e-interactiva-kick-point\/publicidad-con-kick-point\/#primaryimage","url":"https:\/\/www.kick-point.com\/wp-content\/uploads\/branding-possibilities.png","contentUrl":"https:\/\/www.kick-point.com\/wp-content\/uploads\/branding-possibilities.png"},{"@type":"BreadcrumbList","@id":"https:\/\/www.kick-point.com\/es\/porteria-electronica-e-interactiva-kick-point\/publicidad-con-kick-point\/#breadcrumb","itemListElement":[{"@type":"ListItem","position":1,"name":"PORTER\u00cdA ELECTR\u00d3NICA E INTERACTIVA KICK POINT","item":"https:\/\/www.kick-point.com\/es\/porteria-electronica-e-interactiva-kick-point\/"},{"@type":"ListItem","position":2,"name":"COMO PUBLICITAR SU COMPA\u00cdA"}]},{"@type":"WebSite","@id":"https:\/\/www.kick-point.com\/de\/#website","url":"https:\/\/www.kick-point.com\/de\/","name":"Kick-Point","description":"Events und Event-Module rund um das elektronische Fu\u00dfballtor","potentialAction":[{"@type":"SearchAction","target":{"@type":"EntryPoint","urlTemplate":"https:\/\/www.kick-point.com\/de\/?s={search_term_string}"},"query-input":"required name=search_term_string"}],"inLanguage":"es"}]}},"_links":{"self":[{"href":"https:\/\/www.kick-point.com\/es\/wp-json\/wp\/v2\/pages\/3543","targetHints":{"allow":["GET"]}}],"collection":[{"href":"https:\/\/www.kick-point.com\/es\/wp-json\/wp\/v2\/pages"}],"about":[{"href":"https:\/\/www.kick-point.com\/es\/wp-json\/wp\/v2\/types\/page"}],"author":[{"embeddable":true,"href":"https:\/\/www.kick-point.com\/es\/wp-json\/wp\/v2\/users\/12"}],"replies":[{"embeddable":true,"href":"https:\/\/www.kick-point.com\/es\/wp-json\/wp\/v2\/comments?post=3543"}],"version-history":[{"count":1,"href":"https:\/\/www.kick-point.com\/es\/wp-json\/wp\/v2\/pages\/3543\/revisions"}],"predecessor-version":[{"id":67108,"href":"https:\/\/www.kick-point.com\/es\/wp-json\/wp\/v2\/pages\/3543\/revisions\/67108"}],"up":[{"embeddable":true,"href":"https:\/\/www.kick-point.com\/es\/wp-json\/wp\/v2\/pages\/8822"}],"wp:attachment":[{"href":"https:\/\/www.kick-point.com\/es\/wp-json\/wp\/v2\/media?parent=3543"}],"curies":[{"name":"wp","href":"https:\/\/api.w.org\/{rel}","templated":true}]}}