{"id":3540,"date":"2012-11-07T11:54:25","date_gmt":"2012-11-07T09:54:25","guid":{"rendered":"http:\/\/s174678280.online.de\/?page_id=3540"},"modified":"2016-10-14T12:35:51","modified_gmt":"2016-10-14T10:35:51","slug":"variedades-de-juego-con-kick-point","status":"publish","type":"page","link":"https:\/\/www.kick-point.com\/es\/porteria-electronica-e-interactiva-kick-point-2\/variedades-de-juego-con-kick-point\/","title":{"rendered":"GRAN VARIEDAD DE JUEGOS"},"content":{"rendered":"<h2 style=\"text-align: center;\"><span style=\"color: #000000;\">El software de Kick Point ofrece una innumerable variedad de juegos, desde el disparo a un objetivo hasta un concurso.<\/span><\/h2>\n<div class=\"BorlabsCookie _brlbs-cb-youtube\"><div class=\"_brlbs-content-blocker\"> <div class=\"_brlbs-embed _brlbs-video-youtube\"> <img class=\"_brlbs-thumbnail\" src=\"https:\/\/www.kick-point.com\/wp-content\/plugins\/borlabs-cookie\/assets\/images\/cb-no-thumbnail.png\" alt=\"YouTube\"> <div class=\"_brlbs-caption\"> <p>Mit dem Laden des Videos akzeptieren Sie die Datenschutzerkl\u00e4rung von YouTube.<br><a href=\"https:\/\/policies.google.com\/privacy\" target=\"_blank\" rel=\"nofollow noopener noreferrer\">Mehr erfahren<\/a><\/p> <p><a class=\"_brlbs-btn _brlbs-icon-play-white\" href=\"#\" data-borlabs-cookie-unblock role=\"button\">Video laden<\/a><\/p> <p><label><input type=\"checkbox\" name=\"unblockAll\" value=\"1\" checked> <small>YouTube immer entsperren<\/small><\/label><\/p> <\/div> <\/div> <\/div><div class=\"borlabs-hide\" data-borlabs-cookie-type=\"content-blocker\" data-borlabs-cookie-id=\"youtube\"><script type=\"text\/template\">PHA+PGlmcmFtZSBsb2FkaW5nPSJsYXp5IiBzdHlsZT0iZmxvYXQ6IHJpZ2h0OyBib3JkZXItd2lkdGg6IDE1cHg7IGJvcmRlci1jb2xvcjogI0ZGRkZGRjsgYm9yZGVyLXN0eWxlOiBzb2xpZDsiIHNyYz0iaHR0cHM6Ly93d3cueW91dHViZS1ub2Nvb2tpZS5jb20vZW1iZWQvdzExTXlxcVQtSXM\/cmVsPTAiIGhlaWdodD0iNDUwIiB3aWR0aD0iNjAwIiBhbGxvd2Z1bGxzY3JlZW49IiIgZnJhbWVib3JkZXI9IjEiIGFsaWduPSJyaWdodCI+PC9pZnJhbWU+<\/script><\/div><\/div>El juego Kick Point no trata de velocidad en el tiro sino de punter\u00eda. El nivel de dificultad depende del programa interactivo que aparece en pantalla. \u00bfPrefieres un objetivo grande o peque\u00f1o? O \u00bfquieres combinar los tiros con la resoluci\u00f3n de una serie de preguntas? En el fondo de pantalla pueden aparecer todo tipo de logotipos, emblemas, im\u00e1genes o textos. No hay l\u00edmites a la imaginaci\u00f3n, los sistemas de control pueden completarse con m\u00fasica o video clips. Todos los datos de los jugadores se pueden <a title=\"Subir eventos a Facebook\" href=\"https:\/\/www.kick-point.com\/es\/porteria-electronica-e-interactiva-kick-point-2\/line\/subir-eventos-facebook\/\">enviar y compartir en Internet<\/a> con amigos, haciendo la competici\u00f3n m\u00e1s atractiva.<br \/>\n<a href=\"https:\/\/www.kick-point.com\/wp-content\/uploads\/fussball-promotion2.jpg\"><img loading=\"lazy\" decoding=\"async\" class=\"alignleft size-thumbnail wp-image-5573\" alt=\"fussball-promotion2\" src=\"https:\/\/www.kick-point.com\/wp-content\/uploads\/fussball-promotion2-150x150.jpg\" width=\"72\" height=\"72\" \/><\/a><a href=\"https:\/\/www.kick-point.com\/wp-content\/uploads\/discount-aktion-shopping-center.jpg\"><img loading=\"lazy\" decoding=\"async\" class=\"alignleft size-thumbnail wp-image-7197\" alt=\"discount-aktion-shopping-center\" src=\"https:\/\/www.kick-point.com\/wp-content\/uploads\/discount-aktion-shopping-center-150x150.jpg\" width=\"72\" height=\"72\" \/><\/a><a title=\"5x2conLogos\" href=\"https:\/\/www.kick-point.com\/wp-content\/uploads\/5x2mitlogos.jpg\"><img loading=\"lazy\" decoding=\"async\" class=\"aligncenter  wp-image-66942\" title=\"5x2conLogos\" alt=\"5x2conLogos\" src=\"https:\/\/www.kick-point.com\/wp-content\/uploads\/5x2mitlogos.jpg\" width=\"72\" height=\"72\" \/><\/a><\/p>\n","protected":false},"excerpt":{"rendered":"<p>El software de Kick Point ofrece una innumerable variedad de juegos, desde el disparo a un objetivo hasta un concurso. Mit dem Laden des Videos akzeptieren Sie die Datenschutzerkl\u00e4rung von YouTube.Mehr erfahren Video laden YouTube immer entsperren El juego Kick Point no trata de velocidad en el tiro sino de punter\u00eda. El nivel de dificultad [&hellip;]<\/p>\n","protected":false},"author":12,"featured_media":0,"parent":8845,"menu_order":3,"comment_status":"closed","ping_status":"closed","template":"","meta":{"footnotes":""},"class_list":["post-3540","page","type-page","status-publish","hentry"],"yoast_head":"<!-- This site is optimized with the Yoast SEO plugin v22.8 - https:\/\/yoast.com\/wordpress\/plugins\/seo\/ -->\n<title>GRAN VARIEDAD DE JUEGOS<\/title>\n<meta name=\"robots\" content=\"index, follow, max-snippet:-1, max-image-preview:large, max-video-preview:-1\" \/>\n<link rel=\"canonical\" href=\"https:\/\/www.kick-point.com\/es\/porteria-electronica-e-interactiva-kick-point-2\/variedades-de-juego-con-kick-point\/\" \/>\n<meta property=\"og:locale\" content=\"es_ES\" \/>\n<meta property=\"og:type\" content=\"article\" \/>\n<meta property=\"og:title\" content=\"GRAN VARIEDAD DE JUEGOS\" \/>\n<meta property=\"og:description\" content=\"El software de Kick Point ofrece una innumerable variedad de juegos, desde el disparo a un objetivo hasta un concurso. Mit dem Laden des Videos akzeptieren Sie die Datenschutzerkl\u00e4rung von YouTube.Mehr erfahren Video laden YouTube immer entsperren El juego Kick Point no trata de velocidad en el tiro sino de punter\u00eda. El nivel de dificultad [&hellip;]\" \/>\n<meta property=\"og:url\" content=\"https:\/\/www.kick-point.com\/es\/porteria-electronica-e-interactiva-kick-point-2\/variedades-de-juego-con-kick-point\/\" \/>\n<meta property=\"og:site_name\" content=\"Kick-Point\" \/>\n<meta property=\"article:modified_time\" content=\"2016-10-14T10:35:51+00:00\" \/>\n<meta property=\"og:image\" content=\"https:\/\/www.kick-point.com\/wp-content\/uploads\/fussball-promotion2-150x150.jpg\" \/>\n<meta name=\"twitter:label1\" content=\"Tiempo de lectura\" \/>\n\t<meta name=\"twitter:data1\" content=\"1 minuto\" \/>\n<script type=\"application\/ld+json\" class=\"yoast-schema-graph\">{\"@context\":\"https:\/\/schema.org\",\"@graph\":[{\"@type\":\"WebPage\",\"@id\":\"https:\/\/www.kick-point.com\/es\/porteria-electronica-e-interactiva-kick-point-2\/variedades-de-juego-con-kick-point\/\",\"url\":\"https:\/\/www.kick-point.com\/es\/porteria-electronica-e-interactiva-kick-point-2\/variedades-de-juego-con-kick-point\/\",\"name\":\"GRAN VARIEDAD DE JUEGOS\",\"isPartOf\":{\"@id\":\"https:\/\/www.kick-point.com\/de\/#website\"},\"primaryImageOfPage\":{\"@id\":\"https:\/\/www.kick-point.com\/es\/porteria-electronica-e-interactiva-kick-point-2\/variedades-de-juego-con-kick-point\/#primaryimage\"},\"image\":{\"@id\":\"https:\/\/www.kick-point.com\/es\/porteria-electronica-e-interactiva-kick-point-2\/variedades-de-juego-con-kick-point\/#primaryimage\"},\"thumbnailUrl\":\"https:\/\/www.kick-point.com\/wp-content\/uploads\/fussball-promotion2-150x150.jpg\",\"datePublished\":\"2012-11-07T09:54:25+00:00\",\"dateModified\":\"2016-10-14T10:35:51+00:00\",\"breadcrumb\":{\"@id\":\"https:\/\/www.kick-point.com\/es\/porteria-electronica-e-interactiva-kick-point-2\/variedades-de-juego-con-kick-point\/#breadcrumb\"},\"inLanguage\":\"es\",\"potentialAction\":[{\"@type\":\"ReadAction\",\"target\":[\"https:\/\/www.kick-point.com\/es\/porteria-electronica-e-interactiva-kick-point-2\/variedades-de-juego-con-kick-point\/\"]}]},{\"@type\":\"ImageObject\",\"inLanguage\":\"es\",\"@id\":\"https:\/\/www.kick-point.com\/es\/porteria-electronica-e-interactiva-kick-point-2\/variedades-de-juego-con-kick-point\/#primaryimage\",\"url\":\"https:\/\/www.kick-point.com\/wp-content\/uploads\/fussball-promotion2-150x150.jpg\",\"contentUrl\":\"https:\/\/www.kick-point.com\/wp-content\/uploads\/fussball-promotion2-150x150.jpg\"},{\"@type\":\"BreadcrumbList\",\"@id\":\"https:\/\/www.kick-point.com\/es\/porteria-electronica-e-interactiva-kick-point-2\/variedades-de-juego-con-kick-point\/#breadcrumb\",\"itemListElement\":[{\"@type\":\"ListItem\",\"position\":1,\"name\":\"PORTER\u00cdA ELECTR\u00d3NICA E INTERACTIVA KICK POINT\",\"item\":\"https:\/\/www.kick-point.com\/es\/porteria-electronica-e-interactiva-kick-point-2\/\"},{\"@type\":\"ListItem\",\"position\":2,\"name\":\"GRAN VARIEDAD DE JUEGOS\"}]},{\"@type\":\"WebSite\",\"@id\":\"https:\/\/www.kick-point.com\/de\/#website\",\"url\":\"https:\/\/www.kick-point.com\/de\/\",\"name\":\"Kick-Point\",\"description\":\"Events und Event-Module rund um das elektronische Fu\u00dfballtor\",\"potentialAction\":[{\"@type\":\"SearchAction\",\"target\":{\"@type\":\"EntryPoint\",\"urlTemplate\":\"https:\/\/www.kick-point.com\/de\/?s={search_term_string}\"},\"query-input\":\"required name=search_term_string\"}],\"inLanguage\":\"es\"}]}<\/script>\n<!-- \/ Yoast SEO plugin. -->","yoast_head_json":{"title":"GRAN VARIEDAD DE JUEGOS","robots":{"index":"index","follow":"follow","max-snippet":"max-snippet:-1","max-image-preview":"max-image-preview:large","max-video-preview":"max-video-preview:-1"},"canonical":"https:\/\/www.kick-point.com\/es\/porteria-electronica-e-interactiva-kick-point-2\/variedades-de-juego-con-kick-point\/","og_locale":"es_ES","og_type":"article","og_title":"GRAN VARIEDAD DE JUEGOS","og_description":"El software de Kick Point ofrece una innumerable variedad de juegos, desde el disparo a un objetivo hasta un concurso. Mit dem Laden des Videos akzeptieren Sie die Datenschutzerkl\u00e4rung von YouTube.Mehr erfahren Video laden YouTube immer entsperren El juego Kick Point no trata de velocidad en el tiro sino de punter\u00eda. El nivel de dificultad [&hellip;]","og_url":"https:\/\/www.kick-point.com\/es\/porteria-electronica-e-interactiva-kick-point-2\/variedades-de-juego-con-kick-point\/","og_site_name":"Kick-Point","article_modified_time":"2016-10-14T10:35:51+00:00","og_image":[{"url":"https:\/\/www.kick-point.com\/wp-content\/uploads\/fussball-promotion2-150x150.jpg"}],"twitter_misc":{"Tiempo de lectura":"1 minuto"},"schema":{"@context":"https:\/\/schema.org","@graph":[{"@type":"WebPage","@id":"https:\/\/www.kick-point.com\/es\/porteria-electronica-e-interactiva-kick-point-2\/variedades-de-juego-con-kick-point\/","url":"https:\/\/www.kick-point.com\/es\/porteria-electronica-e-interactiva-kick-point-2\/variedades-de-juego-con-kick-point\/","name":"GRAN VARIEDAD DE JUEGOS","isPartOf":{"@id":"https:\/\/www.kick-point.com\/de\/#website"},"primaryImageOfPage":{"@id":"https:\/\/www.kick-point.com\/es\/porteria-electronica-e-interactiva-kick-point-2\/variedades-de-juego-con-kick-point\/#primaryimage"},"image":{"@id":"https:\/\/www.kick-point.com\/es\/porteria-electronica-e-interactiva-kick-point-2\/variedades-de-juego-con-kick-point\/#primaryimage"},"thumbnailUrl":"https:\/\/www.kick-point.com\/wp-content\/uploads\/fussball-promotion2-150x150.jpg","datePublished":"2012-11-07T09:54:25+00:00","dateModified":"2016-10-14T10:35:51+00:00","breadcrumb":{"@id":"https:\/\/www.kick-point.com\/es\/porteria-electronica-e-interactiva-kick-point-2\/variedades-de-juego-con-kick-point\/#breadcrumb"},"inLanguage":"es","potentialAction":[{"@type":"ReadAction","target":["https:\/\/www.kick-point.com\/es\/porteria-electronica-e-interactiva-kick-point-2\/variedades-de-juego-con-kick-point\/"]}]},{"@type":"ImageObject","inLanguage":"es","@id":"https:\/\/www.kick-point.com\/es\/porteria-electronica-e-interactiva-kick-point-2\/variedades-de-juego-con-kick-point\/#primaryimage","url":"https:\/\/www.kick-point.com\/wp-content\/uploads\/fussball-promotion2-150x150.jpg","contentUrl":"https:\/\/www.kick-point.com\/wp-content\/uploads\/fussball-promotion2-150x150.jpg"},{"@type":"BreadcrumbList","@id":"https:\/\/www.kick-point.com\/es\/porteria-electronica-e-interactiva-kick-point-2\/variedades-de-juego-con-kick-point\/#breadcrumb","itemListElement":[{"@type":"ListItem","position":1,"name":"PORTER\u00cdA ELECTR\u00d3NICA E INTERACTIVA KICK POINT","item":"https:\/\/www.kick-point.com\/es\/porteria-electronica-e-interactiva-kick-point-2\/"},{"@type":"ListItem","position":2,"name":"GRAN VARIEDAD DE JUEGOS"}]},{"@type":"WebSite","@id":"https:\/\/www.kick-point.com\/de\/#website","url":"https:\/\/www.kick-point.com\/de\/","name":"Kick-Point","description":"Events und Event-Module rund um das elektronische Fu\u00dfballtor","potentialAction":[{"@type":"SearchAction","target":{"@type":"EntryPoint","urlTemplate":"https:\/\/www.kick-point.com\/de\/?s={search_term_string}"},"query-input":"required name=search_term_string"}],"inLanguage":"es"}]}},"_links":{"self":[{"href":"https:\/\/www.kick-point.com\/es\/wp-json\/wp\/v2\/pages\/3540","targetHints":{"allow":["GET"]}}],"collection":[{"href":"https:\/\/www.kick-point.com\/es\/wp-json\/wp\/v2\/pages"}],"about":[{"href":"https:\/\/www.kick-point.com\/es\/wp-json\/wp\/v2\/types\/page"}],"author":[{"embeddable":true,"href":"https:\/\/www.kick-point.com\/es\/wp-json\/wp\/v2\/users\/12"}],"replies":[{"embeddable":true,"href":"https:\/\/www.kick-point.com\/es\/wp-json\/wp\/v2\/comments?post=3540"}],"version-history":[{"count":5,"href":"https:\/\/www.kick-point.com\/es\/wp-json\/wp\/v2\/pages\/3540\/revisions"}],"predecessor-version":[{"id":67105,"href":"https:\/\/www.kick-point.com\/es\/wp-json\/wp\/v2\/pages\/3540\/revisions\/67105"}],"up":[{"embeddable":true,"href":"https:\/\/www.kick-point.com\/es\/wp-json\/wp\/v2\/pages\/8845"}],"wp:attachment":[{"href":"https:\/\/www.kick-point.com\/es\/wp-json\/wp\/v2\/media?parent=3540"}],"curies":[{"name":"wp","href":"https:\/\/api.w.org\/{rel}","templated":true}]}}