{"id":3538,"date":"2012-11-07T11:52:26","date_gmt":"2012-11-07T09:52:26","guid":{"rendered":"http:\/\/s174678280.online.de\/?page_id=3538"},"modified":"2016-10-14T12:18:57","modified_gmt":"2016-10-14T10:18:57","slug":"variedades-de-kick-point","status":"publish","type":"page","link":"https:\/\/www.kick-point.com\/es\/porteria-electronica-e-interactiva-kick-point-2\/variedades-de-kick-point\/","title":{"rendered":"TAMA\u00d1OS DE LAS PORTER\u00cdAS"},"content":{"rendered":"<h2 style=\"text-align: center;\">\u00a0\u00a0 La porter\u00eda interactiva Kick Point est\u00e1 disponible en 5 tama\u00f1os<\/h2>\n<p><img loading=\"lazy\" decoding=\"async\" class=\"alignright size-full wp-image-82622\" alt=\"AWD Promotion Tour\" src=\"https:\/\/www.kick-point.com\/wp-content\/uploads\/AWD-Promotion-Tour.jpg\" width=\"600\" height=\"400\" \/><\/p>\n<p><span style=\"color: #000000;\">Gracias a sus diferentes tama\u00f1os y formas de presentaci\u00f3n, la porter\u00eda de Kick Point se adapta a cualquier local y evento. Es la soluci\u00f3n para cualquier problema. Se presenta en 5 tama\u00f1os:<\/span><\/p>\n<ul>\n<li><a title=\"Porter\u00eda de 5\u00d72 metros\" href=\"https:\/\/www.kick-point.com\/es\/porteria-electronica-e-interactiva-kick-point-2\/variedades-de-kick-point\/porteria-de-5x2-metros\/\"><span style=\"color: #000000;\">5&#215;2 metros<\/span><\/a><\/li>\n<li><a title=\"Porter\u00eda de 4\u00d72 metros\" href=\"https:\/\/www.kick-point.com\/es\/porteria-electronica-e-interactiva-kick-point-2\/variedades-de-kick-point\/porteria-de-4x2-metros\/\"><span style=\"color: #000000;\">4&#215;2 metros<\/span><\/a><\/li>\n<li><a title=\"Porter\u00eda de 3\u00d72 metros\" href=\"https:\/\/www.kick-point.com\/es\/porteria-electronica-e-interactiva-kick-point-2\/variedades-de-kick-point\/porteria-de-3x2-metros\/\"><span style=\"color: #000000;\">3&#215;2 metros<\/span><\/a><\/li>\n<li><a title=\"Porter\u00eda de 1.8\u00d71.2 metros\" href=\"https:\/\/www.kick-point.com\/es\/porteria-electronica-e-interactiva-kick-point-2\/variedades-de-kick-point\/porteria-de-1-8x1-2-metros\/\"><span style=\"color: #000000;\">1.8&#215;1.2 metros<\/span><\/a><\/li>\n<li><a title=\"Porter\u00eda de 1.2\u00d70.8 metros\" href=\"https:\/\/www.kick-point.com\/es\/porteria-electronica-e-interactiva-kick-point-2\/variedades-de-kick-point\/porteria-de-1-2x0-8-metros\/\"><span style=\"color: #000000;\">1.2&#215;0.8 metros<\/span><\/a><\/li>\n<\/ul>\n<p>&nbsp;<\/p>\n<p>&nbsp;<\/p>\n<p>&nbsp;<\/p>\n<p>&nbsp;<\/p>\n<p>&nbsp;<\/p>\n<p>&nbsp;<br \/>\n<a href=\"https:\/\/www.kick-point.com\/wp-content\/uploads\/12x081.png\"><img loading=\"lazy\" decoding=\"async\" class=\"alignleft size-thumbnail wp-image-7438\" alt=\"12x08\" src=\"https:\/\/www.kick-point.com\/wp-content\/uploads\/\/12x081-150x150.png\" width=\"72\" height=\"72\" \/><\/a><a href=\"https:\/\/www.kick-point.com\/wp-content\/uploads\/18x121.png\"><img loading=\"lazy\" decoding=\"async\" class=\"alignleft size-thumbnail wp-image-7443\" alt=\"18x12\" src=\"https:\/\/www.kick-point.com\/wp-content\/uploads\/\/18x121-150x150.png\" width=\"72\" height=\"72\" \/><\/a><a href=\"https:\/\/www.kick-point.com\/wp-content\/uploads\/3x21.png\"><img loading=\"lazy\" decoding=\"async\" class=\"alignleft size-thumbnail wp-image-7423\" alt=\"3x2\" src=\"https:\/\/www.kick-point.com\/wp-content\/uploads\/\/3x21-150x150.png\" width=\"72\" height=\"72\" \/><\/a><a href=\"https:\/\/www.kick-point.com\/wp-content\/uploads\/4x2.png\"><img loading=\"lazy\" decoding=\"async\" class=\"alignleft size-thumbnail wp-image-7428\" alt=\"4x2\" src=\"https:\/\/www.kick-point.com\/wp-content\/uploads\/\/4x2-150x150.png\" width=\"72\" height=\"72\" \/><\/a><a href=\"https:\/\/www.kick-point.com\/wp-content\/uploads\/5x2.png\"><img loading=\"lazy\" decoding=\"async\" class=\"alignleft size-thumbnail wp-image-7433\" alt=\"5x2\" src=\"https:\/\/www.kick-point.com\/wp-content\/uploads\/\/5x2-150x150.png\" width=\"72\" height=\"72\" \/><\/a><\/p>\n","protected":false},"excerpt":{"rendered":"<p>\u00a0\u00a0 La porter\u00eda interactiva Kick Point est\u00e1 disponible en 5 tama\u00f1os Gracias a sus diferentes tama\u00f1os y formas de presentaci\u00f3n, la porter\u00eda de Kick Point se adapta a cualquier local y evento. Es la soluci\u00f3n para cualquier problema. Se presenta en 5 tama\u00f1os: 5&#215;2 metros 4&#215;2 metros 3&#215;2 metros 1.8&#215;1.2 metros 1.2&#215;0.8 metros &nbsp; &nbsp; [&hellip;]<\/p>\n","protected":false},"author":12,"featured_media":0,"parent":8845,"menu_order":2,"comment_status":"closed","ping_status":"closed","template":"","meta":{"footnotes":""},"class_list":["post-3538","page","type-page","status-publish","hentry"],"yoast_head":"<!-- This site is optimized with the Yoast SEO plugin v22.8 - https:\/\/yoast.com\/wordpress\/plugins\/seo\/ -->\n<title>TAMA\u00d1OS DE LAS PORTER\u00cdAS<\/title>\n<meta name=\"robots\" content=\"index, follow, max-snippet:-1, max-image-preview:large, max-video-preview:-1\" \/>\n<link rel=\"canonical\" href=\"https:\/\/www.kick-point.com\/es\/porteria-electronica-e-interactiva-kick-point-2\/variedades-de-kick-point\/\" \/>\n<meta property=\"og:locale\" content=\"es_ES\" \/>\n<meta property=\"og:type\" content=\"article\" \/>\n<meta property=\"og:title\" content=\"TAMA\u00d1OS DE LAS PORTER\u00cdAS\" \/>\n<meta property=\"og:description\" content=\"\u00a0\u00a0 La porter\u00eda interactiva Kick Point est\u00e1 disponible en 5 tama\u00f1os Gracias a sus diferentes tama\u00f1os y formas de presentaci\u00f3n, la porter\u00eda de Kick Point se adapta a cualquier local y evento. Es la soluci\u00f3n para cualquier problema. Se presenta en 5 tama\u00f1os: 5&#215;2 metros 4&#215;2 metros 3&#215;2 metros 1.8&#215;1.2 metros 1.2&#215;0.8 metros &nbsp; &nbsp; [&hellip;]\" \/>\n<meta property=\"og:url\" content=\"https:\/\/www.kick-point.com\/es\/porteria-electronica-e-interactiva-kick-point-2\/variedades-de-kick-point\/\" \/>\n<meta property=\"og:site_name\" content=\"Kick-Point\" \/>\n<meta property=\"article:modified_time\" content=\"2016-10-14T10:18:57+00:00\" \/>\n<meta property=\"og:image\" content=\"https:\/\/www.kick-point.com\/wp-content\/uploads\/AWD-Promotion-Tour.jpg\" \/>\n<script type=\"application\/ld+json\" class=\"yoast-schema-graph\">{\"@context\":\"https:\/\/schema.org\",\"@graph\":[{\"@type\":\"WebPage\",\"@id\":\"https:\/\/www.kick-point.com\/es\/porteria-electronica-e-interactiva-kick-point-2\/variedades-de-kick-point\/\",\"url\":\"https:\/\/www.kick-point.com\/es\/porteria-electronica-e-interactiva-kick-point-2\/variedades-de-kick-point\/\",\"name\":\"TAMA\u00d1OS DE LAS PORTER\u00cdAS\",\"isPartOf\":{\"@id\":\"https:\/\/www.kick-point.com\/de\/#website\"},\"primaryImageOfPage\":{\"@id\":\"https:\/\/www.kick-point.com\/es\/porteria-electronica-e-interactiva-kick-point-2\/variedades-de-kick-point\/#primaryimage\"},\"image\":{\"@id\":\"https:\/\/www.kick-point.com\/es\/porteria-electronica-e-interactiva-kick-point-2\/variedades-de-kick-point\/#primaryimage\"},\"thumbnailUrl\":\"https:\/\/www.kick-point.com\/wp-content\/uploads\/AWD-Promotion-Tour.jpg\",\"datePublished\":\"2012-11-07T09:52:26+00:00\",\"dateModified\":\"2016-10-14T10:18:57+00:00\",\"breadcrumb\":{\"@id\":\"https:\/\/www.kick-point.com\/es\/porteria-electronica-e-interactiva-kick-point-2\/variedades-de-kick-point\/#breadcrumb\"},\"inLanguage\":\"es\",\"potentialAction\":[{\"@type\":\"ReadAction\",\"target\":[\"https:\/\/www.kick-point.com\/es\/porteria-electronica-e-interactiva-kick-point-2\/variedades-de-kick-point\/\"]}]},{\"@type\":\"ImageObject\",\"inLanguage\":\"es\",\"@id\":\"https:\/\/www.kick-point.com\/es\/porteria-electronica-e-interactiva-kick-point-2\/variedades-de-kick-point\/#primaryimage\",\"url\":\"https:\/\/www.kick-point.com\/wp-content\/uploads\/AWD-Promotion-Tour.jpg\",\"contentUrl\":\"https:\/\/www.kick-point.com\/wp-content\/uploads\/AWD-Promotion-Tour.jpg\"},{\"@type\":\"BreadcrumbList\",\"@id\":\"https:\/\/www.kick-point.com\/es\/porteria-electronica-e-interactiva-kick-point-2\/variedades-de-kick-point\/#breadcrumb\",\"itemListElement\":[{\"@type\":\"ListItem\",\"position\":1,\"name\":\"PORTER\u00cdA ELECTR\u00d3NICA E INTERACTIVA KICK POINT\",\"item\":\"https:\/\/www.kick-point.com\/es\/porteria-electronica-e-interactiva-kick-point-2\/\"},{\"@type\":\"ListItem\",\"position\":2,\"name\":\"TAMA\u00d1OS DE LAS PORTER\u00cdAS\"}]},{\"@type\":\"WebSite\",\"@id\":\"https:\/\/www.kick-point.com\/de\/#website\",\"url\":\"https:\/\/www.kick-point.com\/de\/\",\"name\":\"Kick-Point\",\"description\":\"Events und Event-Module rund um das elektronische Fu\u00dfballtor\",\"potentialAction\":[{\"@type\":\"SearchAction\",\"target\":{\"@type\":\"EntryPoint\",\"urlTemplate\":\"https:\/\/www.kick-point.com\/de\/?s={search_term_string}\"},\"query-input\":\"required name=search_term_string\"}],\"inLanguage\":\"es\"}]}<\/script>\n<!-- \/ Yoast SEO plugin. -->","yoast_head_json":{"title":"TAMA\u00d1OS DE LAS PORTER\u00cdAS","robots":{"index":"index","follow":"follow","max-snippet":"max-snippet:-1","max-image-preview":"max-image-preview:large","max-video-preview":"max-video-preview:-1"},"canonical":"https:\/\/www.kick-point.com\/es\/porteria-electronica-e-interactiva-kick-point-2\/variedades-de-kick-point\/","og_locale":"es_ES","og_type":"article","og_title":"TAMA\u00d1OS DE LAS PORTER\u00cdAS","og_description":"\u00a0\u00a0 La porter\u00eda interactiva Kick Point est\u00e1 disponible en 5 tama\u00f1os Gracias a sus diferentes tama\u00f1os y formas de presentaci\u00f3n, la porter\u00eda de Kick Point se adapta a cualquier local y evento. Es la soluci\u00f3n para cualquier problema. Se presenta en 5 tama\u00f1os: 5&#215;2 metros 4&#215;2 metros 3&#215;2 metros 1.8&#215;1.2 metros 1.2&#215;0.8 metros &nbsp; &nbsp; [&hellip;]","og_url":"https:\/\/www.kick-point.com\/es\/porteria-electronica-e-interactiva-kick-point-2\/variedades-de-kick-point\/","og_site_name":"Kick-Point","article_modified_time":"2016-10-14T10:18:57+00:00","og_image":[{"url":"https:\/\/www.kick-point.com\/wp-content\/uploads\/AWD-Promotion-Tour.jpg"}],"schema":{"@context":"https:\/\/schema.org","@graph":[{"@type":"WebPage","@id":"https:\/\/www.kick-point.com\/es\/porteria-electronica-e-interactiva-kick-point-2\/variedades-de-kick-point\/","url":"https:\/\/www.kick-point.com\/es\/porteria-electronica-e-interactiva-kick-point-2\/variedades-de-kick-point\/","name":"TAMA\u00d1OS DE LAS PORTER\u00cdAS","isPartOf":{"@id":"https:\/\/www.kick-point.com\/de\/#website"},"primaryImageOfPage":{"@id":"https:\/\/www.kick-point.com\/es\/porteria-electronica-e-interactiva-kick-point-2\/variedades-de-kick-point\/#primaryimage"},"image":{"@id":"https:\/\/www.kick-point.com\/es\/porteria-electronica-e-interactiva-kick-point-2\/variedades-de-kick-point\/#primaryimage"},"thumbnailUrl":"https:\/\/www.kick-point.com\/wp-content\/uploads\/AWD-Promotion-Tour.jpg","datePublished":"2012-11-07T09:52:26+00:00","dateModified":"2016-10-14T10:18:57+00:00","breadcrumb":{"@id":"https:\/\/www.kick-point.com\/es\/porteria-electronica-e-interactiva-kick-point-2\/variedades-de-kick-point\/#breadcrumb"},"inLanguage":"es","potentialAction":[{"@type":"ReadAction","target":["https:\/\/www.kick-point.com\/es\/porteria-electronica-e-interactiva-kick-point-2\/variedades-de-kick-point\/"]}]},{"@type":"ImageObject","inLanguage":"es","@id":"https:\/\/www.kick-point.com\/es\/porteria-electronica-e-interactiva-kick-point-2\/variedades-de-kick-point\/#primaryimage","url":"https:\/\/www.kick-point.com\/wp-content\/uploads\/AWD-Promotion-Tour.jpg","contentUrl":"https:\/\/www.kick-point.com\/wp-content\/uploads\/AWD-Promotion-Tour.jpg"},{"@type":"BreadcrumbList","@id":"https:\/\/www.kick-point.com\/es\/porteria-electronica-e-interactiva-kick-point-2\/variedades-de-kick-point\/#breadcrumb","itemListElement":[{"@type":"ListItem","position":1,"name":"PORTER\u00cdA ELECTR\u00d3NICA E INTERACTIVA KICK POINT","item":"https:\/\/www.kick-point.com\/es\/porteria-electronica-e-interactiva-kick-point-2\/"},{"@type":"ListItem","position":2,"name":"TAMA\u00d1OS DE LAS PORTER\u00cdAS"}]},{"@type":"WebSite","@id":"https:\/\/www.kick-point.com\/de\/#website","url":"https:\/\/www.kick-point.com\/de\/","name":"Kick-Point","description":"Events und Event-Module rund um das elektronische Fu\u00dfballtor","potentialAction":[{"@type":"SearchAction","target":{"@type":"EntryPoint","urlTemplate":"https:\/\/www.kick-point.com\/de\/?s={search_term_string}"},"query-input":"required name=search_term_string"}],"inLanguage":"es"}]}},"_links":{"self":[{"href":"https:\/\/www.kick-point.com\/es\/wp-json\/wp\/v2\/pages\/3538","targetHints":{"allow":["GET"]}}],"collection":[{"href":"https:\/\/www.kick-point.com\/es\/wp-json\/wp\/v2\/pages"}],"about":[{"href":"https:\/\/www.kick-point.com\/es\/wp-json\/wp\/v2\/types\/page"}],"author":[{"embeddable":true,"href":"https:\/\/www.kick-point.com\/es\/wp-json\/wp\/v2\/users\/12"}],"replies":[{"embeddable":true,"href":"https:\/\/www.kick-point.com\/es\/wp-json\/wp\/v2\/comments?post=3538"}],"version-history":[{"count":6,"href":"https:\/\/www.kick-point.com\/es\/wp-json\/wp\/v2\/pages\/3538\/revisions"}],"predecessor-version":[{"id":67092,"href":"https:\/\/www.kick-point.com\/es\/wp-json\/wp\/v2\/pages\/3538\/revisions\/67092"}],"up":[{"embeddable":true,"href":"https:\/\/www.kick-point.com\/es\/wp-json\/wp\/v2\/pages\/8845"}],"wp:attachment":[{"href":"https:\/\/www.kick-point.com\/es\/wp-json\/wp\/v2\/media?parent=3538"}],"curies":[{"name":"wp","href":"https:\/\/api.w.org\/{rel}","templated":true}]}}