{"id":3534,"date":"2012-11-07T11:45:12","date_gmt":"2012-11-07T09:45:12","guid":{"rendered":"http:\/\/s174678280.online.de\/?page_id=3534"},"modified":"2022-11-02T10:32:50","modified_gmt":"2022-11-02T09:32:50","slug":"alquile-la-porteria-de-futbol","status":"publish","type":"page","link":"https:\/\/www.kick-point.com\/es\/","title":{"rendered":"P\u00e1gina inicial"},"content":{"rendered":"<div class=\"avia-video av-kt47ho0u-2fe7ee74e667efe4660de0f0831cad2d avia-video-16-9 av-no-preview-image avia-video-load-always avia-video-html5\" style=\"\" itemprop=\"video\" itemtype=\"https:\/\/schema.org\/VideoObject\" data-original_url=\"https:\/\/www.kick-point.com\/wp-content\/uploads\/KP_Promo_converted.mp4\"><video class='avia_video'    preload=\"auto\"  controls id='player_3534_1177934362_77556863'><source src='https:\/\/www.kick-point.com\/wp-content\/uploads\/KP_Promo_converted.mp4' type='video\/mp4' \/><\/video><\/div>\n\n<style type=\"text\/css\" data-created_by=\"avia_inline_auto\" id=\"style-css-av-7xoi0-fc4328311b93570a054f257e8a18f80a\">\n.flex_column.av-7xoi0-fc4328311b93570a054f257e8a18f80a{\nborder-radius:0px 0px 0px 0px;\npadding:0px 0px 0px 0px;\n}\n<\/style>\n<div  class='flex_column av-7xoi0-fc4328311b93570a054f257e8a18f80a av_one_third  avia-builder-el-1  el_after_av_video  el_before_av_one_third  first flex_column_div av-zero-column-padding  '     ><section  class='av_textblock_section av-jrgd2psx-4a26c11994822e5c80326200872d1a1f '   itemscope=\"itemscope\" itemtype=\"https:\/\/schema.org\/CreativeWork\" ><div class='avia_textblock'  itemprop=\"text\" ><p>Kick-Point GmbH (Inc.) es una agencia promotora de eventos cuya central est\u00e1 en Alemania y que se ha centrado al 100% en el popular juego del f\u00fatbol desde 2002. El equipo de Kick Point proporciona todo sobre el f\u00fatbol, desde un completo evento futbol\u00edstico a trav\u00e9s de la realizaci\u00f3n de una serie de giras, hasta alquileres de todo tipo de m\u00f3dulos familiares.<\/p>\n<\/div><\/section><\/div>\n\n<style type=\"text\/css\" data-created_by=\"avia_inline_auto\" id=\"style-css-av-7go5k-3292e816e228b37ebde44d75d1ed4bdd\">\n.flex_column.av-7go5k-3292e816e228b37ebde44d75d1ed4bdd{\nborder-radius:0px 0px 0px 0px;\npadding:0px 0px 0px 0px;\n}\n<\/style>\n<div  class='flex_column av-7go5k-3292e816e228b37ebde44d75d1ed4bdd av_one_third  avia-builder-el-3  el_after_av_one_third  el_before_av_one_third  flex_column_div av-zero-column-padding  '     ><section  class='av_textblock_section av-jrgd2psx-4a26c11994822e5c80326200872d1a1f '   itemscope=\"itemscope\" itemtype=\"https:\/\/schema.org\/CreativeWork\" ><div class='avia_textblock'  itemprop=\"text\" ><p>Kick-Point GmbH (Inc.) est\u00e1 presente en m\u00e1s de 25 pa\u00edses y ha tenido una media de exportaciones del 50% de las ventas anuales. La raz\u00f3n de este \u00e9xito ha sido el desarrollo de la porter\u00eda de f\u00fatbol electr\u00f3nica e interactiva. Este producto est\u00e1 patentado desde 2005.<\/p>\n<\/div><\/section><\/div>\n\n<style type=\"text\/css\" data-created_by=\"avia_inline_auto\" id=\"style-css-av-px5uf3-62b27effb396c3ef81fc764963c808bd\">\n.flex_column.av-px5uf3-62b27effb396c3ef81fc764963c808bd{\nborder-radius:0px 0px 0px 0px;\npadding:0px 0px 0px 0px;\n}\n<\/style>\n<div  class='flex_column av-px5uf3-62b27effb396c3ef81fc764963c808bd av_one_third  avia-builder-el-5  el_after_av_one_third  el_before_av_masonry_gallery  avia-builder-el-last  flex_column_div av-zero-column-padding  '     ><p>\n<style type=\"text\/css\" data-created_by=\"avia_inline_auto\" id=\"style-css-av-av_heading-8122a3f2ce56fa933e36515c475bc828\">\n#top .av-special-heading.av-av_heading-8122a3f2ce56fa933e36515c475bc828{\npadding-bottom:10px;\n}\nbody .av-special-heading.av-av_heading-8122a3f2ce56fa933e36515c475bc828 .av-special-heading-tag .heading-char{\nfont-size:25px;\n}\n.av-special-heading.av-av_heading-8122a3f2ce56fa933e36515c475bc828 .av-subheading{\nfont-size:15px;\n}\n<\/style>\n<div  class='av-special-heading av-av_heading-8122a3f2ce56fa933e36515c475bc828 av-special-heading-h3  avia-builder-el-6  el_before_av_iconlist  avia-builder-el-first '><h3 class='av-special-heading-tag'  itemprop=\"headline\"  >Estamos para usted:<\/h3><div class=\"special-heading-border\"><div class=\"special-heading-inner-border\"><\/div><\/div><\/div><br \/>\n\n<style type=\"text\/css\" data-created_by=\"avia_inline_auto\" id=\"style-css-av-jqqg0k3p-235614784115cfd242d6631396bcda91\">\n#top .avia-icon-list-container.av-jqqg0k3p-235614784115cfd242d6631396bcda91 .iconlist_icon{\nbackground-color:#83a846;\n}\n#top #wrap_all .avia-icon-list-container.av-jqqg0k3p-235614784115cfd242d6631396bcda91 .av_iconlist_title{\nfont-size:18px;\n}\n<\/style>\n<div  class='avia-icon-list-container av-jqqg0k3p-235614784115cfd242d6631396bcda91  avia-builder-el-7  el_after_av_heading  avia-builder-el-last '><ul class='avia-icon-list avia_animate_when_almost_visible avia-icon-list-right av-iconlist-big av-jqqg0k3p-235614784115cfd242d6631396bcda91 avia-iconlist-animate'>\n<li><a href='tel:+499123456789' title='V\u00eda tel\u00e9fono' target=\"_blank\" rel=\"noopener noreferrer\" class='iconlist_icon av-av_iconlist_item-d7b228f4b36d763ddaf0222593b9e612 avia-font-entypo-fontello'><span class='iconlist-char' aria-hidden='true' data-av_icon='\ue854' data-av_iconfont='entypo-fontello'><\/span><\/a><article class=\"article-icon-entry \"  itemscope=\"itemscope\" itemtype=\"https:\/\/schema.org\/CreativeWork\" ><div class=\"iconlist_content_wrap\"><header class=\"entry-content-header\"><h4 class='av_iconlist_title iconlist_title  '  itemprop=\"headline\" ><a href='tel:+499123456789' title='V\u00eda tel\u00e9fono' target=\"_blank\" rel=\"noopener noreferrer\">V\u00eda tel\u00e9fono<\/a><\/h4><\/header><div class='iconlist_content '  itemprop=\"text\" ><p><a href=\"tel:+4959738270010\">+49 (0) 5973 \/ 827 0010<\/a><\/p>\n<\/div><\/div><footer class=\"entry-footer\"><\/footer><\/article><div class=\"iconlist-timeline\"><\/div><\/li>\n<li><a href='mailto:info@kick-point.de?subject=Anfrage%3A%20Fu\u00dfballmodule&amp;body=Sehr%20geehrte%20Damen%20und%20Herren%2C%0A%0Abitten%20senden%20Sie%20mir%20ein%20unverbindliches%20Angebot%20f%C3%BCr%20folgende%20Module:%0AVeranstaltungsdatum%3A%0AVeranstaltungsort%3A' title='v\u00eda correo electr\u00f3nico'  class='iconlist_icon av-av_iconlist_item-3d340a67bf23ee3050009829e2286485 avia-font-entypo-fontello'><span class='iconlist-char' aria-hidden='true' data-av_icon='\ue805' data-av_iconfont='entypo-fontello'><\/span><\/a><article class=\"article-icon-entry \"  itemscope=\"itemscope\" itemtype=\"https:\/\/schema.org\/CreativeWork\" ><div class=\"iconlist_content_wrap\"><header class=\"entry-content-header\"><h4 class='av_iconlist_title iconlist_title  '  itemprop=\"headline\" ><a href='mailto:info@kick-point.de?subject=Anfrage%3A%20Fu\u00dfballmodule&amp;body=Sehr%20geehrte%20Damen%20und%20Herren%2C%0A%0Abitten%20senden%20Sie%20mir%20ein%20unverbindliches%20Angebot%20f%C3%BCr%20folgende%20Module:%0AVeranstaltungsdatum%3A%0AVeranstaltungsort%3A' title='v\u00eda correo electr\u00f3nico'>v\u00eda correo electr\u00f3nico<\/a><\/h4><\/header><div class='iconlist_content '  itemprop=\"text\" ><p><span class=\"tlid-translation translation\"><span class=\"\" title=\"\">o env\u00edenos un correo electr\u00f3nico a<\/span><\/span>: <a href=\"http:\/\/info@kick-point.de?subject=Anfrage%3A%20Fu\u00dfballmodule&amp;body=Sehr%20geehrte%20Damen%20und%20Herren%2C%0A%0Abitten%20senden%20Sie%20mir%20ein%20unverbindliches%20Angebot%20f%C3%BCr%20folgende%20Module:%0AVeranstaltungsdatum%3A%0AVeranstaltungsort%3A\">info@kick-point.de<\/a><\/p>\n<\/div><\/div><footer class=\"entry-footer\"><\/footer><\/article><div class=\"iconlist-timeline\"><\/div><\/li>\n<\/ul><\/div><\/p><\/div>\n<div id='av-masonry-1' class='av-masonry av-jr9a3ekr-04330045166ed2aae72848a6fc38064b noHover av-fixed-size av-large-gap av-hover-overlay-active av-masonry-animation-active av-masonry-col-4 av-caption-on-hover av-caption-style- av-masonry-gallery ' data-post_id=\"3534\"><div class=\"av-masonry-container isotope av-js-disabled\"><div class='av-masonry-entry isotope-item av-masonry-item-no-image '><\/div><div id='av-masonry-1-item-73244' data-av-masonry-item='73244' class='av-masonry-entry isotope-item post-73244 attachment type-attachment status-inherit hentry  av-masonry-item-with-image'    itemprop=\"thumbnailUrl\" ><div class='av-inner-masonry-sizer'><\/div><figure class='av-inner-masonry main_color'><div class=\"av-masonry-outerimage-container\"><div class='av-masonry-image-container' style=\"background-image: url(https:\/\/www.kick-point.com\/wp-content\/uploads\/interaktives-Fu\u00dfballtor023-705x529.jpg);\"  title=\"Sch\u00f6nerWohnen Polarweiss\"   alt=\"kunstrasen mieten\" ><\/div><\/div><figcaption class='av-inner-masonry-content site-background'><div class='av-inner-masonry-content-pos'><div class='av-inner-masonry-content-pos-content'><div class='avia-arrow'><\/div><h3 class='av-masonry-entry-title entry-title '  itemprop=\"headline\" >Sch\u00f6nerWohnen Polarweiss<\/h3><div class='av-masonry-entry-content entry-content'  itemprop=\"text\" >Objetivo do futebol eletr\u00f4nico - mede a coloca\u00e7\u00e3o e a velocidade do tiro. A tela do jogo livremente configur\u00e1vel oferece oportunidades para uso da feira at\u00e9 o torneio de futebol.<\/div><\/div><\/div><\/figcaption><\/figure><\/div><!--end av-masonry entry--><div id='av-masonry-1-item-73696' data-av-masonry-item='73696' class='av-masonry-entry isotope-item post-73696 attachment type-attachment status-inherit hentry  av-masonry-item-with-image'    itemprop=\"thumbnailUrl\" ><div class='av-inner-masonry-sizer'><\/div><figure class='av-inner-masonry main_color'><div class=\"av-masonry-outerimage-container\"><div class='av-masonry-image-container' style=\"background-image: url(https:\/\/www.kick-point.com\/wp-content\/uploads\/Speed-Kick-mit-Traverse-3-705x397.jpg);\"  title=\"telecolumbus\"  ><\/div><\/div><figcaption class='av-inner-masonry-content site-background'><div class='av-inner-masonry-content-pos'><div class='av-inner-masonry-content-pos-content'><div class='avia-arrow'><\/div><h3 class='av-masonry-entry-title entry-title '  itemprop=\"headline\" >telecolumbus<\/h3><div class='av-masonry-entry-content entry-content'  itemprop=\"text\" >Speed-Kick - mede a velocidade de disparo<\/div><\/div><\/div><\/figcaption><\/figure><\/div><!--end av-masonry entry--><div id='av-masonry-1-item-75478' data-av-masonry-item='75478' class='av-masonry-entry isotope-item post-75478 attachment type-attachment status-inherit hentry  av-masonry-item-with-image'    itemprop=\"thumbnailUrl\" ><div class='av-inner-masonry-sizer'><\/div><figure class='av-inner-masonry main_color'><div class=\"av-masonry-outerimage-container\"><div class='av-masonry-image-container' style=\"background-image: url(https:\/\/www.kick-point.com\/wp-content\/uploads\/Werbebanden-mieten006-705x529.jpg);\"  title=\"Dribble-Parcours\"   alt=\"dadf\u00f6ajsdl\u00f6fkjasl\u00f6dfkj\" ><\/div><\/div><figcaption class='av-inner-masonry-content site-background'><div class='av-inner-masonry-content-pos'><div class='av-inner-masonry-content-pos-content'><div class='avia-arrow'><\/div><h3 class='av-masonry-entry-title entry-title '  itemprop=\"headline\" >Dribble-Parcours<\/h3><div class='av-masonry-entry-content entry-content'  itemprop=\"text\" >Dribble Parcours<\/div><\/div><\/div><\/figcaption><\/figure><\/div><!--end av-masonry entry--><div id='av-masonry-1-item-73805' data-av-masonry-item='73805' class='av-masonry-entry isotope-item post-73805 attachment type-attachment status-inherit hentry  av-masonry-item-with-image'    itemprop=\"thumbnailUrl\" ><div class='av-inner-masonry-sizer'><\/div><figure class='av-inner-masonry main_color'><div class=\"av-masonry-outerimage-container\"><div class='av-masonry-image-container' style=\"background-image: url(https:\/\/www.kick-point.com\/wp-content\/uploads\/speed-kick-photo-5-705x397.jpg);\"  title=\"Opci\u00f3n de foto\"  ><\/div><\/div><figcaption class='av-inner-masonry-content site-background'><div class='av-inner-masonry-content-pos'><div class='av-inner-masonry-content-pos-content'><div class='avia-arrow'><\/div><h3 class='av-masonry-entry-title entry-title '  itemprop=\"headline\" >Opci\u00f3n de foto<\/h3><div class='av-masonry-entry-content entry-content'  itemprop=\"text\" >Op\u00e7\u00e3o de foto<\/div><\/div><\/div><\/figcaption><\/figure><\/div><!--end av-masonry entry--><\/div><\/div>\n\n<style type=\"text\/css\" data-created_by=\"avia_inline_auto\" id=\"style-css-av-5uw7s-f7fdc473427e823aaa90e1d36cb34aa6\">\n.flex_column.av-5uw7s-f7fdc473427e823aaa90e1d36cb34aa6{\nborder-radius:0px 0px 0px 0px;\npadding:0px 0px 0px 0px;\n}\n<\/style>\n<div  class='flex_column av-5uw7s-f7fdc473427e823aaa90e1d36cb34aa6 av_one_full  avia-builder-el-9  el_after_av_masonry_gallery  el_before_av_one_half  avia-builder-el-first  first flex_column_div av-zero-column-padding  '     ><p><div  class='hr av-5bz1k-5a3bd9705b379e2351221f5f8e393067 hr-default  avia-builder-el-10  el_before_av_headline_rotator  avia-builder-el-first '><span class='hr-inner '><span class=\"hr-inner-style\"><\/span><\/span><\/div><br \/>\n\n<style type=\"text\/css\" data-created_by=\"avia_inline_auto\" id=\"style-css-av-jrgd5wr7-4650c3cb5c321b95240a879e0a673fda\">\n#top .av-rotator-container.av-jrgd5wr7-4650c3cb5c321b95240a879e0a673fda{\ntext-align:center;\ncolor:#83a846;\n}\n#top #wrap_all .av-rotator-container.av-jrgd5wr7-4650c3cb5c321b95240a879e0a673fda .av-rotator-container-inner{\nfont-size:3vw;\n}\n<\/style>\n<div  class='av-rotator-container av-rotation-container-center av-jrgd5wr7-4650c3cb5c321b95240a879e0a673fda  avia-builder-el-11  el_after_av_hr  el_before_av_hr  av-fixed-rotator-width' data-interval='5' data-animation='1' data-fixWidth='1'><h3 class='av-rotator-container-inner'>Inspirar<span class='av-rotator-text av-rotator-multiline-on'>\n<span class='av-rotator-text-single av-av_rotator_item-3cbfe952be7209ac473226929e4c997a av-rotator-text-single-1' >tus visitantes<\/span>\n<span class='av-rotator-text-single av-av_rotator_item-5d8d09fca6b186c8ddd4a7bfbd7e047f av-rotator-text-single-2' >sus clientes<\/span>\n<span class='av-rotator-text-single av-av_rotator_item-3a0f3229b1225b9cff1a2d3fc57e71ab av-rotator-text-single-3' >sus socios comerciales<\/span>\n<span class='av-rotator-text-single av-av_rotator_item-7c68e87977f312e0f3dde813e9cc2f29 av-rotator-text-single-4' >sus fans<\/span>\n<\/span><\/h3><\/div><br \/>\n<div  class='hr av-2gi1k-19cf8686d71bc5884c30b1ab9d61c1b9 hr-default  avia-builder-el-12  el_after_av_headline_rotator  avia-builder-el-last '><span class='hr-inner '><span class=\"hr-inner-style\"><\/span><\/span><\/div><\/p><\/div>\n\n<style type=\"text\/css\" data-created_by=\"avia_inline_auto\" id=\"style-css-av-1ux44-59d8c3b134772ec149f05d98d81f72d8\">\n.flex_column.av-1ux44-59d8c3b134772ec149f05d98d81f72d8{\nborder-radius:0px 0px 0px 0px;\npadding:0px 0px 0px 0px;\n}\n<\/style>\n<div  class='flex_column av-1ux44-59d8c3b134772ec149f05d98d81f72d8 av_one_half  avia-builder-el-13  el_after_av_one_full  el_before_av_one_half  first flex_column_div av-zero-column-padding  column-top-margin'     ><section  class='av_textblock_section av-jrgd2psx-4a26c11994822e5c80326200872d1a1f '   itemscope=\"itemscope\" itemtype=\"https:\/\/schema.org\/CreativeWork\" ><div class='avia_textblock'  itemprop=\"text\" ><p>La agencia Kick-Point GmbH (Inc.) colabora actualmente con redes internacionales interactivas de proveedores de f\u00fatbol como una sede mundialmente extensa de proveedores de eventos futbol\u00edsticos y como productor y creador de la porter\u00eda de f\u00fatbol interactiva y electr\u00f3nica Kick Point.<\/p>\n<\/div><\/section><\/div>\n\n<style type=\"text\/css\" data-created_by=\"avia_inline_auto\" id=\"style-css-av-1ofpc-c7e735d3819221f0c111b243a20106d0\">\n.flex_column.av-1ofpc-c7e735d3819221f0c111b243a20106d0{\nborder-radius:0px 0px 0px 0px;\npadding:0px 0px 0px 0px;\n}\n<\/style>\n<div  class='flex_column av-1ofpc-c7e735d3819221f0c111b243a20106d0 av_one_half  avia-builder-el-15  el_after_av_one_half  el_before_av_hr  flex_column_div av-zero-column-padding  column-top-margin'     ><section  class='av_textblock_section av-jrgd2psx-4a26c11994822e5c80326200872d1a1f '   itemscope=\"itemscope\" itemtype=\"https:\/\/schema.org\/CreativeWork\" ><div class='avia_textblock'  itemprop=\"text\" ><p>Actualmente la empresa Kick-Point GmbH (Inc.) desea ampliar sus redes de distribuci\u00f3n para poder atender a la creciente demanda de su porter\u00eda de f\u00fatbol Kick-Point.<\/p>\n<\/div><\/section><\/div>\n<div  class='hr av-rjg0-13e8d544617d68ef527965924f4e23d1 hr-default  avia-builder-el-17  el_after_av_one_half  avia-builder-el-last '><span class='hr-inner '><span class=\"hr-inner-style\"><\/span><\/span><\/div>\n","protected":false},"excerpt":{"rendered":"","protected":false},"author":12,"featured_media":0,"parent":0,"menu_order":0,"comment_status":"closed","ping_status":"closed","template":"","meta":{"footnotes":""},"class_list":["post-3534","page","type-page","status-publish","hentry"],"yoast_head":"<!-- This site is optimized with the Yoast SEO plugin v22.8 - https:\/\/yoast.com\/wordpress\/plugins\/seo\/ -->\n<title>Kick-Point - Fu\u00dfball Eventmodule, die Sie und Ihre G\u00e4ste begeistern<\/title>\n<meta name=\"description\" content=\"Kick-Point: Fu\u00dfball Eventmodule von den Profis rund ums Thema Fu\u00dfball. Passende L\u00f6sungen f\u00fcr Messen, Firmenfeiern und Promotions!\" \/>\n<meta name=\"robots\" content=\"index, follow, max-snippet:-1, max-image-preview:large, max-video-preview:-1\" \/>\n<link rel=\"canonical\" href=\"https:\/\/www.kick-point.com\/es\/\" \/>\n<meta property=\"og:locale\" content=\"es_ES\" \/>\n<meta property=\"og:type\" content=\"article\" \/>\n<meta property=\"og:title\" content=\"Kick-Point - Fu\u00dfball Eventmodule, die Sie und Ihre G\u00e4ste begeistern\" \/>\n<meta property=\"og:description\" content=\"Kick-Point: Fu\u00dfball Eventmodule von den Profis rund ums Thema Fu\u00dfball. Passende L\u00f6sungen f\u00fcr Messen, Firmenfeiern und Promotions!\" \/>\n<meta property=\"og:url\" content=\"https:\/\/www.kick-point.com\/es\/\" \/>\n<meta property=\"og:site_name\" content=\"Kick-Point\" \/>\n<meta property=\"article:modified_time\" content=\"2022-11-02T09:32:50+00:00\" \/>\n<meta name=\"twitter:label1\" content=\"Tiempo de lectura\" \/>\n\t<meta name=\"twitter:data1\" content=\"3 minutos\" \/>\n<script type=\"application\/ld+json\" class=\"yoast-schema-graph\">{\"@context\":\"https:\/\/schema.org\",\"@graph\":[{\"@type\":\"WebPage\",\"@id\":\"https:\/\/www.kick-point.com\/es\/\",\"url\":\"https:\/\/www.kick-point.com\/es\/\",\"name\":\"Kick-Point - Fu\u00dfball Eventmodule, die Sie und Ihre G\u00e4ste begeistern\",\"isPartOf\":{\"@id\":\"https:\/\/www.kick-point.com\/de\/#website\"},\"datePublished\":\"2012-11-07T09:45:12+00:00\",\"dateModified\":\"2022-11-02T09:32:50+00:00\",\"description\":\"Kick-Point: Fu\u00dfball Eventmodule von den Profis rund ums Thema Fu\u00dfball. Passende L\u00f6sungen f\u00fcr Messen, Firmenfeiern und Promotions!\",\"inLanguage\":\"es\",\"potentialAction\":[{\"@type\":\"ReadAction\",\"target\":[\"https:\/\/www.kick-point.com\/es\/\"]}]},{\"@type\":\"WebSite\",\"@id\":\"https:\/\/www.kick-point.com\/de\/#website\",\"url\":\"https:\/\/www.kick-point.com\/de\/\",\"name\":\"Kick-Point\",\"description\":\"Events und Event-Module rund um das elektronische Fu\u00dfballtor\",\"potentialAction\":[{\"@type\":\"SearchAction\",\"target\":{\"@type\":\"EntryPoint\",\"urlTemplate\":\"https:\/\/www.kick-point.com\/de\/?s={search_term_string}\"},\"query-input\":\"required name=search_term_string\"}],\"inLanguage\":\"es\"}]}<\/script>\n<!-- \/ Yoast SEO plugin. -->","yoast_head_json":{"title":"Kick-Point - Fu\u00dfball Eventmodule, die Sie und Ihre G\u00e4ste begeistern","description":"Kick-Point: Fu\u00dfball Eventmodule von den Profis rund ums Thema Fu\u00dfball. Passende L\u00f6sungen f\u00fcr Messen, Firmenfeiern und Promotions!","robots":{"index":"index","follow":"follow","max-snippet":"max-snippet:-1","max-image-preview":"max-image-preview:large","max-video-preview":"max-video-preview:-1"},"canonical":"https:\/\/www.kick-point.com\/es\/","og_locale":"es_ES","og_type":"article","og_title":"Kick-Point - Fu\u00dfball Eventmodule, die Sie und Ihre G\u00e4ste begeistern","og_description":"Kick-Point: Fu\u00dfball Eventmodule von den Profis rund ums Thema Fu\u00dfball. Passende L\u00f6sungen f\u00fcr Messen, Firmenfeiern und Promotions!","og_url":"https:\/\/www.kick-point.com\/es\/","og_site_name":"Kick-Point","article_modified_time":"2022-11-02T09:32:50+00:00","twitter_misc":{"Tiempo de lectura":"3 minutos"},"schema":{"@context":"https:\/\/schema.org","@graph":[{"@type":"WebPage","@id":"https:\/\/www.kick-point.com\/es\/","url":"https:\/\/www.kick-point.com\/es\/","name":"Kick-Point - Fu\u00dfball Eventmodule, die Sie und Ihre G\u00e4ste begeistern","isPartOf":{"@id":"https:\/\/www.kick-point.com\/de\/#website"},"datePublished":"2012-11-07T09:45:12+00:00","dateModified":"2022-11-02T09:32:50+00:00","description":"Kick-Point: Fu\u00dfball Eventmodule von den Profis rund ums Thema Fu\u00dfball. Passende L\u00f6sungen f\u00fcr Messen, Firmenfeiern und Promotions!","inLanguage":"es","potentialAction":[{"@type":"ReadAction","target":["https:\/\/www.kick-point.com\/es\/"]}]},{"@type":"WebSite","@id":"https:\/\/www.kick-point.com\/de\/#website","url":"https:\/\/www.kick-point.com\/de\/","name":"Kick-Point","description":"Events und Event-Module rund um das elektronische Fu\u00dfballtor","potentialAction":[{"@type":"SearchAction","target":{"@type":"EntryPoint","urlTemplate":"https:\/\/www.kick-point.com\/de\/?s={search_term_string}"},"query-input":"required name=search_term_string"}],"inLanguage":"es"}]}},"_links":{"self":[{"href":"https:\/\/www.kick-point.com\/es\/wp-json\/wp\/v2\/pages\/3534","targetHints":{"allow":["GET"]}}],"collection":[{"href":"https:\/\/www.kick-point.com\/es\/wp-json\/wp\/v2\/pages"}],"about":[{"href":"https:\/\/www.kick-point.com\/es\/wp-json\/wp\/v2\/types\/page"}],"author":[{"embeddable":true,"href":"https:\/\/www.kick-point.com\/es\/wp-json\/wp\/v2\/users\/12"}],"replies":[{"embeddable":true,"href":"https:\/\/www.kick-point.com\/es\/wp-json\/wp\/v2\/comments?post=3534"}],"version-history":[{"count":13,"href":"https:\/\/www.kick-point.com\/es\/wp-json\/wp\/v2\/pages\/3534\/revisions"}],"predecessor-version":[{"id":86355,"href":"https:\/\/www.kick-point.com\/es\/wp-json\/wp\/v2\/pages\/3534\/revisions\/86355"}],"wp:attachment":[{"href":"https:\/\/www.kick-point.com\/es\/wp-json\/wp\/v2\/media?parent=3534"}],"curies":[{"name":"wp","href":"https:\/\/api.w.org\/{rel}","templated":true}]}}