{"id":68425,"date":"2017-01-11T13:08:51","date_gmt":"2017-01-11T12:08:51","guid":{"rendered":"https:\/\/www.kick-point.com\/?page_id=68425"},"modified":"2019-02-13T12:18:24","modified_gmt":"2019-02-13T11:18:24","slug":"ueber-uns","status":"publish","type":"page","link":"https:\/\/www.kick-point.com\/de\/ueber-uns\/","title":{"rendered":"\u00fcber uns"},"content":{"rendered":"<div   class='avia-fullscreen-slider main_color   avia-builder-el-0  el_before_av_headline_rotator  avia-builder-el-first  container_wrap fullsize'  >\n<style type=\"text\/css\" data-created_by=\"avia_inline_auto\" id=\"style-css-av-jqmbmr61-a04dc08396900ec6a4edef1ca96afd8a\">\n#top #wrap_all .avia-slideshow .av-slideshow-caption.av-jqmbmr61-a04dc08396900ec6a4edef1ca96afd8a__0 .avia-caption-title{\nfont-size:20px;\n}\n<\/style>\n<div  class='avia-slideshow av-jqmbmr61-a04dc08396900ec6a4edef1ca96afd8a avia-slideshow-extra_large av_fullscreen avia-slide-slider av-slideshow-ui av-control-minimal av-slideshow-autoplay av-loop-endless av-loop-manual-endless av-default-height-applied   avia-slideshow-1' data-slideshow-options=\"{&quot;animation&quot;:&quot;slide&quot;,&quot;autoplay&quot;:true,&quot;loop_autoplay&quot;:&quot;endless&quot;,&quot;interval&quot;:5,&quot;loop_manual&quot;:&quot;manual-endless&quot;,&quot;autoplay_stopper&quot;:false,&quot;noNavigation&quot;:false,&quot;bg_slider&quot;:true,&quot;keep_padding&quot;:false,&quot;hoverpause&quot;:false,&quot;show_slide_delay&quot;:0,&quot;slide_height&quot;:&quot;100&quot;,&quot;image_attachment&quot;:&quot;&quot;}\"  itemprop=\"image\" itemscope=\"itemscope\" itemtype=\"https:\/\/schema.org\/ImageObject\" ><ul class='avia-slideshow-inner ' style='padding-bottom: 33.0172413793%;'><li style='background-position:center center;' data-img-url='https:\/\/www.kick-point.com\/wp-content\/uploads\/banner01.1.jpg' class='avia-slideshow-slide av-jqmbmr61-a04dc08396900ec6a4edef1ca96afd8a__0  av-single-slide slide-1 slide-odd'><div data-rel='slideshow-1' class='avia-slide-wrap '   ><\/div><\/li><\/ul><\/div><\/div><div id='after_full_slider_1'  class='main_color av_default_container_wrap container_wrap fullsize'  ><div class='container av-section-cont-open' ><div class='template-page content  av-content-full alpha units'><div class='post-entry post-entry-type-page post-entry-68425'><div class='entry-content-wrapper clearfix'>\n<div  class='hr av-rpw3b3-994b20a47d0c275653adb229881ae199 hr-default'><span class='hr-inner '><span class=\"hr-inner-style\"><\/span><\/span><\/div>\n\n<style type=\"text\/css\" data-created_by=\"avia_inline_auto\" id=\"style-css-av-jqqdyrth-eb611156ce5ca99f02ce21c08ac0707f\">\n#top .av-rotator-container.av-jqqdyrth-eb611156ce5ca99f02ce21c08ac0707f{\ntext-align:center;\ncolor:#83a846;\n}\n#top #wrap_all .av-rotator-container.av-jqqdyrth-eb611156ce5ca99f02ce21c08ac0707f .av-rotator-container-inner{\nfont-size:20px;\n}\n<\/style>\n<div  class='av-rotator-container av-rotation-container-center av-jqqdyrth-eb611156ce5ca99f02ce21c08ac0707f  avia-builder-el-1  el_after_av_fullscreen  el_before_av_one_full  avia-builder-el-first  av-mini-hide av-fixed-rotator-width' data-interval='4' data-animation='1' data-fixWidth='1'><h2 class='av-rotator-container-inner'>Fu\u00dfball-Events<span class='av-rotator-text av-rotator-multiline-on'>\n<span class='av-rotator-text-single av-av_rotator_item-b3a085d62f6ef384fab06a6f9a0b9726 av-rotator-text-single-1' >B2B<\/span>\n<span class='av-rotator-text-single av-av_rotator_item-27ee849fcf7156cd0c103a8ea51b22ef av-rotator-text-single-2' >B2C<\/span>\n<span class='av-rotator-text-single av-av_rotator_item-672d98cb4960319a3b8c7bf5f229096f av-rotator-text-single-3' >f\u00fcr jeden Anlass die passende L\u00f6sung<\/span>\n<span class='av-rotator-text-single av-av_rotator_item-e099cc38049127803560f878c5e7128b av-rotator-text-single-4' >national und international<\/span>\n<\/span><\/h2><\/div>\n<div  class='hr av-jjbvrj-f0a1eaea13d71cfb47c8d31dd2eba849 hr-default'><span class='hr-inner '><span class=\"hr-inner-style\"><\/span><\/span><\/div>\n\n<style type=\"text\/css\" data-created_by=\"avia_inline_auto\" id=\"style-css-av-rybsy7-29974c8932ca1537d39d59b55d77ff18\">\n.flex_column.av-rybsy7-29974c8932ca1537d39d59b55d77ff18{\nborder-radius:0px 0px 0px 0px;\npadding:0px 0px 0px 0px;\n}\n<\/style>\n<div  class='flex_column av-rybsy7-29974c8932ca1537d39d59b55d77ff18 av_one_third first flex_column_div av-zero-column-padding  '     ><section  class='av_textblock_section av-jqmc46y0-7a1b09e11e007a08020a91cb5122e960 '   itemscope=\"itemscope\" itemtype=\"https:\/\/schema.org\/CreativeWork\" ><div class='avia_textblock'  itemprop=\"text\" ><p>Als Event- und Promotionagentur ist die Kick-Point GmbH seit 2002 zu 100% auf den Volkssport Nummer 1 \u2013 Fu\u00dfball \u2013 fokussiert. Von der <a title=\"Eventkonzepte\" href=\"https:\/\/www.kick-point.com\/de\/eventkonzepte\/\">Konzeption eines kompletten Fu\u00dfballevents<\/a> \u00fcber die Ausgestaltung und Durchf\u00fchrung nationaler und internationaler <a title=\"Roadshow\" href=\"https:\/\/www.kick-point.com\/de\/eventkonzepte\/roadshow\/\">Roadshows<\/a> zum Thema Fu\u00dfball, insbesondere im Bereich der Sponsoring Aktivierung, bis hin zur Vermietung aller g\u00e4ngigen <a title=\"weitere Fu\u00dfballmodule\" href=\"https:\/\/www.kick-point.com\/de\/weitere-fussballmodule\/\">Fu\u00dfball-Aktionsmodule<\/a> bietet das Kick-Point Team die passende Konzeption zum Thema Fu\u00dfball.<\/p>\n<\/div><\/section><\/div>\n<style type=\"text\/css\" data-created_by=\"avia_inline_auto\" id=\"style-css-av-px5uf3-62b27effb396c3ef81fc764963c808bd\">\n.flex_column.av-px5uf3-62b27effb396c3ef81fc764963c808bd{\nborder-radius:0px 0px 0px 0px;\npadding:0px 0px 0px 0px;\n}\n<\/style>\n<div  class='flex_column av-px5uf3-62b27effb396c3ef81fc764963c808bd av_one_third flex_column_div av-zero-column-padding  '     ><section  class='av_textblock_section av-jqmc4cuk-196d0dd6145b96fc47c181cefe4c8a26 '   itemscope=\"itemscope\" itemtype=\"https:\/\/schema.org\/CreativeWork\" ><div class='avia_textblock'  itemprop=\"text\" ><p>Als Agentur, die in \u00fcber 25 L\u00e4ndern in Sachen Fu\u00dfball unterwegs ist, greift das Kick-Point Team zus\u00e4tzlich auf ein internationales Netzwerk von Fu\u00dfball Dienstleistern zu. Durch eigene, zum Teil patentierte Fu\u00dfball-Eventmodule, wie das <a title=\"Kick-Point \u00ae\" href=\"https:\/\/www.kick-point.com\/de\/kick-point\/\">Kick-Point elektronische Fu\u00dfballtor<\/a>, k\u00f6nnen wir Ihnen exklusive Konzepte f\u00fcr Ihr Event anbieten.<\/p>\n<\/div><\/section><\/div>\n<style type=\"text\/css\" data-created_by=\"avia_inline_auto\" id=\"style-css-av-px5uf3-62b27effb396c3ef81fc764963c808bd\">\n.flex_column.av-px5uf3-62b27effb396c3ef81fc764963c808bd{\nborder-radius:0px 0px 0px 0px;\npadding:0px 0px 0px 0px;\n}\n<\/style>\n<div  class='flex_column av-px5uf3-62b27effb396c3ef81fc764963c808bd av_one_third flex_column_div av-zero-column-padding  '     ><section  class='av_textblock_section av-jqmc4cuk-196d0dd6145b96fc47c181cefe4c8a26 '   itemscope=\"itemscope\" itemtype=\"https:\/\/schema.org\/CreativeWork\" ><div class='avia_textblock'  itemprop=\"text\" ><p>Wir entwickeln Ihre Eventkonzeption rund um das Thema Fu\u00dfball. Und das nicht nur f\u00fcr die n\u00e4chste Fu\u00dfball EM oder Fu\u00dfball WM. Ob als Team-Event, Ma\u00dfnahme zur Kundenbindung oder zur Absatzf\u00f6rderung \u2013 Ganz egal, ob Sommerfest, Tag der offenen T\u00fcr oder die Roadshow, wir entwickeln individuelle Fu\u00dfball-Konzepte, die exakt auf Ihre Bed\u00fcrfnisse und Ihre Zielgruppe zugeschnitten sind und setzen diese professionell um.<\/p>\n<\/div><\/section><\/div><div  class='hr av-g9shin-c90a24d5688230223da7888b33defeb0 hr-default'><span class='hr-inner '><span class=\"hr-inner-style\"><\/span><\/span><\/div><\/p>\n\n<style type=\"text\/css\" data-created_by=\"avia_inline_auto\" id=\"style-css-av-px5uf3-fc1353a853e7f63d3ec0ad9987fbd451\">\n.flex_column.av-px5uf3-fc1353a853e7f63d3ec0ad9987fbd451{\nborder-radius:0px 0px 0px 0px;\npadding:0px 0px 0px 0px;\n}\n<\/style>\n<div  class='flex_column av-px5uf3-fc1353a853e7f63d3ec0ad9987fbd451 av_one_fifth first flex_column_div av-zero-column-padding  '     ><\/div>\n<style type=\"text\/css\" data-created_by=\"avia_inline_auto\" id=\"style-css-av-px5uf3-62b27effb396c3ef81fc764963c808bd\">\n.flex_column.av-px5uf3-62b27effb396c3ef81fc764963c808bd{\nborder-radius:0px 0px 0px 0px;\npadding:0px 0px 0px 0px;\n}\n<\/style>\n<div  class='flex_column av-px5uf3-62b27effb396c3ef81fc764963c808bd av_three_fifth flex_column_div av-zero-column-padding  '     ><section  class='av_textblock_section av-jqmc4cuk-196d0dd6145b96fc47c181cefe4c8a26 '   itemscope=\"itemscope\" itemtype=\"https:\/\/schema.org\/CreativeWork\" ><div class='avia_textblock'  itemprop=\"text\" ><p>Lassen Sie sich durch uns Ihre eigene Fu\u00dfball-Fanzone f\u00fcr Ihre Veranstaltung oder im Rahmen einer Roadshow gestalten in der Sie Ihre G\u00e4ste mit unseren verschiedensten<a title=\"weitere Fu\u00dfballmodule\" href=\"https:\/\/www.kick-point.com\/de\/weitere-fussballmodule\/\"> Fu\u00dfball Eventmodulen<\/a> bespa\u00dfen. Von der Messe bis zum Vereinsfest haben wir Erfahrung in vielen unterschiedlichen Bereichen und k\u00f6nnen Ihnen somit die ideale L\u00f6sung f\u00fcr das Entertainment Ihrer Besucher, Kunden und Fans bieten.<\/p>\n<\/div><\/section><\/div>\n<style type=\"text\/css\" data-created_by=\"avia_inline_auto\" id=\"style-css-av-px5uf3-62b27effb396c3ef81fc764963c808bd\">\n.flex_column.av-px5uf3-62b27effb396c3ef81fc764963c808bd{\nborder-radius:0px 0px 0px 0px;\npadding:0px 0px 0px 0px;\n}\n<\/style>\n<div  class='flex_column av-px5uf3-62b27effb396c3ef81fc764963c808bd av_one_fifth flex_column_div av-zero-column-padding  '     ><\/div><div  class='hr av-dy95mn-8b647b67db96771d241d67b49cfcbed3 hr-default'><span class='hr-inner '><span class=\"hr-inner-style\"><\/span><\/span><\/div><\/p>\n\n<style type=\"text\/css\" data-created_by=\"avia_inline_auto\" id=\"style-css-av-d3q1q7-571c151e0883f07a0fc2e3efc77c38b3\">\n.flex_column.av-d3q1q7-571c151e0883f07a0fc2e3efc77c38b3{\nborder-radius:0px 0px 0px 0px;\npadding:0px 0px 0px 0px;\n}\n<\/style>\n<div  class='flex_column av-d3q1q7-571c151e0883f07a0fc2e3efc77c38b3 av_one_third first flex_column_div av-zero-column-padding  '     ><\/div>\n<style type=\"text\/css\" data-created_by=\"avia_inline_auto\" id=\"style-css-av-80uyzj-1ab89a294bd5ad391dc4ac68bc06359e\">\n.flex_column.av-80uyzj-1ab89a294bd5ad391dc4ac68bc06359e{\nborder-radius:0px 0px 0px 0px;\npadding:0px 0px 0px 0px;\n}\n<\/style>\n<div  class='flex_column av-80uyzj-1ab89a294bd5ad391dc4ac68bc06359e av_one_third flex_column_div av-zero-column-padding  '     ><\/div>\n<style type=\"text\/css\" data-created_by=\"avia_inline_auto\" id=\"style-css-av-80uyzj-1ab89a294bd5ad391dc4ac68bc06359e\">\n.flex_column.av-80uyzj-1ab89a294bd5ad391dc4ac68bc06359e{\nborder-radius:0px 0px 0px 0px;\npadding:0px 0px 0px 0px;\n}\n<\/style>\n<div  class='flex_column av-80uyzj-1ab89a294bd5ad391dc4ac68bc06359e av_one_third flex_column_div av-zero-column-padding  '     ><\/div><div  class='hr av-2jdhmn-63c9032e991f4c8896e72c1db71d47ba hr-default'><span class='hr-inner '><span class=\"hr-inner-style\"><\/span><\/span><\/div><\/p>\n","protected":false},"excerpt":{"rendered":"","protected":false},"author":12,"featured_media":0,"parent":0,"menu_order":0,"comment_status":"closed","ping_status":"closed","template":"","meta":{"footnotes":""},"class_list":["post-68425","page","type-page","status-publish","hentry"],"yoast_head":"<!-- This site is optimized with the Yoast SEO plugin v22.8 - https:\/\/yoast.com\/wordpress\/plugins\/seo\/ -->\n<title>\u00fcber uns<\/title>\n<meta name=\"robots\" content=\"index, follow, max-snippet:-1, max-image-preview:large, max-video-preview:-1\" \/>\n<link rel=\"canonical\" href=\"https:\/\/www.kick-point.com\/de\/ueber-uns\/\" \/>\n<meta property=\"og:locale\" content=\"de_DE\" \/>\n<meta property=\"og:type\" content=\"article\" \/>\n<meta property=\"og:title\" content=\"\u00fcber uns\" \/>\n<meta property=\"og:url\" content=\"https:\/\/www.kick-point.com\/de\/ueber-uns\/\" \/>\n<meta property=\"og:site_name\" content=\"Kick-Point\" \/>\n<meta property=\"article:modified_time\" content=\"2019-02-13T11:18:24+00:00\" \/>\n<meta name=\"twitter:label1\" content=\"Gesch\u00e4tzte Lesezeit\" \/>\n\t<meta name=\"twitter:data1\" content=\"9\u00a0Minuten\" \/>\n<script type=\"application\/ld+json\" class=\"yoast-schema-graph\">{\"@context\":\"https:\/\/schema.org\",\"@graph\":[{\"@type\":\"WebPage\",\"@id\":\"https:\/\/www.kick-point.com\/de\/ueber-uns\/\",\"url\":\"https:\/\/www.kick-point.com\/de\/ueber-uns\/\",\"name\":\"\u00fcber uns\",\"isPartOf\":{\"@id\":\"https:\/\/www.kick-point.com\/de\/#website\"},\"datePublished\":\"2017-01-11T12:08:51+00:00\",\"dateModified\":\"2019-02-13T11:18:24+00:00\",\"inLanguage\":\"de\",\"potentialAction\":[{\"@type\":\"ReadAction\",\"target\":[\"https:\/\/www.kick-point.com\/de\/ueber-uns\/\"]}]},{\"@type\":\"WebSite\",\"@id\":\"https:\/\/www.kick-point.com\/de\/#website\",\"url\":\"https:\/\/www.kick-point.com\/de\/\",\"name\":\"Kick-Point\",\"description\":\"Events und Event-Module rund um das elektronische Fu\u00dfballtor\",\"potentialAction\":[{\"@type\":\"SearchAction\",\"target\":{\"@type\":\"EntryPoint\",\"urlTemplate\":\"https:\/\/www.kick-point.com\/de\/?s={search_term_string}\"},\"query-input\":\"required name=search_term_string\"}],\"inLanguage\":\"de\"}]}<\/script>\n<!-- \/ Yoast SEO plugin. -->","yoast_head_json":{"title":"\u00fcber uns","robots":{"index":"index","follow":"follow","max-snippet":"max-snippet:-1","max-image-preview":"max-image-preview:large","max-video-preview":"max-video-preview:-1"},"canonical":"https:\/\/www.kick-point.com\/de\/ueber-uns\/","og_locale":"de_DE","og_type":"article","og_title":"\u00fcber uns","og_url":"https:\/\/www.kick-point.com\/de\/ueber-uns\/","og_site_name":"Kick-Point","article_modified_time":"2019-02-13T11:18:24+00:00","twitter_misc":{"Gesch\u00e4tzte Lesezeit":"9\u00a0Minuten"},"schema":{"@context":"https:\/\/schema.org","@graph":[{"@type":"WebPage","@id":"https:\/\/www.kick-point.com\/de\/ueber-uns\/","url":"https:\/\/www.kick-point.com\/de\/ueber-uns\/","name":"\u00fcber uns","isPartOf":{"@id":"https:\/\/www.kick-point.com\/de\/#website"},"datePublished":"2017-01-11T12:08:51+00:00","dateModified":"2019-02-13T11:18:24+00:00","inLanguage":"de","potentialAction":[{"@type":"ReadAction","target":["https:\/\/www.kick-point.com\/de\/ueber-uns\/"]}]},{"@type":"WebSite","@id":"https:\/\/www.kick-point.com\/de\/#website","url":"https:\/\/www.kick-point.com\/de\/","name":"Kick-Point","description":"Events und Event-Module rund um das elektronische Fu\u00dfballtor","potentialAction":[{"@type":"SearchAction","target":{"@type":"EntryPoint","urlTemplate":"https:\/\/www.kick-point.com\/de\/?s={search_term_string}"},"query-input":"required name=search_term_string"}],"inLanguage":"de"}]}},"_links":{"self":[{"href":"https:\/\/www.kick-point.com\/de\/wp-json\/wp\/v2\/pages\/68425","targetHints":{"allow":["GET"]}}],"collection":[{"href":"https:\/\/www.kick-point.com\/de\/wp-json\/wp\/v2\/pages"}],"about":[{"href":"https:\/\/www.kick-point.com\/de\/wp-json\/wp\/v2\/types\/page"}],"author":[{"embeddable":true,"href":"https:\/\/www.kick-point.com\/de\/wp-json\/wp\/v2\/users\/12"}],"replies":[{"embeddable":true,"href":"https:\/\/www.kick-point.com\/de\/wp-json\/wp\/v2\/comments?post=68425"}],"version-history":[{"count":7,"href":"https:\/\/www.kick-point.com\/de\/wp-json\/wp\/v2\/pages\/68425\/revisions"}],"predecessor-version":[{"id":76562,"href":"https:\/\/www.kick-point.com\/de\/wp-json\/wp\/v2\/pages\/68425\/revisions\/76562"}],"wp:attachment":[{"href":"https:\/\/www.kick-point.com\/de\/wp-json\/wp\/v2\/media?parent=68425"}],"curies":[{"name":"wp","href":"https:\/\/api.w.org\/{rel}","templated":true}]}}