{"id":63922,"date":"2016-02-10T12:00:07","date_gmt":"2016-02-10T11:00:07","guid":{"rendered":"https:\/\/www.kick-point.com\/?page_id=63922"},"modified":"2016-02-12T15:28:39","modified_gmt":"2016-02-12T14:28:39","slug":"kick-point-fuer-shopping-center","status":"publish","type":"page","link":"https:\/\/www.kick-point.com\/de\/eventkonzepte\/case-studies\/kick-point-fuer-shopping-center\/","title":{"rendered":"Fu\u00dfball Promotion f\u00fcr Shopping Center"},"content":{"rendered":"<p style=\"text-align: center;\"><span style=\"color: #000000;\"><img loading=\"lazy\" decoding=\"async\" class=\"aligncenter\" alt=\"IMG_0088 (Copy)\" src=\"https:\/\/www.kick-point.com\/wp-content\/uploads\/img_0088-copy.jpg\" width=\"360\" height=\"270\" \/><\/span><\/p>\n<p style=\"text-align: center;\"><span style=\"color: #000000;\">Im zweij\u00e4hrigen Intervall steht das Marketing vor der Aufgabe, die Euphorie einer Fu\u00dfball-Eurpameisterschaft oder einer Fu\u00dfball-WM f\u00fcr das eigene Shopping-Center zu nutzen. Wenn Sie sich zumindest eine der folgenden Fragen stellen, ist unser Angebot f\u00fcr Sie interessant:<\/span><\/p>\n<ul>\n<li><span style=\"color: #000000;\">Was k\u00f6nnen wir tun, um das Sportevent des Jahres gewinnbringend in unsere Shopping Center zu bringen, ohne UEFA\/FIFA Sponsor zu sein?<\/span><\/li>\n<li><span style=\"color: #000000;\">Wie unterhalte ich meine Laufkundschaft zur Fu\u00dfball-EM\/WM in meinem Center?<\/span><\/li>\n<li><span style=\"color: #000000;\">Wie bekomme ich im Vorfeld und w\u00e4hrend der Fu\u00dfball-EM\/WM die fu\u00dfballbegeisterte Gesellschaft in mein Shopping Center?<\/span><\/li>\n<li><span style=\"color: #000000;\">Wie generiere ich im Rahmen einer Fu\u00dfball-EM\/WM-Promotion zus\u00e4tzliche Ums\u00e4tze in meinem Shopping Center?<\/span><\/li>\n<li><span style=\"color: #000000;\">Welche Fu\u00dfball-Livepromotion wird direkt von meinen G\u00e4sten \u00fcber deren Online-Communitys (facebook) kommuniziert?<\/span><\/li>\n<li><span style=\"color: #000000;\">Wie verbinde ich eine Fu\u00dfball-Live-Promotion mit meiner Onlinekommunikation (Homepage\/facebook)?<\/span><\/li>\n<\/ul>\n<p style=\"text-align: center;\"><span style=\"color: #000000;\"><a href=\"https:\/\/www.kick-point.com\/de\/eventkonzepte\/case-studies\/kick-point-fuer-shopping-center\/#01\"><span style=\"color: #000000;\"><br \/>\n<\/span><\/a><\/span><\/p>\n<h3 style=\"text-align: center;\"><span style=\"color: #000000;\"><a name=\"01\"><\/a><\/span><\/h3>\n<h3 style=\"text-align: center;\"><span style=\"color: #000000;\">Unsere L\u00f6sung f\u00fcr Ihre Promotion<\/span><\/h3>\n<p><span style=\"color: #000000;\">\u00a0<\/span><\/p>\n<p style=\"text-align: center;\"><span style=\"color: #000000;\"><div class=\"BorlabsCookie _brlbs-cb-youtube\"><div class=\"_brlbs-content-blocker\"> <div class=\"_brlbs-embed _brlbs-video-youtube\"> <img class=\"_brlbs-thumbnail\" src=\"https:\/\/www.kick-point.com\/wp-content\/plugins\/borlabs-cookie\/assets\/images\/cb-no-thumbnail.png\" alt=\"YouTube\"> <div class=\"_brlbs-caption\"> <p>Mit dem Laden des Videos akzeptieren Sie die Datenschutzerkl\u00e4rung von YouTube.<br><a href=\"https:\/\/policies.google.com\/privacy\" target=\"_blank\" rel=\"nofollow noopener noreferrer\">Mehr erfahren<\/a><\/p> <p><a class=\"_brlbs-btn _brlbs-icon-play-white\" href=\"#\" data-borlabs-cookie-unblock role=\"button\">Video laden<\/a><\/p> <p><label><input type=\"checkbox\" name=\"unblockAll\" value=\"1\" checked> <small>YouTube immer entsperren<\/small><\/label><\/p> <\/div> <\/div> <\/div><div class=\"borlabs-hide\" data-borlabs-cookie-type=\"content-blocker\" data-borlabs-cookie-id=\"youtube\"><script type=\"text\/template\">PGlmcmFtZSBsb2FkaW5nPSJsYXp5IiBzcmM9Imh0dHBzOi8vd3d3LnlvdXR1YmUtbm9jb29raWUuY29tL2VtYmVkL2ZqQVZheDk2NlgwP3JlbD0wIiBoZWlnaHQ9IjM1MCIgd2lkdGg9IjQyNSIgYWxsb3dmdWxsc2NyZWVuPSIiIGZyYW1lYm9yZGVyPSIwIj48L2lmcmFtZT4=<\/script><\/div><\/div><\/span><\/p>\n<p style=\"padding-left: 30px; text-align: center;\"><span style=\"color: #000000;\">Kick-Point das elektronische Fu\u00dfballtor. Ein richtiges Fu\u00dfballtor und ein richtiger Fu\u00dfball sorgen f\u00fcr 100% Fu\u00dfballvergn\u00fcgen.<\/span><\/p>\n<p style=\"text-align: center;\"><span style=\"color: #000000;\"><img loading=\"lazy\" decoding=\"async\" class=\"wp-image-64062\" alt=\"Ferrero_In_store (Copy)\" src=\"https:\/\/www.kick-point.com\/wp-content\/uploads\/ferrero_in_store-copy.jpg\" width=\"360\" height=\"270\" \/><\/span><\/p>\n<p style=\"text-align: center;\"><span style=\"color: #000000;\"><strong>Die Funktionsweise in 3 S\u00e4tzen:<\/strong><\/span><\/p>\n<p style=\"text-align: center;\"><span style=\"color: #000000;\">Die im Torrahmen installierten Sensoren erfassen pr\u00e4zise den Treffer des Balles im Fu\u00dfballtor (Schusspr\u00e4zision), zus\u00e4tzlich kann die Schussgeschwindigkeit ermittelt werden<\/span><br \/>\n<span style=\"color: #000000;\"> Der Spieler sieht auf einem gro\u00dfen Bildschirm die zu treffenden Bereiche im realen Tor und sieht direkt, wie erfolgreich sein Schuss war<\/span><br \/>\n<span style=\"color: #000000;\"> Im Anschluss erh\u00e4lt der Spieler eine Urkunde, die alle Sch\u00fcsse des Spielers abbildet und seine Gesamtwertung festh\u00e4lt<\/span><\/p>\n<p><span style=\"color: #000000;\"><a href=\"https:\/\/www.kick-point.com\/de\/eventkonzepte\/case-studies\/kick-point-fuer-shopping-center\/#02\"><span style=\"color: #000000;\"><br \/>\n<\/span><\/a>\u00a0<\/span><\/p>\n<h3 style=\"text-align: center;\"><span style=\"color: #000000;\">Key-Facts<\/span><\/h3>\n<p style=\"text-align: center;\"><span style=\"color: #000000;\"><img loading=\"lazy\" decoding=\"async\" class=\"aligncenter\" alt=\"DSCF3509 (Copy)\" src=\"https:\/\/www.kick-point.com\/wp-content\/uploads\/dscf3509-copy.jpg\" width=\"360\" height=\"270\" \/><\/span><\/p>\n<ul>\n<li><span style=\"color: #000000;\">Im Wettbewerb entscheidend ist prim\u00e4r die Schussplatzierung und nicht die Schusskraft, was den Kick-Point zum idealen Promotion-Modul f\u00fcr die ganze Familie macht.<\/span><\/li>\n<li><span style=\"color: #000000;\">Auf einem Bildschirm wird jeder Schuss und dessen Platzierung noch einmal virtuell dargestellt, was zus\u00e4tzlich zum Spieler auch die Aufmerksamkeit der Zuschauer schafft.<\/span><\/li>\n<li><span style=\"color: #000000;\">Jeder Spieler erh\u00e4lt zum Abschluss seiner Runde am Kick-Point eine Urkunde mit seinen ganz pers\u00f6nlichen Torschussdaten.<\/span><\/li>\n<li><span style=\"color: #000000;\">Schneller und unkomplizierter Aufbau und Abbau<\/span><\/li>\n<li><span style=\"color: #000000;\">Nutzerfreundlich: nach einer Unterweisung kann das Aktionsmodul auch in Eigenregie betrieben werden (z.B. bei mehrt\u00e4gigen Events).<\/span><\/li>\n<li><span style=\"color: #000000;\">Sicherheit: Eine hochwertige Traversenkonstruktion sorgt daf\u00fcr, dass keine Gefahr durch geschossene B\u00e4lle f\u00fcr Personen und Einrichtung im Shopping Center besteht.<\/span><\/li>\n<\/ul>\n<p style=\"text-align: center;\"><span style=\"color: #000000;\">Branding: zus\u00e4tzlich zur Gestaltung des Spielbildschirms und der Urkunde stehen je nach Aufbauvariante bis zu 30m\u00b2 Werbefl\u00e4che via Banner zur Verf\u00fcgung.<\/span><\/p>\n<p style=\"text-align: center;\"><span style=\"color: #000000;\"><a href=\"https:\/\/www.kick-point.com\/wp-content\/uploads\/interaktives-fussballtor.jpg\"><span style=\"color: #000000;\"><img loading=\"lazy\" decoding=\"async\" class=\"aligncenter  wp-image-62903\" alt=\"interaktives Fu\u00dfballtor Branding\" src=\"https:\/\/www.kick-point.com\/wp-content\/uploads\/interaktives-fussballtor.jpg\" width=\"600\" height=\"383\" \/><\/span><\/a><\/span><\/p>\n<p><span style=\"color: #000000;\"><a href=\"https:\/\/www.kick-point.com\/de\/eventkonzepte\/case-studies\/kick-point-fuer-shopping-center\/#03\"><span style=\"color: #000000;\"><br \/>\n<\/span><\/a><br \/>\n<\/span><\/p>\n<h3 style=\"text-align: center;\"><span style=\"color: #000000;\">M\u00f6glichkeiten<\/span><\/h3>\n<p style=\"text-align: center;\"><span style=\"color: #000000;\">Zahlreiche Spielvarianten wie Quiz-, Bilder-, oder Punktschie\u00dfen stehen zur Auswahl<\/span><\/p>\n<p style=\"text-align: center;\"><span style=\"color: #000000;\"><div class=\"BorlabsCookie _brlbs-cb-youtube\"><div class=\"_brlbs-content-blocker\"> <div class=\"_brlbs-embed _brlbs-video-youtube\"> <img class=\"_brlbs-thumbnail\" src=\"https:\/\/www.kick-point.com\/wp-content\/plugins\/borlabs-cookie\/assets\/images\/cb-no-thumbnail.png\" alt=\"YouTube\"> <div class=\"_brlbs-caption\"> <p>Mit dem Laden des Videos akzeptieren Sie die Datenschutzerkl\u00e4rung von YouTube.<br><a href=\"https:\/\/policies.google.com\/privacy\" target=\"_blank\" rel=\"nofollow noopener noreferrer\">Mehr erfahren<\/a><\/p> <p><a class=\"_brlbs-btn _brlbs-icon-play-white\" href=\"#\" data-borlabs-cookie-unblock role=\"button\">Video laden<\/a><\/p> <p><label><input type=\"checkbox\" name=\"unblockAll\" value=\"1\" checked> <small>YouTube immer entsperren<\/small><\/label><\/p> <\/div> <\/div> <\/div><div class=\"borlabs-hide\" data-borlabs-cookie-type=\"content-blocker\" data-borlabs-cookie-id=\"youtube\"><script type=\"text\/template\">PGlmcmFtZSBsb2FkaW5nPSJsYXp5IiBzcmM9Imh0dHBzOi8vd3d3LnlvdXR1YmUtbm9jb29raWUuY29tL2VtYmVkL3cxMU15cXFULUlzIiBoZWlnaHQ9IjMxNSIgd2lkdGg9IjQyMCIgYWxsb3dmdWxsc2NyZWVuPSIiIGZyYW1lYm9yZGVyPSIwIj48L2lmcmFtZT4=<\/script><\/div><\/div><\/span><\/p>\n<ul>\n<li><span style=\"color: #000000;\">Unterschiedlichste Wettbewerbsformen sind somit umsetzbar<\/span><\/li>\n<li><span style=\"color: #000000;\">Die im realen Tor zu treffenden Ziele k\u00f6nnen aus Zahlen, Bildern, Logos etc. bestehen<\/span><\/li>\n<li><span style=\"color: #000000;\">Nutzung von facebook &amp; co: Der Spieler postet \u00fcber einen QR Code auf seiner Urkunde seinen geschossenen Score sowie die Veranstaltungsdaten in seiner community und bewirbt so Ihr Event<\/span><\/li>\n<li><span style=\"color: #000000;\">Echzeit-Ranking auf Ihrer Shopping Center Homepage und\/oder direkt an der Aktionsfl\u00e4che m\u00f6glich<\/span><\/li>\n<li><span style=\"color: #000000;\">Dank der unterschiedlichen Fu\u00dfballtorgr\u00f6\u00dfen und Aufbauvarianten einsetzbar auf indoor- und outdoor-Fl\u00e4chen ab 6&#215;3 Meter<\/span><\/li>\n<\/ul>\n<p><span style=\"color: #000000;\">\u00a0<\/span><\/p>\n<h3 style=\"text-align: center;\"><span style=\"color: #000000;\">Umsetzungs-Ideen f\u00fcr Ihre Promotion<\/span><\/h3>\n<h2 style=\"text-align: center;\"><span style=\"color: #000000;\">\u00a0<strong>Idee 1: &#8222;Ihr Einkaufscenter&#8220; EM 2016 Tour&#8220;<\/strong><\/span><\/h2>\n<p style=\"text-align: center;\"><span style=\"color: #000000;\"><img loading=\"lazy\" decoding=\"async\" title=\"Shopping Center Promotion Roadshow\" alt=\"Fu\u00dfball Promotion Tour\" src=\"https:\/\/www.kick-point.com\/wp-content\/uploads\/img_2851-copy.jpg\" width=\"270\" height=\"360\" \/><\/span><\/p>\n<p style=\"text-align: center;\"><span style=\"color: #000000;\"><strong>Bundesweite Promotions-Tour durch ausgew\u00e4hlte Shopping Center in Deutschland<\/strong><\/span><\/p>\n<p style=\"text-align: center;\"><span style=\"color: #000000;\">Zeitraum April 2016 bis EM-Finale<\/span><br \/>\n<span style=\"color: #000000;\"> Promotion pro Center je 2-3 Tage (Do.,Fr.,Sa.)<\/span><br \/>\n<span style=\"color: #000000;\"> Bundesweites Ranking durch Datenerfassung auf Ihrer Homepage<\/span><br \/>\n<span style=\"color: #000000;\"> Die Gewinner jeder Station werden zu einem Tour-Finale in Berlin eingeladen, mit anschlie\u00dfendem Besuch der Fanmeile<\/span><\/p>\n<h2 style=\"text-align: center;\"><span style=\"color: #000000;\"><strong>Idee 2: &#8222;EM 2016 P<\/strong><strong>romotion im Shopping Center&#8220;<\/strong><\/span><\/h2>\n<p style=\"text-align: center;\"><span style=\"color: #000000;\">\u00a0<strong>Lokale Promotion in ausgew\u00e4hlten Centern bundesweit<\/strong><\/span><\/p>\n<p style=\"text-align: center;\"><span style=\"text-align: center;\"><img loading=\"lazy\" decoding=\"async\" class=\"aligncenter\" title=\"Fu\u00dfball Promotion Shopping Center \" alt=\"Marke pr\u00e4sentieren Fu\u00dfball Promotion\" src=\"https:\/\/www.kick-point.com\/wp-content\/uploads\/nissan8-copy.jpg\" width=\"360\" height=\"241\" \/><\/span><\/p>\n<p style=\"text-align: center;\"><span style=\"color: #000000;\">Einsatzzeitraum w\u00e4hrend der Fu\u00dfball EM 2016<\/span><\/p>\n<p style=\"text-align: center;\"><span style=\"color: #000000;\">Einsatzdauer je Standort min. 1 Woche, max. kompletter WM Zeitraum<\/span><\/p>\n<p><span style=\"color: #000000;\">\u00a0<\/span><\/p>\n<h3 style=\"text-align: center; padding-left: 30px;\"><span style=\"color: #000000;\">Wettbewerbsformen f\u00fcr unterschiedliche Zielgruppen<\/span><\/h3>\n<p style=\"text-align: center; padding-left: 30px;\"><span style=\"color: #000000;\">Unterschiedlichste Wettbewerbe k\u00f6nnen durchgef\u00fchrt werden.<\/span><\/p>\n<p style=\"text-align: center; padding-left: 30px;\"><span style=\"color: #000000;\">Jeder soll mitmachen k\u00f6nnen<\/span><\/p>\n<p style=\"text-align: center; padding-left: 30px;\"><span style=\"color: #000000;\">Dennoch Ansprache spezieller Zielgruppen<\/span><\/p>\n<p style=\"text-align: center; padding-left: 30px;\"><span style=\"color: #000000;\"><img loading=\"lazy\" decoding=\"async\" class=\"aligncenter  wp-image-64123\" alt=\"shopping8\" src=\"https:\/\/www.kick-point.com\/wp-content\/uploads\/shopping8-660x441.jpg\" width=\"396\" height=\"265\" srcset=\"https:\/\/www.kick-point.com\/wp-content\/uploads\/shopping8-660x441.jpg 660w, https:\/\/www.kick-point.com\/wp-content\/uploads\/shopping8.jpg 737w\" sizes=\"auto, (max-width: 396px) 100vw, 396px\" \/><\/span><\/p>\n<h2 style=\"text-align: center;\"><span style=\"color: #000000;\"><strong>\u201eJedermann-Kick\u201c<\/strong><\/span><\/h2>\n<p style=\"text-align: center;\"><span style=\"color: #000000;\">Jeder Besucher im Center kann mitspielen.<\/span><\/p>\n<p style=\"text-align: center;\"><span style=\"color: #000000;\">3 Sch\u00fcsse pro Spieler<\/span><\/p>\n<p style=\"text-align: center;\"><span style=\"color: #000000;\">Die besten 3 ( 5, 10 ) qualifizieren sich f\u00fcr ein Finale<\/span><\/p>\n<p style=\"text-align: center;\"><span style=\"color: #000000;\">Getrennte Wertungen ( Mann, Frau, Kind )<\/span><\/p>\n<h2 style=\"text-align: center;\"><span style=\"color: #000000;\"><strong>\u201eFamily-Kick\u201c<\/strong><\/span><\/h2>\n<p style=\"text-align: center;\"><span style=\"color: #000000;\">Spielberechtigt sind 2 Familienmitglieder ( z.B. Vater &amp; Sohn )<\/span><\/p>\n<p style=\"text-align: center;\"><span style=\"color: #000000;\">Jeder Spieler hat 3 Schussversuche, alle Punktzahlen werden addiert<\/span><\/p>\n<p style=\"text-align: center;\"><span style=\"color: #000000;\">X Gesamtsieger qualifizieren sich f\u00fcr das Finale in einem Einkaufscenter-Center in Berlin mit anschlie\u00dfendem, gemeinsamen Besuch der Fanmeile Berlin<\/span><\/p>\n<h2 style=\"text-align: center;\"><span style=\"color: #000000;\"><strong>\u201eVereins-Kick\u201c<\/strong><\/span><\/h2>\n<p style=\"text-align: center;\"><span style=\"color: #000000;\"><img loading=\"lazy\" decoding=\"async\" class=\"aligncenter\" title=\"shopping center promotion\" alt=\"promotion mit give voucher\" src=\"https:\/\/www.kick-point.com\/wp-content\/uploads\/korzo2-copy.jpg\" width=\"241\" height=\"360\" \/><\/span><\/p>\n<p style=\"text-align: center;\"><span style=\"color: #000000;\">Ortsans\u00e4ssige\u00a0 Vereine werden eingeladen, eine kleine Mannschaft zu stellen.<\/span><\/p>\n<p style=\"text-align: center;\"><span style=\"color: #000000;\">Zu einem festen Termin findet der Vereins-Kick statt<\/span><\/p>\n<p style=\"text-align: center;\"><span style=\"color: #000000;\">X Gewinner bekommen Preise ( Trikots\u00e4tze, Trainingsanz\u00fcge,\u00a0 usw. )<\/span><\/p>\n<h3 style=\"text-align: center; padding-left: 30px;\"><\/h3>\n<h3 style=\"text-align: center; padding-left: 30px;\"><\/h3>\n<h3 style=\"text-align: center; padding-left: 30px;\"><span style=\"color: #000000;\">Neugierig geworden? Wir erstellen Ihnen gern ein unverbindliches Angebot f\u00fcr Ihre Promotion-Aktion!<\/span><\/h3>\n<p style=\"text-align: center; padding-left: 30px;\"><span style=\"color: #000000;\"><div class=\"BorlabsCookie _brlbs-cb-youtube\"><div class=\"_brlbs-content-blocker\"> <div class=\"_brlbs-embed _brlbs-video-youtube\"> <img class=\"_brlbs-thumbnail\" src=\"https:\/\/www.kick-point.com\/wp-content\/plugins\/borlabs-cookie\/assets\/images\/cb-no-thumbnail.png\" alt=\"YouTube\"> <div class=\"_brlbs-caption\"> <p>Mit dem Laden des Videos akzeptieren Sie die Datenschutzerkl\u00e4rung von YouTube.<br><a href=\"https:\/\/policies.google.com\/privacy\" target=\"_blank\" rel=\"nofollow noopener noreferrer\">Mehr erfahren<\/a><\/p> <p><a class=\"_brlbs-btn _brlbs-icon-play-white\" href=\"#\" data-borlabs-cookie-unblock role=\"button\">Video laden<\/a><\/p> <p><label><input type=\"checkbox\" name=\"unblockAll\" value=\"1\" checked> <small>YouTube immer entsperren<\/small><\/label><\/p> <\/div> <\/div> <\/div><div class=\"borlabs-hide\" data-borlabs-cookie-type=\"content-blocker\" data-borlabs-cookie-id=\"youtube\"><script type=\"text\/template\">PGlmcmFtZSBsb2FkaW5nPSJsYXp5IiBzcmM9Imh0dHBzOi8vd3d3LnlvdXR1YmUtbm9jb29raWUuY29tL2VtYmVkL1UyY1lCYXV4eVI0IiBoZWlnaHQ9IjMxNSIgd2lkdGg9IjU2MCIgYWxsb3dmdWxsc2NyZWVuPSIiIGZyYW1lYm9yZGVyPSIwIj48L2lmcmFtZT4=<\/script><\/div><\/div><\/span><\/p>\n","protected":false},"excerpt":{"rendered":"<p>Im zweij\u00e4hrigen Intervall steht das Marketing vor der Aufgabe, die Euphorie einer Fu\u00dfball-Eurpameisterschaft oder einer Fu\u00dfball-WM f\u00fcr das eigene Shopping-Center zu nutzen. Wenn Sie sich zumindest eine der folgenden Fragen stellen, ist unser Angebot f\u00fcr Sie interessant: Was k\u00f6nnen wir tun, um das Sportevent des Jahres gewinnbringend in unsere Shopping Center zu bringen, ohne UEFA\/FIFA [&hellip;]<\/p>\n","protected":false},"author":12,"featured_media":0,"parent":63855,"menu_order":0,"comment_status":"closed","ping_status":"closed","template":"","meta":{"footnotes":""},"class_list":["post-63922","page","type-page","status-publish","hentry"],"yoast_head":"<!-- This site is optimized with the Yoast SEO plugin v22.8 - https:\/\/yoast.com\/wordpress\/plugins\/seo\/ -->\n<title>Fu\u00dfball Promotion f\u00fcr Shopping Center<\/title>\n<meta name=\"description\" content=\"Sie suchen die perfekte Fu\u00dfball Promotion f\u00fcr Ihr Shopping Center? Hier sind Sie richtig. Jetzt unverbindliches Angebot anfordern!\" \/>\n<meta name=\"robots\" content=\"index, follow, max-snippet:-1, max-image-preview:large, max-video-preview:-1\" \/>\n<link rel=\"canonical\" href=\"https:\/\/www.kick-point.com\/de\/eventkonzepte\/case-studies\/kick-point-fuer-shopping-center\/\" \/>\n<meta property=\"og:locale\" content=\"de_DE\" \/>\n<meta property=\"og:type\" content=\"article\" \/>\n<meta property=\"og:title\" content=\"Fu\u00dfball Promotion f\u00fcr Shopping Center\" \/>\n<meta property=\"og:description\" content=\"Sie suchen die perfekte Fu\u00dfball Promotion f\u00fcr Ihr Shopping Center? Hier sind Sie richtig. Jetzt unverbindliches Angebot anfordern!\" \/>\n<meta property=\"og:url\" content=\"https:\/\/www.kick-point.com\/de\/eventkonzepte\/case-studies\/kick-point-fuer-shopping-center\/\" \/>\n<meta property=\"og:site_name\" content=\"Kick-Point\" \/>\n<meta property=\"article:modified_time\" content=\"2016-02-12T14:28:39+00:00\" \/>\n<meta property=\"og:image\" content=\"https:\/\/www.kick-point.com\/wp-content\/uploads\/img_0088-copy.jpg\" \/>\n<meta name=\"twitter:label1\" content=\"Gesch\u00e4tzte Lesezeit\" \/>\n\t<meta name=\"twitter:data1\" content=\"3\u00a0Minuten\" \/>\n<script type=\"application\/ld+json\" class=\"yoast-schema-graph\">{\"@context\":\"https:\/\/schema.org\",\"@graph\":[{\"@type\":\"WebPage\",\"@id\":\"https:\/\/www.kick-point.com\/de\/eventkonzepte\/case-studies\/kick-point-fuer-shopping-center\/\",\"url\":\"https:\/\/www.kick-point.com\/de\/eventkonzepte\/case-studies\/kick-point-fuer-shopping-center\/\",\"name\":\"Fu\u00dfball Promotion f\u00fcr Shopping Center\",\"isPartOf\":{\"@id\":\"https:\/\/www.kick-point.com\/de\/#website\"},\"primaryImageOfPage\":{\"@id\":\"https:\/\/www.kick-point.com\/de\/eventkonzepte\/case-studies\/kick-point-fuer-shopping-center\/#primaryimage\"},\"image\":{\"@id\":\"https:\/\/www.kick-point.com\/de\/eventkonzepte\/case-studies\/kick-point-fuer-shopping-center\/#primaryimage\"},\"thumbnailUrl\":\"https:\/\/www.kick-point.com\/wp-content\/uploads\/img_0088-copy.jpg\",\"datePublished\":\"2016-02-10T11:00:07+00:00\",\"dateModified\":\"2016-02-12T14:28:39+00:00\",\"description\":\"Sie suchen die perfekte Fu\u00dfball Promotion f\u00fcr Ihr Shopping Center? Hier sind Sie richtig. Jetzt unverbindliches Angebot anfordern!\",\"breadcrumb\":{\"@id\":\"https:\/\/www.kick-point.com\/de\/eventkonzepte\/case-studies\/kick-point-fuer-shopping-center\/#breadcrumb\"},\"inLanguage\":\"de\",\"potentialAction\":[{\"@type\":\"ReadAction\",\"target\":[\"https:\/\/www.kick-point.com\/de\/eventkonzepte\/case-studies\/kick-point-fuer-shopping-center\/\"]}]},{\"@type\":\"ImageObject\",\"inLanguage\":\"de\",\"@id\":\"https:\/\/www.kick-point.com\/de\/eventkonzepte\/case-studies\/kick-point-fuer-shopping-center\/#primaryimage\",\"url\":\"https:\/\/www.kick-point.com\/wp-content\/uploads\/img_0088-copy.jpg\",\"contentUrl\":\"https:\/\/www.kick-point.com\/wp-content\/uploads\/img_0088-copy.jpg\"},{\"@type\":\"BreadcrumbList\",\"@id\":\"https:\/\/www.kick-point.com\/de\/eventkonzepte\/case-studies\/kick-point-fuer-shopping-center\/#breadcrumb\",\"itemListElement\":[{\"@type\":\"ListItem\",\"position\":1,\"name\":\"Eventkonzepte\",\"item\":\"https:\/\/www.kick-point.com\/de\/eventkonzepte\/\"},{\"@type\":\"ListItem\",\"position\":2,\"name\":\"Case Studies\",\"item\":\"https:\/\/www.kick-point.com\/de\/eventkonzepte\/case-studies\/\"},{\"@type\":\"ListItem\",\"position\":3,\"name\":\"Fu\u00dfball Promotion f\u00fcr Shopping Center\"}]},{\"@type\":\"WebSite\",\"@id\":\"https:\/\/www.kick-point.com\/de\/#website\",\"url\":\"https:\/\/www.kick-point.com\/de\/\",\"name\":\"Kick-Point\",\"description\":\"Events und Event-Module rund um das elektronische Fu\u00dfballtor\",\"potentialAction\":[{\"@type\":\"SearchAction\",\"target\":{\"@type\":\"EntryPoint\",\"urlTemplate\":\"https:\/\/www.kick-point.com\/de\/?s={search_term_string}\"},\"query-input\":\"required name=search_term_string\"}],\"inLanguage\":\"de\"}]}<\/script>\n<!-- \/ Yoast SEO plugin. -->","yoast_head_json":{"title":"Fu\u00dfball Promotion f\u00fcr Shopping Center","description":"Sie suchen die perfekte Fu\u00dfball Promotion f\u00fcr Ihr Shopping Center? Hier sind Sie richtig. Jetzt unverbindliches Angebot anfordern!","robots":{"index":"index","follow":"follow","max-snippet":"max-snippet:-1","max-image-preview":"max-image-preview:large","max-video-preview":"max-video-preview:-1"},"canonical":"https:\/\/www.kick-point.com\/de\/eventkonzepte\/case-studies\/kick-point-fuer-shopping-center\/","og_locale":"de_DE","og_type":"article","og_title":"Fu\u00dfball Promotion f\u00fcr Shopping Center","og_description":"Sie suchen die perfekte Fu\u00dfball Promotion f\u00fcr Ihr Shopping Center? Hier sind Sie richtig. Jetzt unverbindliches Angebot anfordern!","og_url":"https:\/\/www.kick-point.com\/de\/eventkonzepte\/case-studies\/kick-point-fuer-shopping-center\/","og_site_name":"Kick-Point","article_modified_time":"2016-02-12T14:28:39+00:00","og_image":[{"url":"https:\/\/www.kick-point.com\/wp-content\/uploads\/img_0088-copy.jpg"}],"twitter_misc":{"Gesch\u00e4tzte Lesezeit":"3\u00a0Minuten"},"schema":{"@context":"https:\/\/schema.org","@graph":[{"@type":"WebPage","@id":"https:\/\/www.kick-point.com\/de\/eventkonzepte\/case-studies\/kick-point-fuer-shopping-center\/","url":"https:\/\/www.kick-point.com\/de\/eventkonzepte\/case-studies\/kick-point-fuer-shopping-center\/","name":"Fu\u00dfball Promotion f\u00fcr Shopping Center","isPartOf":{"@id":"https:\/\/www.kick-point.com\/de\/#website"},"primaryImageOfPage":{"@id":"https:\/\/www.kick-point.com\/de\/eventkonzepte\/case-studies\/kick-point-fuer-shopping-center\/#primaryimage"},"image":{"@id":"https:\/\/www.kick-point.com\/de\/eventkonzepte\/case-studies\/kick-point-fuer-shopping-center\/#primaryimage"},"thumbnailUrl":"https:\/\/www.kick-point.com\/wp-content\/uploads\/img_0088-copy.jpg","datePublished":"2016-02-10T11:00:07+00:00","dateModified":"2016-02-12T14:28:39+00:00","description":"Sie suchen die perfekte Fu\u00dfball Promotion f\u00fcr Ihr Shopping Center? Hier sind Sie richtig. Jetzt unverbindliches Angebot anfordern!","breadcrumb":{"@id":"https:\/\/www.kick-point.com\/de\/eventkonzepte\/case-studies\/kick-point-fuer-shopping-center\/#breadcrumb"},"inLanguage":"de","potentialAction":[{"@type":"ReadAction","target":["https:\/\/www.kick-point.com\/de\/eventkonzepte\/case-studies\/kick-point-fuer-shopping-center\/"]}]},{"@type":"ImageObject","inLanguage":"de","@id":"https:\/\/www.kick-point.com\/de\/eventkonzepte\/case-studies\/kick-point-fuer-shopping-center\/#primaryimage","url":"https:\/\/www.kick-point.com\/wp-content\/uploads\/img_0088-copy.jpg","contentUrl":"https:\/\/www.kick-point.com\/wp-content\/uploads\/img_0088-copy.jpg"},{"@type":"BreadcrumbList","@id":"https:\/\/www.kick-point.com\/de\/eventkonzepte\/case-studies\/kick-point-fuer-shopping-center\/#breadcrumb","itemListElement":[{"@type":"ListItem","position":1,"name":"Eventkonzepte","item":"https:\/\/www.kick-point.com\/de\/eventkonzepte\/"},{"@type":"ListItem","position":2,"name":"Case Studies","item":"https:\/\/www.kick-point.com\/de\/eventkonzepte\/case-studies\/"},{"@type":"ListItem","position":3,"name":"Fu\u00dfball Promotion f\u00fcr Shopping Center"}]},{"@type":"WebSite","@id":"https:\/\/www.kick-point.com\/de\/#website","url":"https:\/\/www.kick-point.com\/de\/","name":"Kick-Point","description":"Events und Event-Module rund um das elektronische Fu\u00dfballtor","potentialAction":[{"@type":"SearchAction","target":{"@type":"EntryPoint","urlTemplate":"https:\/\/www.kick-point.com\/de\/?s={search_term_string}"},"query-input":"required name=search_term_string"}],"inLanguage":"de"}]}},"_links":{"self":[{"href":"https:\/\/www.kick-point.com\/de\/wp-json\/wp\/v2\/pages\/63922","targetHints":{"allow":["GET"]}}],"collection":[{"href":"https:\/\/www.kick-point.com\/de\/wp-json\/wp\/v2\/pages"}],"about":[{"href":"https:\/\/www.kick-point.com\/de\/wp-json\/wp\/v2\/types\/page"}],"author":[{"embeddable":true,"href":"https:\/\/www.kick-point.com\/de\/wp-json\/wp\/v2\/users\/12"}],"replies":[{"embeddable":true,"href":"https:\/\/www.kick-point.com\/de\/wp-json\/wp\/v2\/comments?post=63922"}],"version-history":[{"count":50,"href":"https:\/\/www.kick-point.com\/de\/wp-json\/wp\/v2\/pages\/63922\/revisions"}],"predecessor-version":[{"id":66972,"href":"https:\/\/www.kick-point.com\/de\/wp-json\/wp\/v2\/pages\/63922\/revisions\/66972"}],"up":[{"embeddable":true,"href":"https:\/\/www.kick-point.com\/de\/wp-json\/wp\/v2\/pages\/63855"}],"wp:attachment":[{"href":"https:\/\/www.kick-point.com\/de\/wp-json\/wp\/v2\/media?parent=63922"}],"curies":[{"name":"wp","href":"https:\/\/api.w.org\/{rel}","templated":true}]}}