{"id":61316,"date":"2014-10-24T15:30:14","date_gmt":"2014-10-24T13:30:14","guid":{"rendered":"https:\/\/www.kick-point.com\/?page_id=61316"},"modified":"2015-07-13T12:44:49","modified_gmt":"2015-07-13T10:44:49","slug":"lounge-equipment","status":"publish","type":"page","link":"https:\/\/www.kick-point.com\/de\/weitere-fussballmodule\/lounge-equipment\/","title":{"rendered":"Fu\u00dfball Lounge Equipment mieten"},"content":{"rendered":"<p>&nbsp;<\/p>\n<h2 style=\"text-align: center;\">Unsere Fu\u00dfball Lounge l\u00e4dt zum Plausch ein.<\/h2>\n<p><a href=\"https:\/\/www.kick-point.com\/wp-content\/uploads\/event-lounge-edel.jpg\"><img loading=\"lazy\" decoding=\"async\" class=\"alignright size-full wp-image-5470\" alt=\"event-lounge-edel\" src=\"https:\/\/www.kick-point.com\/wp-content\/uploads\/event-lounge-edel.jpg\" width=\"600\" height=\"450\" \/><\/a>Ob beim behaglichem Miteinander auf unseren Lounge Sesseln und Hockern oder beim spannenden Kickern an unseren verschiedenen <a title=\"Tischkicker mieten\" href=\"https:\/\/www.kick-point.com\/de\/weitere-fussballmodule\/tischkicker-mieten\/\">Tischfu\u00dfballmodulen:<\/a> wir haben das gew\u00fcnschte Equipment f\u00fcr Ihre Veranstaltung. F\u00fcr zus\u00e4tzliche Unterhaltung k\u00f6nnen auf Wunsch unsere <a title=\"Schiedsrichter buchen\" href=\"https:\/\/www.kick-point.com\/de\/weitere-fussballmodule\/schiedsrichter\/\">Schiedsrichter<\/a>, <a title=\"Fu\u00dfball Freestyler buchen\" href=\"https:\/\/www.kick-point.com\/de\/weitere-fussballmodule\/ballartisten\/\">Fu\u00dfball-Freestyler<\/a>, <a title=\"Kicker-Profi buchen\" href=\"https:\/\/www.kick-point.com\/de\/weitere-fussballmodule\/kicker-profi\/\">Kicker-Profis<\/a> oder auch Walking-Acts wie Cheerleader sorgen!<\/p>\n<p>&nbsp;<\/p>\n<p><a href=\"https:\/\/www.kick-point.com\/wp-content\/uploads\/fussball-lounge.jpg\"><img loading=\"lazy\" decoding=\"async\" class=\"alignleft size-thumbnail wp-image-61367\" alt=\"Fussball Lounge\" src=\"https:\/\/www.kick-point.com\/wp-content\/uploads\/fussball-lounge-150x150.jpg\" width=\"72\" height=\"72\" \/><\/a>\u00a0 <a href=\"https:\/\/www.kick-point.com\/wp-content\/uploads\/lounge-equipment.jpg\"><img loading=\"lazy\" decoding=\"async\" class=\"alignleft size-thumbnail wp-image-61372\" alt=\"Lounge Equipment\" src=\"https:\/\/www.kick-point.com\/wp-content\/uploads\/lounge-equipment-150x150.jpg\" width=\"72\" height=\"72\" \/><\/a><a href=\"https:\/\/www.kick-point.com\/wp-content\/uploads\/lounge-hocker-und-tisch.jpg\"><img loading=\"lazy\" decoding=\"async\" class=\"alignleft size-thumbnail wp-image-61377\" alt=\"Fu\u00dfball Lounge\" src=\"https:\/\/www.kick-point.com\/wp-content\/uploads\/lounge-hocker-und-tisch-150x150.jpg\" width=\"72\" height=\"72\" \/><\/a><\/p>\n<p>&nbsp;<\/p>\n","protected":false},"excerpt":{"rendered":"<p>&nbsp; Unsere Fu\u00dfball Lounge l\u00e4dt zum Plausch ein. Ob beim behaglichem Miteinander auf unseren Lounge Sesseln und Hockern oder beim spannenden Kickern an unseren verschiedenen Tischfu\u00dfballmodulen: wir haben das gew\u00fcnschte Equipment f\u00fcr Ihre Veranstaltung. F\u00fcr zus\u00e4tzliche Unterhaltung k\u00f6nnen auf Wunsch unsere Schiedsrichter, Fu\u00dfball-Freestyler, Kicker-Profis oder auch Walking-Acts wie Cheerleader sorgen! &nbsp; \u00a0 &nbsp;<\/p>\n","protected":false},"author":12,"featured_media":0,"parent":4533,"menu_order":0,"comment_status":"closed","ping_status":"closed","template":"","meta":{"footnotes":""},"class_list":["post-61316","page","type-page","status-publish","hentry"],"yoast_head":"<!-- This site is optimized with the Yoast SEO plugin v22.8 - https:\/\/yoast.com\/wordpress\/plugins\/seo\/ -->\n<title>Fu\u00dfball Lounge Equipment mieten<\/title>\n<meta name=\"robots\" content=\"index, follow, max-snippet:-1, max-image-preview:large, max-video-preview:-1\" \/>\n<link rel=\"canonical\" href=\"https:\/\/www.kick-point.com\/de\/weitere-fussballmodule\/lounge-equipment\/\" \/>\n<meta property=\"og:locale\" content=\"de_DE\" \/>\n<meta property=\"og:type\" content=\"article\" \/>\n<meta property=\"og:title\" content=\"Fu\u00dfball Lounge Equipment mieten\" \/>\n<meta property=\"og:description\" content=\"&nbsp; Unsere Fu\u00dfball Lounge l\u00e4dt zum Plausch ein. Ob beim behaglichem Miteinander auf unseren Lounge Sesseln und Hockern oder beim spannenden Kickern an unseren verschiedenen Tischfu\u00dfballmodulen: wir haben das gew\u00fcnschte Equipment f\u00fcr Ihre Veranstaltung. F\u00fcr zus\u00e4tzliche Unterhaltung k\u00f6nnen auf Wunsch unsere Schiedsrichter, Fu\u00dfball-Freestyler, Kicker-Profis oder auch Walking-Acts wie Cheerleader sorgen! &nbsp; \u00a0 &nbsp;\" \/>\n<meta property=\"og:url\" content=\"https:\/\/www.kick-point.com\/de\/weitere-fussballmodule\/lounge-equipment\/\" \/>\n<meta property=\"og:site_name\" content=\"Kick-Point\" \/>\n<meta property=\"article:modified_time\" content=\"2015-07-13T10:44:49+00:00\" \/>\n<meta property=\"og:image\" content=\"https:\/\/www.kick-point.com\/wp-content\/uploads\/event-lounge-edel.jpg\" \/>\n<script type=\"application\/ld+json\" class=\"yoast-schema-graph\">{\"@context\":\"https:\/\/schema.org\",\"@graph\":[{\"@type\":\"WebPage\",\"@id\":\"https:\/\/www.kick-point.com\/de\/weitere-fussballmodule\/lounge-equipment\/\",\"url\":\"https:\/\/www.kick-point.com\/de\/weitere-fussballmodule\/lounge-equipment\/\",\"name\":\"Fu\u00dfball Lounge Equipment mieten\",\"isPartOf\":{\"@id\":\"https:\/\/www.kick-point.com\/de\/#website\"},\"primaryImageOfPage\":{\"@id\":\"https:\/\/www.kick-point.com\/de\/weitere-fussballmodule\/lounge-equipment\/#primaryimage\"},\"image\":{\"@id\":\"https:\/\/www.kick-point.com\/de\/weitere-fussballmodule\/lounge-equipment\/#primaryimage\"},\"thumbnailUrl\":\"https:\/\/www.kick-point.com\/wp-content\/uploads\/event-lounge-edel.jpg\",\"datePublished\":\"2014-10-24T13:30:14+00:00\",\"dateModified\":\"2015-07-13T10:44:49+00:00\",\"breadcrumb\":{\"@id\":\"https:\/\/www.kick-point.com\/de\/weitere-fussballmodule\/lounge-equipment\/#breadcrumb\"},\"inLanguage\":\"de\",\"potentialAction\":[{\"@type\":\"ReadAction\",\"target\":[\"https:\/\/www.kick-point.com\/de\/weitere-fussballmodule\/lounge-equipment\/\"]}]},{\"@type\":\"ImageObject\",\"inLanguage\":\"de\",\"@id\":\"https:\/\/www.kick-point.com\/de\/weitere-fussballmodule\/lounge-equipment\/#primaryimage\",\"url\":\"https:\/\/www.kick-point.com\/wp-content\/uploads\/event-lounge-edel.jpg\",\"contentUrl\":\"https:\/\/www.kick-point.com\/wp-content\/uploads\/event-lounge-edel.jpg\"},{\"@type\":\"BreadcrumbList\",\"@id\":\"https:\/\/www.kick-point.com\/de\/weitere-fussballmodule\/lounge-equipment\/#breadcrumb\",\"itemListElement\":[{\"@type\":\"ListItem\",\"position\":1,\"name\":\"weitere Fu\u00dfballmodule\",\"item\":\"https:\/\/www.kick-point.com\/de\/weitere-fussballmodule\/\"},{\"@type\":\"ListItem\",\"position\":2,\"name\":\"Fu\u00dfball Lounge Equipment mieten\"}]},{\"@type\":\"WebSite\",\"@id\":\"https:\/\/www.kick-point.com\/de\/#website\",\"url\":\"https:\/\/www.kick-point.com\/de\/\",\"name\":\"Kick-Point\",\"description\":\"Events und Event-Module rund um das elektronische Fu\u00dfballtor\",\"potentialAction\":[{\"@type\":\"SearchAction\",\"target\":{\"@type\":\"EntryPoint\",\"urlTemplate\":\"https:\/\/www.kick-point.com\/de\/?s={search_term_string}\"},\"query-input\":\"required name=search_term_string\"}],\"inLanguage\":\"de\"}]}<\/script>\n<!-- \/ Yoast SEO plugin. -->","yoast_head_json":{"title":"Fu\u00dfball Lounge Equipment mieten","robots":{"index":"index","follow":"follow","max-snippet":"max-snippet:-1","max-image-preview":"max-image-preview:large","max-video-preview":"max-video-preview:-1"},"canonical":"https:\/\/www.kick-point.com\/de\/weitere-fussballmodule\/lounge-equipment\/","og_locale":"de_DE","og_type":"article","og_title":"Fu\u00dfball Lounge Equipment mieten","og_description":"&nbsp; Unsere Fu\u00dfball Lounge l\u00e4dt zum Plausch ein. Ob beim behaglichem Miteinander auf unseren Lounge Sesseln und Hockern oder beim spannenden Kickern an unseren verschiedenen Tischfu\u00dfballmodulen: wir haben das gew\u00fcnschte Equipment f\u00fcr Ihre Veranstaltung. F\u00fcr zus\u00e4tzliche Unterhaltung k\u00f6nnen auf Wunsch unsere Schiedsrichter, Fu\u00dfball-Freestyler, Kicker-Profis oder auch Walking-Acts wie Cheerleader sorgen! &nbsp; \u00a0 &nbsp;","og_url":"https:\/\/www.kick-point.com\/de\/weitere-fussballmodule\/lounge-equipment\/","og_site_name":"Kick-Point","article_modified_time":"2015-07-13T10:44:49+00:00","og_image":[{"url":"https:\/\/www.kick-point.com\/wp-content\/uploads\/event-lounge-edel.jpg"}],"schema":{"@context":"https:\/\/schema.org","@graph":[{"@type":"WebPage","@id":"https:\/\/www.kick-point.com\/de\/weitere-fussballmodule\/lounge-equipment\/","url":"https:\/\/www.kick-point.com\/de\/weitere-fussballmodule\/lounge-equipment\/","name":"Fu\u00dfball Lounge Equipment mieten","isPartOf":{"@id":"https:\/\/www.kick-point.com\/de\/#website"},"primaryImageOfPage":{"@id":"https:\/\/www.kick-point.com\/de\/weitere-fussballmodule\/lounge-equipment\/#primaryimage"},"image":{"@id":"https:\/\/www.kick-point.com\/de\/weitere-fussballmodule\/lounge-equipment\/#primaryimage"},"thumbnailUrl":"https:\/\/www.kick-point.com\/wp-content\/uploads\/event-lounge-edel.jpg","datePublished":"2014-10-24T13:30:14+00:00","dateModified":"2015-07-13T10:44:49+00:00","breadcrumb":{"@id":"https:\/\/www.kick-point.com\/de\/weitere-fussballmodule\/lounge-equipment\/#breadcrumb"},"inLanguage":"de","potentialAction":[{"@type":"ReadAction","target":["https:\/\/www.kick-point.com\/de\/weitere-fussballmodule\/lounge-equipment\/"]}]},{"@type":"ImageObject","inLanguage":"de","@id":"https:\/\/www.kick-point.com\/de\/weitere-fussballmodule\/lounge-equipment\/#primaryimage","url":"https:\/\/www.kick-point.com\/wp-content\/uploads\/event-lounge-edel.jpg","contentUrl":"https:\/\/www.kick-point.com\/wp-content\/uploads\/event-lounge-edel.jpg"},{"@type":"BreadcrumbList","@id":"https:\/\/www.kick-point.com\/de\/weitere-fussballmodule\/lounge-equipment\/#breadcrumb","itemListElement":[{"@type":"ListItem","position":1,"name":"weitere Fu\u00dfballmodule","item":"https:\/\/www.kick-point.com\/de\/weitere-fussballmodule\/"},{"@type":"ListItem","position":2,"name":"Fu\u00dfball Lounge Equipment mieten"}]},{"@type":"WebSite","@id":"https:\/\/www.kick-point.com\/de\/#website","url":"https:\/\/www.kick-point.com\/de\/","name":"Kick-Point","description":"Events und Event-Module rund um das elektronische Fu\u00dfballtor","potentialAction":[{"@type":"SearchAction","target":{"@type":"EntryPoint","urlTemplate":"https:\/\/www.kick-point.com\/de\/?s={search_term_string}"},"query-input":"required name=search_term_string"}],"inLanguage":"de"}]}},"_links":{"self":[{"href":"https:\/\/www.kick-point.com\/de\/wp-json\/wp\/v2\/pages\/61316","targetHints":{"allow":["GET"]}}],"collection":[{"href":"https:\/\/www.kick-point.com\/de\/wp-json\/wp\/v2\/pages"}],"about":[{"href":"https:\/\/www.kick-point.com\/de\/wp-json\/wp\/v2\/types\/page"}],"author":[{"embeddable":true,"href":"https:\/\/www.kick-point.com\/de\/wp-json\/wp\/v2\/users\/12"}],"replies":[{"embeddable":true,"href":"https:\/\/www.kick-point.com\/de\/wp-json\/wp\/v2\/comments?post=61316"}],"version-history":[{"count":10,"href":"https:\/\/www.kick-point.com\/de\/wp-json\/wp\/v2\/pages\/61316\/revisions"}],"predecessor-version":[{"id":62870,"href":"https:\/\/www.kick-point.com\/de\/wp-json\/wp\/v2\/pages\/61316\/revisions\/62870"}],"up":[{"embeddable":true,"href":"https:\/\/www.kick-point.com\/de\/wp-json\/wp\/v2\/pages\/4533"}],"wp:attachment":[{"href":"https:\/\/www.kick-point.com\/de\/wp-json\/wp\/v2\/media?parent=61316"}],"curies":[{"name":"wp","href":"https:\/\/api.w.org\/{rel}","templated":true}]}}