{"id":58748,"date":"2014-05-15T13:32:23","date_gmt":"2014-05-15T11:32:23","guid":{"rendered":"https:\/\/www.kick-point.com\/?page_id=58748"},"modified":"2014-05-15T13:32:39","modified_gmt":"2014-05-15T11:32:39","slug":"58748-2","status":"publish","type":"page","link":"https:\/\/www.kick-point.com\/de\/58748-2\/","title":{"rendered":"TEST-ONLINE ANBINDUNG"},"content":{"rendered":"<p><iframe loading=\"lazy\" id=\"_kickpointIframe\" name=\"_kickpointIframe\" src=\"https:\/\/www.kick-point.com\/social-shot\/roadshow\/event\/ein-tag-live-2014\/\" frameborder=\"0\" width=\"100%\" height=\"1000px\"><\/p> <p class=\"legal clearfix\">Diese Seite ben\u00f6tigt die Unterst\u00fctzung von Frames durch Ihren Browser. Bitte nutzen Sie einen Browser, der die Darstellung von Frames unterst\u00fctzt, damit das Kick-Point Widget angezeigt werden kann.<\/p> <p><\/iframe><br \/>\n<script type=\"text\/javascript\" src=\"https:\/\/www.kick-point.com\/api\/social-shot\/iframe.js?v=1\"><\/script><\/p>\n","protected":false},"excerpt":{"rendered":"<p>Diese Seite ben\u00f6tigt die Unterst\u00fctzung von Frames durch Ihren Browser. Bitte nutzen Sie einen Browser, der die Darstellung von Frames unterst\u00fctzt, damit das Kick-Point Widget angezeigt werden kann.<\/p>\n","protected":false},"author":12,"featured_media":0,"parent":0,"menu_order":0,"comment_status":"closed","ping_status":"closed","template":"","meta":{"footnotes":""},"class_list":["post-58748","page","type-page","status-publish","hentry"],"yoast_head":"<!-- This site is optimized with the Yoast SEO plugin v22.8 - https:\/\/yoast.com\/wordpress\/plugins\/seo\/ -->\n<title>TEST-ONLINE ANBINDUNG<\/title>\n<meta name=\"robots\" content=\"index, follow, max-snippet:-1, max-image-preview:large, max-video-preview:-1\" \/>\n<link rel=\"canonical\" href=\"https:\/\/www.kick-point.com\/de\/58748-2\/\" \/>\n<meta property=\"og:locale\" content=\"de_DE\" \/>\n<meta property=\"og:type\" content=\"article\" \/>\n<meta property=\"og:title\" content=\"TEST-ONLINE ANBINDUNG\" \/>\n<meta property=\"og:description\" content=\"Diese Seite ben\u00f6tigt die Unterst\u00fctzung von Frames durch Ihren Browser. Bitte nutzen Sie einen Browser, der die Darstellung von Frames unterst\u00fctzt, damit das Kick-Point Widget angezeigt werden kann.\" \/>\n<meta property=\"og:url\" content=\"https:\/\/www.kick-point.com\/de\/58748-2\/\" \/>\n<meta property=\"og:site_name\" content=\"Kick-Point\" \/>\n<meta property=\"article:modified_time\" content=\"2014-05-15T11:32:39+00:00\" \/>\n<script type=\"application\/ld+json\" class=\"yoast-schema-graph\">{\"@context\":\"https:\/\/schema.org\",\"@graph\":[{\"@type\":\"WebPage\",\"@id\":\"https:\/\/www.kick-point.com\/de\/58748-2\/\",\"url\":\"https:\/\/www.kick-point.com\/de\/58748-2\/\",\"name\":\"TEST-ONLINE ANBINDUNG\",\"isPartOf\":{\"@id\":\"https:\/\/www.kick-point.com\/de\/#website\"},\"datePublished\":\"2014-05-15T11:32:23+00:00\",\"dateModified\":\"2014-05-15T11:32:39+00:00\",\"inLanguage\":\"de\",\"potentialAction\":[{\"@type\":\"ReadAction\",\"target\":[\"https:\/\/www.kick-point.com\/de\/58748-2\/\"]}]},{\"@type\":\"WebSite\",\"@id\":\"https:\/\/www.kick-point.com\/de\/#website\",\"url\":\"https:\/\/www.kick-point.com\/de\/\",\"name\":\"Kick-Point\",\"description\":\"Events und Event-Module rund um das elektronische Fu\u00dfballtor\",\"potentialAction\":[{\"@type\":\"SearchAction\",\"target\":{\"@type\":\"EntryPoint\",\"urlTemplate\":\"https:\/\/www.kick-point.com\/de\/?s={search_term_string}\"},\"query-input\":\"required name=search_term_string\"}],\"inLanguage\":\"de\"}]}<\/script>\n<!-- \/ Yoast SEO plugin. -->","yoast_head_json":{"title":"TEST-ONLINE ANBINDUNG","robots":{"index":"index","follow":"follow","max-snippet":"max-snippet:-1","max-image-preview":"max-image-preview:large","max-video-preview":"max-video-preview:-1"},"canonical":"https:\/\/www.kick-point.com\/de\/58748-2\/","og_locale":"de_DE","og_type":"article","og_title":"TEST-ONLINE ANBINDUNG","og_description":"Diese Seite ben\u00f6tigt die Unterst\u00fctzung von Frames durch Ihren Browser. Bitte nutzen Sie einen Browser, der die Darstellung von Frames unterst\u00fctzt, damit das Kick-Point Widget angezeigt werden kann.","og_url":"https:\/\/www.kick-point.com\/de\/58748-2\/","og_site_name":"Kick-Point","article_modified_time":"2014-05-15T11:32:39+00:00","schema":{"@context":"https:\/\/schema.org","@graph":[{"@type":"WebPage","@id":"https:\/\/www.kick-point.com\/de\/58748-2\/","url":"https:\/\/www.kick-point.com\/de\/58748-2\/","name":"TEST-ONLINE ANBINDUNG","isPartOf":{"@id":"https:\/\/www.kick-point.com\/de\/#website"},"datePublished":"2014-05-15T11:32:23+00:00","dateModified":"2014-05-15T11:32:39+00:00","inLanguage":"de","potentialAction":[{"@type":"ReadAction","target":["https:\/\/www.kick-point.com\/de\/58748-2\/"]}]},{"@type":"WebSite","@id":"https:\/\/www.kick-point.com\/de\/#website","url":"https:\/\/www.kick-point.com\/de\/","name":"Kick-Point","description":"Events und Event-Module rund um das elektronische Fu\u00dfballtor","potentialAction":[{"@type":"SearchAction","target":{"@type":"EntryPoint","urlTemplate":"https:\/\/www.kick-point.com\/de\/?s={search_term_string}"},"query-input":"required name=search_term_string"}],"inLanguage":"de"}]}},"_links":{"self":[{"href":"https:\/\/www.kick-point.com\/de\/wp-json\/wp\/v2\/pages\/58748","targetHints":{"allow":["GET"]}}],"collection":[{"href":"https:\/\/www.kick-point.com\/de\/wp-json\/wp\/v2\/pages"}],"about":[{"href":"https:\/\/www.kick-point.com\/de\/wp-json\/wp\/v2\/types\/page"}],"author":[{"embeddable":true,"href":"https:\/\/www.kick-point.com\/de\/wp-json\/wp\/v2\/users\/12"}],"replies":[{"embeddable":true,"href":"https:\/\/www.kick-point.com\/de\/wp-json\/wp\/v2\/comments?post=58748"}],"version-history":[{"count":2,"href":"https:\/\/www.kick-point.com\/de\/wp-json\/wp\/v2\/pages\/58748\/revisions"}],"predecessor-version":[{"id":58750,"href":"https:\/\/www.kick-point.com\/de\/wp-json\/wp\/v2\/pages\/58748\/revisions\/58750"}],"wp:attachment":[{"href":"https:\/\/www.kick-point.com\/de\/wp-json\/wp\/v2\/media?parent=58748"}],"curies":[{"name":"wp","href":"https:\/\/api.w.org\/{rel}","templated":true}]}}