{"id":4626,"date":"2013-10-24T10:42:33","date_gmt":"2013-10-24T08:42:33","guid":{"rendered":"https:\/\/www.kick-point.com\/?page_id=4626"},"modified":"2016-10-05T15:26:34","modified_gmt":"2016-10-05T13:26:34","slug":"fusball-lounge","status":"publish","type":"page","link":"https:\/\/www.kick-point.com\/de\/eventkonzepte\/fusball-lounge\/","title":{"rendered":"Fu\u00dfball-Lounge"},"content":{"rendered":"<h2 style=\"text-align: center;\"><span style=\"color: #000000;\">Eleganter geht Fu\u00dfball nicht<\/span><\/h2>\n<p><a href=\"https:\/\/www.kick-point.com\/wp-content\/uploads\/fussball-lounge-mieten1.jpg\"><img loading=\"lazy\" decoding=\"async\" class=\"alignright size-full wp-image-5473\" alt=\"fussball-lounge-mieten\" src=\"https:\/\/www.kick-point.com\/wp-content\/uploads\/fussball-lounge-mieten1.jpg\" width=\"600\" height=\"450\" \/><\/a>Hier wird aus der Trainerbank das gem\u00fctliche Sofa und die Spielerb\u00e4nke werden zu eleganten Sitzhockern. Unsere Fu\u00dfballlounge ist aufgrund der hohen Mobilit\u00e4t so konzipiert, dass sie jede Location in eine trendige Fu\u00dfballlounge verwandelt. Ob in einem Zelt, im B\u00fcro, im Hotelfoyer, im Konferenzraum oder auf einem Boot. \u00a0Wie auch immer Ihre \u201eKabine\u201c aussehen soll \u2013 wir richten sie ein!<\/p>\n<p>Um Ihre Lounge noch attraktiver zu machen, sorgen wir auch noch f\u00fcr die passenden Spieler \u2013 vom DJ oder einer Liveband, Fu\u00dfballartisten, Fu\u00dfball Cheerleader, Fan Stylisten und Fotografen bis hin zu unterschiedlichsten <a title=\"weitere Fu\u00dfballmodule\" href=\"https:\/\/www.kick-point.com\/de\/weitere-fussballmodule\/\">Fu\u00dfballmodulen<\/a> k\u00f6nnen wir alles zur G\u00e4steanimation in die Konzeption Ihrer Fu\u00dfball Lounge einbauen!<\/p>\n<p>Nat\u00fcrlich denken wir hier auch an die Stars von morgen und bieten eine spezielle Kinder \u2013 Lounge mit Fan-Schminken, Fu\u00dfballh\u00fcpfburgen bis zu\u00a0<a title=\"Unsere Fussball Freestyler - Die wahren Ballzauberer\" href=\"https:\/\/www.kick-point.com\/de\/weitere-fussballmodule\/ballartisten\/\">Fu\u00dfball-Freestyle<\/a>\u00a0Workshops etc. an.<\/p>\n<p><a href=\"https:\/\/www.kick-point.com\/wp-content\/uploads\/fussball-location-organisieren.jpg\"><img loading=\"lazy\" decoding=\"async\" class=\"wp-image-5472 alignleft\" alt=\"fussball-location-organisieren\" src=\"https:\/\/www.kick-point.com\/wp-content\/uploads\/fussball-location-organisieren-150x150.jpg\" width=\"73\" height=\"73\" \/><\/a><a href=\"https:\/\/www.kick-point.com\/wp-content\/uploads\/sportevent-schick-gestalten.jpg\"><img loading=\"lazy\" decoding=\"async\" class=\"wp-image-5475 alignleft\" alt=\"sportevent-schick-gestalten\" src=\"https:\/\/www.kick-point.com\/wp-content\/uploads\/sportevent-schick-gestalten-150x150.jpg\" width=\"73\" height=\"73\" \/><\/a><a href=\"https:\/\/www.kick-point.com\/wp-content\/uploads\/event-lounge-buchen.jpg\"><img loading=\"lazy\" decoding=\"async\" class=\"wp-image-5476 alignleft\" alt=\"event-lounge-buchen\" src=\"https:\/\/www.kick-point.com\/wp-content\/uploads\/event-lounge-buchen-150x150.jpg\" width=\"73\" height=\"73\" \/><\/a><\/p>\n<p>&nbsp;<\/p>\n<p>&nbsp;<\/p>\n<p>&nbsp;<\/p>\n","protected":false},"excerpt":{"rendered":"<p>Eleganter geht Fu\u00dfball nicht Hier wird aus der Trainerbank das gem\u00fctliche Sofa und die Spielerb\u00e4nke werden zu eleganten Sitzhockern. Unsere Fu\u00dfballlounge ist aufgrund der hohen Mobilit\u00e4t so konzipiert, dass sie jede Location in eine trendige Fu\u00dfballlounge verwandelt. Ob in einem Zelt, im B\u00fcro, im Hotelfoyer, im Konferenzraum oder auf einem Boot. \u00a0Wie auch immer Ihre [&hellip;]<\/p>\n","protected":false},"author":12,"featured_media":0,"parent":4621,"menu_order":0,"comment_status":"closed","ping_status":"closed","template":"","meta":{"footnotes":""},"class_list":["post-4626","page","type-page","status-publish","hentry"],"yoast_head":"<!-- This site is optimized with the Yoast SEO plugin v22.8 - https:\/\/yoast.com\/wordpress\/plugins\/seo\/ -->\n<title>Fu\u00dfball-Lounge<\/title>\n<meta name=\"robots\" content=\"index, follow, max-snippet:-1, max-image-preview:large, max-video-preview:-1\" \/>\n<link rel=\"canonical\" href=\"https:\/\/www.kick-point.com\/de\/eventkonzepte\/fusball-lounge\/\" \/>\n<meta property=\"og:locale\" content=\"de_DE\" \/>\n<meta property=\"og:type\" content=\"article\" \/>\n<meta property=\"og:title\" content=\"Fu\u00dfball-Lounge\" \/>\n<meta property=\"og:description\" content=\"Eleganter geht Fu\u00dfball nicht Hier wird aus der Trainerbank das gem\u00fctliche Sofa und die Spielerb\u00e4nke werden zu eleganten Sitzhockern. Unsere Fu\u00dfballlounge ist aufgrund der hohen Mobilit\u00e4t so konzipiert, dass sie jede Location in eine trendige Fu\u00dfballlounge verwandelt. Ob in einem Zelt, im B\u00fcro, im Hotelfoyer, im Konferenzraum oder auf einem Boot. \u00a0Wie auch immer Ihre [&hellip;]\" \/>\n<meta property=\"og:url\" content=\"https:\/\/www.kick-point.com\/de\/eventkonzepte\/fusball-lounge\/\" \/>\n<meta property=\"og:site_name\" content=\"Kick-Point\" \/>\n<meta property=\"article:modified_time\" content=\"2016-10-05T13:26:34+00:00\" \/>\n<meta property=\"og:image\" content=\"https:\/\/www.kick-point.com\/wp-content\/uploads\/fussball-lounge-mieten1.jpg\" \/>\n<meta name=\"twitter:label1\" content=\"Gesch\u00e4tzte Lesezeit\" \/>\n\t<meta name=\"twitter:data1\" content=\"1\u00a0Minute\" \/>\n<script type=\"application\/ld+json\" class=\"yoast-schema-graph\">{\"@context\":\"https:\/\/schema.org\",\"@graph\":[{\"@type\":\"WebPage\",\"@id\":\"https:\/\/www.kick-point.com\/de\/eventkonzepte\/fusball-lounge\/\",\"url\":\"https:\/\/www.kick-point.com\/de\/eventkonzepte\/fusball-lounge\/\",\"name\":\"Fu\u00dfball-Lounge\",\"isPartOf\":{\"@id\":\"https:\/\/www.kick-point.com\/de\/#website\"},\"primaryImageOfPage\":{\"@id\":\"https:\/\/www.kick-point.com\/de\/eventkonzepte\/fusball-lounge\/#primaryimage\"},\"image\":{\"@id\":\"https:\/\/www.kick-point.com\/de\/eventkonzepte\/fusball-lounge\/#primaryimage\"},\"thumbnailUrl\":\"https:\/\/www.kick-point.com\/wp-content\/uploads\/fussball-lounge-mieten1.jpg\",\"datePublished\":\"2013-10-24T08:42:33+00:00\",\"dateModified\":\"2016-10-05T13:26:34+00:00\",\"breadcrumb\":{\"@id\":\"https:\/\/www.kick-point.com\/de\/eventkonzepte\/fusball-lounge\/#breadcrumb\"},\"inLanguage\":\"de\",\"potentialAction\":[{\"@type\":\"ReadAction\",\"target\":[\"https:\/\/www.kick-point.com\/de\/eventkonzepte\/fusball-lounge\/\"]}]},{\"@type\":\"ImageObject\",\"inLanguage\":\"de\",\"@id\":\"https:\/\/www.kick-point.com\/de\/eventkonzepte\/fusball-lounge\/#primaryimage\",\"url\":\"https:\/\/www.kick-point.com\/wp-content\/uploads\/fussball-lounge-mieten1.jpg\",\"contentUrl\":\"https:\/\/www.kick-point.com\/wp-content\/uploads\/fussball-lounge-mieten1.jpg\"},{\"@type\":\"BreadcrumbList\",\"@id\":\"https:\/\/www.kick-point.com\/de\/eventkonzepte\/fusball-lounge\/#breadcrumb\",\"itemListElement\":[{\"@type\":\"ListItem\",\"position\":1,\"name\":\"Eventkonzepte\",\"item\":\"https:\/\/www.kick-point.com\/de\/eventkonzepte\/\"},{\"@type\":\"ListItem\",\"position\":2,\"name\":\"Fu\u00dfball-Lounge\"}]},{\"@type\":\"WebSite\",\"@id\":\"https:\/\/www.kick-point.com\/de\/#website\",\"url\":\"https:\/\/www.kick-point.com\/de\/\",\"name\":\"Kick-Point\",\"description\":\"Events und Event-Module rund um das elektronische Fu\u00dfballtor\",\"potentialAction\":[{\"@type\":\"SearchAction\",\"target\":{\"@type\":\"EntryPoint\",\"urlTemplate\":\"https:\/\/www.kick-point.com\/de\/?s={search_term_string}\"},\"query-input\":\"required name=search_term_string\"}],\"inLanguage\":\"de\"}]}<\/script>\n<!-- \/ Yoast SEO plugin. -->","yoast_head_json":{"title":"Fu\u00dfball-Lounge","robots":{"index":"index","follow":"follow","max-snippet":"max-snippet:-1","max-image-preview":"max-image-preview:large","max-video-preview":"max-video-preview:-1"},"canonical":"https:\/\/www.kick-point.com\/de\/eventkonzepte\/fusball-lounge\/","og_locale":"de_DE","og_type":"article","og_title":"Fu\u00dfball-Lounge","og_description":"Eleganter geht Fu\u00dfball nicht Hier wird aus der Trainerbank das gem\u00fctliche Sofa und die Spielerb\u00e4nke werden zu eleganten Sitzhockern. Unsere Fu\u00dfballlounge ist aufgrund der hohen Mobilit\u00e4t so konzipiert, dass sie jede Location in eine trendige Fu\u00dfballlounge verwandelt. Ob in einem Zelt, im B\u00fcro, im Hotelfoyer, im Konferenzraum oder auf einem Boot. \u00a0Wie auch immer Ihre [&hellip;]","og_url":"https:\/\/www.kick-point.com\/de\/eventkonzepte\/fusball-lounge\/","og_site_name":"Kick-Point","article_modified_time":"2016-10-05T13:26:34+00:00","og_image":[{"url":"https:\/\/www.kick-point.com\/wp-content\/uploads\/fussball-lounge-mieten1.jpg"}],"twitter_misc":{"Gesch\u00e4tzte Lesezeit":"1\u00a0Minute"},"schema":{"@context":"https:\/\/schema.org","@graph":[{"@type":"WebPage","@id":"https:\/\/www.kick-point.com\/de\/eventkonzepte\/fusball-lounge\/","url":"https:\/\/www.kick-point.com\/de\/eventkonzepte\/fusball-lounge\/","name":"Fu\u00dfball-Lounge","isPartOf":{"@id":"https:\/\/www.kick-point.com\/de\/#website"},"primaryImageOfPage":{"@id":"https:\/\/www.kick-point.com\/de\/eventkonzepte\/fusball-lounge\/#primaryimage"},"image":{"@id":"https:\/\/www.kick-point.com\/de\/eventkonzepte\/fusball-lounge\/#primaryimage"},"thumbnailUrl":"https:\/\/www.kick-point.com\/wp-content\/uploads\/fussball-lounge-mieten1.jpg","datePublished":"2013-10-24T08:42:33+00:00","dateModified":"2016-10-05T13:26:34+00:00","breadcrumb":{"@id":"https:\/\/www.kick-point.com\/de\/eventkonzepte\/fusball-lounge\/#breadcrumb"},"inLanguage":"de","potentialAction":[{"@type":"ReadAction","target":["https:\/\/www.kick-point.com\/de\/eventkonzepte\/fusball-lounge\/"]}]},{"@type":"ImageObject","inLanguage":"de","@id":"https:\/\/www.kick-point.com\/de\/eventkonzepte\/fusball-lounge\/#primaryimage","url":"https:\/\/www.kick-point.com\/wp-content\/uploads\/fussball-lounge-mieten1.jpg","contentUrl":"https:\/\/www.kick-point.com\/wp-content\/uploads\/fussball-lounge-mieten1.jpg"},{"@type":"BreadcrumbList","@id":"https:\/\/www.kick-point.com\/de\/eventkonzepte\/fusball-lounge\/#breadcrumb","itemListElement":[{"@type":"ListItem","position":1,"name":"Eventkonzepte","item":"https:\/\/www.kick-point.com\/de\/eventkonzepte\/"},{"@type":"ListItem","position":2,"name":"Fu\u00dfball-Lounge"}]},{"@type":"WebSite","@id":"https:\/\/www.kick-point.com\/de\/#website","url":"https:\/\/www.kick-point.com\/de\/","name":"Kick-Point","description":"Events und Event-Module rund um das elektronische Fu\u00dfballtor","potentialAction":[{"@type":"SearchAction","target":{"@type":"EntryPoint","urlTemplate":"https:\/\/www.kick-point.com\/de\/?s={search_term_string}"},"query-input":"required name=search_term_string"}],"inLanguage":"de"}]}},"_links":{"self":[{"href":"https:\/\/www.kick-point.com\/de\/wp-json\/wp\/v2\/pages\/4626","targetHints":{"allow":["GET"]}}],"collection":[{"href":"https:\/\/www.kick-point.com\/de\/wp-json\/wp\/v2\/pages"}],"about":[{"href":"https:\/\/www.kick-point.com\/de\/wp-json\/wp\/v2\/types\/page"}],"author":[{"embeddable":true,"href":"https:\/\/www.kick-point.com\/de\/wp-json\/wp\/v2\/users\/12"}],"replies":[{"embeddable":true,"href":"https:\/\/www.kick-point.com\/de\/wp-json\/wp\/v2\/comments?post=4626"}],"version-history":[{"count":2,"href":"https:\/\/www.kick-point.com\/de\/wp-json\/wp\/v2\/pages\/4626\/revisions"}],"predecessor-version":[{"id":66768,"href":"https:\/\/www.kick-point.com\/de\/wp-json\/wp\/v2\/pages\/4626\/revisions\/66768"}],"up":[{"embeddable":true,"href":"https:\/\/www.kick-point.com\/de\/wp-json\/wp\/v2\/pages\/4621"}],"wp:attachment":[{"href":"https:\/\/www.kick-point.com\/de\/wp-json\/wp\/v2\/media?parent=4626"}],"curies":[{"name":"wp","href":"https:\/\/api.w.org\/{rel}","templated":true}]}}