{"id":4561,"date":"2013-09-24T11:27:37","date_gmt":"2013-09-24T09:27:37","guid":{"rendered":"https:\/\/www.kick-point.com\/?page_id=4561"},"modified":"2018-01-31T15:03:15","modified_gmt":"2018-01-31T14:03:15","slug":"soccer-inflatables","status":"publish","type":"page","link":"https:\/\/www.kick-point.com\/de\/weitere-fussballmodule\/soccer-inflatables\/","title":{"rendered":"Soccer-Inflatables mieten"},"content":{"rendered":"<h2 style=\"text-align: center;\">Aufblasbare Umrandungen f\u00fcr Ihre Veranstaltung: unsere Soccer-Inflatables<\/h2>\n<h3><\/h3>\n<h3>Soccer Dome<\/h3>\n<p><a href=\"https:\/\/www.kick-point.com\/wp-content\/uploads\/fussball-inflatable-03.jpg\"><img loading=\"lazy\" decoding=\"async\" class=\"alignright wp-image-5372\" src=\"https:\/\/www.kick-point.com\/wp-content\/uploads\/fussball-inflatable-03.jpg\" alt=\"fussball-inflatable-03\" width=\"420\" height=\"315\" \/><\/a>Der Soccer Dome ist eine weitere Kombination zur Ballsicherung und Eingrenzung einer Aktionsfl\u00e4che. Ideal in Kombination mit anderen <a title=\"weitere Fu\u00dfballmodule\" href=\"https:\/\/www.kick-point.com\/de\/weitere-fussballmodule\/\">Fu\u00dfballmodulen wie dem Kick-Point elektronischen Fu\u00dfballtor, der Torwand, dem Speed Kick etc.. <\/a>Wenn Sie Soccer-Inflatables mieten m\u00f6chten, bietet der Soccer Dome eine Vielzahl von Einsatzm\u00f6glichkeiten: Von der vielseitigen Deko f\u00fcr Ihre Eventmodule bis zum Einsatz als Eingangstunnel f\u00fcr Ihre Eventfl\u00e4che:<\/p>\n<blockquote>\n<ul>\n<li><span style=\"color: #000000;\">Strombedarf: 220V \/ 16A<\/span><\/li>\n<li><span style=\"color: #000000;\">Platzbedarf: 8 x 8 m \u2013 3,5 m hoch<\/span><\/li>\n<li><span style=\"color: #000000;\">Branding m\u00f6glich<\/span><\/li>\n<\/ul>\n<\/blockquote>\n<h3>Soccer Cage<\/h3>\n<p><a href=\"https:\/\/www.kick-point.com\/wp-content\/uploads\/aufblasbarer-fussball-kaefig.jpg\"><img loading=\"lazy\" decoding=\"async\" class=\"alignright size-full wp-image-64818\" src=\"https:\/\/www.kick-point.com\/wp-content\/uploads\/aufblasbarer-fussball-kaefig.jpg\" alt=\"fussball inflatable mieten\" width=\"420\" height=\"356\" \/><\/a>Der Soccer Cage eignet sich ideal zur Ballsicherung und um Module wie die klassische Torwand oder den Speed-Kick in Szene zu setzen.<\/p>\n<blockquote>\n<ul>\n<li><span style=\"color: #000000;\">Strombedarf: 220V<\/span><\/li>\n<li><span style=\"color: #000000;\">16APlatzbedarf: 8 x 5 m \u2013 3,5 m hoch<\/span><\/li>\n<li><span style=\"color: #000000;\">Branding m\u00f6glich<\/span><\/li>\n<\/ul>\n<\/blockquote>\n","protected":false},"excerpt":{"rendered":"<p>Aufblasbare Umrandungen f\u00fcr Ihre Veranstaltung: unsere Soccer-Inflatables Soccer Dome Der Soccer Dome ist eine weitere Kombination zur Ballsicherung und Eingrenzung einer Aktionsfl\u00e4che. Ideal in Kombination mit anderen Fu\u00dfballmodulen wie dem Kick-Point elektronischen Fu\u00dfballtor, der Torwand, dem Speed Kick etc.. Wenn Sie Soccer-Inflatables mieten m\u00f6chten, bietet der Soccer Dome eine Vielzahl von Einsatzm\u00f6glichkeiten: Von der vielseitigen [&hellip;]<\/p>\n","protected":false},"author":12,"featured_media":0,"parent":4533,"menu_order":0,"comment_status":"closed","ping_status":"closed","template":"","meta":{"footnotes":""},"class_list":["post-4561","page","type-page","status-publish","hentry"],"yoast_head":"<!-- This site is optimized with the Yoast SEO plugin v22.8 - https:\/\/yoast.com\/wordpress\/plugins\/seo\/ -->\n<title>Soccer-Inflatables mieten<\/title>\n<meta name=\"description\" content=\"Soccer-Inflatables: Die perfekte Kulisse f\u00fcr Attraktionen Ihrer Fu\u00dfball-Veranstaltung. Fragen Sie jetzt unverbindlich an bei Kick-Point!\" \/>\n<meta name=\"robots\" content=\"index, follow, max-snippet:-1, max-image-preview:large, max-video-preview:-1\" \/>\n<link rel=\"canonical\" href=\"https:\/\/www.kick-point.com\/de\/weitere-fussballmodule\/soccer-inflatables\/\" \/>\n<meta property=\"og:locale\" content=\"de_DE\" \/>\n<meta property=\"og:type\" content=\"article\" \/>\n<meta property=\"og:title\" content=\"Soccer-Inflatables mieten\" \/>\n<meta property=\"og:description\" content=\"Soccer-Inflatables: Die perfekte Kulisse f\u00fcr Attraktionen Ihrer Fu\u00dfball-Veranstaltung. Fragen Sie jetzt unverbindlich an bei Kick-Point!\" \/>\n<meta property=\"og:url\" content=\"https:\/\/www.kick-point.com\/de\/weitere-fussballmodule\/soccer-inflatables\/\" \/>\n<meta property=\"og:site_name\" content=\"Kick-Point\" \/>\n<meta property=\"article:modified_time\" content=\"2018-01-31T14:03:15+00:00\" \/>\n<meta property=\"og:image\" content=\"https:\/\/www.kick-point.com\/wp-content\/uploads\/fussball-inflatable-03.jpg\" \/>\n<meta name=\"twitter:label1\" content=\"Gesch\u00e4tzte Lesezeit\" \/>\n\t<meta name=\"twitter:data1\" content=\"1\u00a0Minute\" \/>\n<script type=\"application\/ld+json\" class=\"yoast-schema-graph\">{\"@context\":\"https:\/\/schema.org\",\"@graph\":[{\"@type\":\"WebPage\",\"@id\":\"https:\/\/www.kick-point.com\/de\/weitere-fussballmodule\/soccer-inflatables\/\",\"url\":\"https:\/\/www.kick-point.com\/de\/weitere-fussballmodule\/soccer-inflatables\/\",\"name\":\"Soccer-Inflatables mieten\",\"isPartOf\":{\"@id\":\"https:\/\/www.kick-point.com\/de\/#website\"},\"primaryImageOfPage\":{\"@id\":\"https:\/\/www.kick-point.com\/de\/weitere-fussballmodule\/soccer-inflatables\/#primaryimage\"},\"image\":{\"@id\":\"https:\/\/www.kick-point.com\/de\/weitere-fussballmodule\/soccer-inflatables\/#primaryimage\"},\"thumbnailUrl\":\"https:\/\/www.kick-point.com\/wp-content\/uploads\/fussball-inflatable-03.jpg\",\"datePublished\":\"2013-09-24T09:27:37+00:00\",\"dateModified\":\"2018-01-31T14:03:15+00:00\",\"description\":\"Soccer-Inflatables: Die perfekte Kulisse f\u00fcr Attraktionen Ihrer Fu\u00dfball-Veranstaltung. Fragen Sie jetzt unverbindlich an bei Kick-Point!\",\"breadcrumb\":{\"@id\":\"https:\/\/www.kick-point.com\/de\/weitere-fussballmodule\/soccer-inflatables\/#breadcrumb\"},\"inLanguage\":\"de\",\"potentialAction\":[{\"@type\":\"ReadAction\",\"target\":[\"https:\/\/www.kick-point.com\/de\/weitere-fussballmodule\/soccer-inflatables\/\"]}]},{\"@type\":\"ImageObject\",\"inLanguage\":\"de\",\"@id\":\"https:\/\/www.kick-point.com\/de\/weitere-fussballmodule\/soccer-inflatables\/#primaryimage\",\"url\":\"https:\/\/www.kick-point.com\/wp-content\/uploads\/fussball-inflatable-03.jpg\",\"contentUrl\":\"https:\/\/www.kick-point.com\/wp-content\/uploads\/fussball-inflatable-03.jpg\"},{\"@type\":\"BreadcrumbList\",\"@id\":\"https:\/\/www.kick-point.com\/de\/weitere-fussballmodule\/soccer-inflatables\/#breadcrumb\",\"itemListElement\":[{\"@type\":\"ListItem\",\"position\":1,\"name\":\"weitere Fu\u00dfballmodule\",\"item\":\"https:\/\/www.kick-point.com\/de\/weitere-fussballmodule\/\"},{\"@type\":\"ListItem\",\"position\":2,\"name\":\"Soccer-Inflatables mieten\"}]},{\"@type\":\"WebSite\",\"@id\":\"https:\/\/www.kick-point.com\/de\/#website\",\"url\":\"https:\/\/www.kick-point.com\/de\/\",\"name\":\"Kick-Point\",\"description\":\"Events und Event-Module rund um das elektronische Fu\u00dfballtor\",\"potentialAction\":[{\"@type\":\"SearchAction\",\"target\":{\"@type\":\"EntryPoint\",\"urlTemplate\":\"https:\/\/www.kick-point.com\/de\/?s={search_term_string}\"},\"query-input\":\"required name=search_term_string\"}],\"inLanguage\":\"de\"}]}<\/script>\n<!-- \/ Yoast SEO plugin. -->","yoast_head_json":{"title":"Soccer-Inflatables mieten","description":"Soccer-Inflatables: Die perfekte Kulisse f\u00fcr Attraktionen Ihrer Fu\u00dfball-Veranstaltung. Fragen Sie jetzt unverbindlich an bei Kick-Point!","robots":{"index":"index","follow":"follow","max-snippet":"max-snippet:-1","max-image-preview":"max-image-preview:large","max-video-preview":"max-video-preview:-1"},"canonical":"https:\/\/www.kick-point.com\/de\/weitere-fussballmodule\/soccer-inflatables\/","og_locale":"de_DE","og_type":"article","og_title":"Soccer-Inflatables mieten","og_description":"Soccer-Inflatables: Die perfekte Kulisse f\u00fcr Attraktionen Ihrer Fu\u00dfball-Veranstaltung. Fragen Sie jetzt unverbindlich an bei Kick-Point!","og_url":"https:\/\/www.kick-point.com\/de\/weitere-fussballmodule\/soccer-inflatables\/","og_site_name":"Kick-Point","article_modified_time":"2018-01-31T14:03:15+00:00","og_image":[{"url":"https:\/\/www.kick-point.com\/wp-content\/uploads\/fussball-inflatable-03.jpg"}],"twitter_misc":{"Gesch\u00e4tzte Lesezeit":"1\u00a0Minute"},"schema":{"@context":"https:\/\/schema.org","@graph":[{"@type":"WebPage","@id":"https:\/\/www.kick-point.com\/de\/weitere-fussballmodule\/soccer-inflatables\/","url":"https:\/\/www.kick-point.com\/de\/weitere-fussballmodule\/soccer-inflatables\/","name":"Soccer-Inflatables mieten","isPartOf":{"@id":"https:\/\/www.kick-point.com\/de\/#website"},"primaryImageOfPage":{"@id":"https:\/\/www.kick-point.com\/de\/weitere-fussballmodule\/soccer-inflatables\/#primaryimage"},"image":{"@id":"https:\/\/www.kick-point.com\/de\/weitere-fussballmodule\/soccer-inflatables\/#primaryimage"},"thumbnailUrl":"https:\/\/www.kick-point.com\/wp-content\/uploads\/fussball-inflatable-03.jpg","datePublished":"2013-09-24T09:27:37+00:00","dateModified":"2018-01-31T14:03:15+00:00","description":"Soccer-Inflatables: Die perfekte Kulisse f\u00fcr Attraktionen Ihrer Fu\u00dfball-Veranstaltung. Fragen Sie jetzt unverbindlich an bei Kick-Point!","breadcrumb":{"@id":"https:\/\/www.kick-point.com\/de\/weitere-fussballmodule\/soccer-inflatables\/#breadcrumb"},"inLanguage":"de","potentialAction":[{"@type":"ReadAction","target":["https:\/\/www.kick-point.com\/de\/weitere-fussballmodule\/soccer-inflatables\/"]}]},{"@type":"ImageObject","inLanguage":"de","@id":"https:\/\/www.kick-point.com\/de\/weitere-fussballmodule\/soccer-inflatables\/#primaryimage","url":"https:\/\/www.kick-point.com\/wp-content\/uploads\/fussball-inflatable-03.jpg","contentUrl":"https:\/\/www.kick-point.com\/wp-content\/uploads\/fussball-inflatable-03.jpg"},{"@type":"BreadcrumbList","@id":"https:\/\/www.kick-point.com\/de\/weitere-fussballmodule\/soccer-inflatables\/#breadcrumb","itemListElement":[{"@type":"ListItem","position":1,"name":"weitere Fu\u00dfballmodule","item":"https:\/\/www.kick-point.com\/de\/weitere-fussballmodule\/"},{"@type":"ListItem","position":2,"name":"Soccer-Inflatables mieten"}]},{"@type":"WebSite","@id":"https:\/\/www.kick-point.com\/de\/#website","url":"https:\/\/www.kick-point.com\/de\/","name":"Kick-Point","description":"Events und Event-Module rund um das elektronische Fu\u00dfballtor","potentialAction":[{"@type":"SearchAction","target":{"@type":"EntryPoint","urlTemplate":"https:\/\/www.kick-point.com\/de\/?s={search_term_string}"},"query-input":"required name=search_term_string"}],"inLanguage":"de"}]}},"_links":{"self":[{"href":"https:\/\/www.kick-point.com\/de\/wp-json\/wp\/v2\/pages\/4561","targetHints":{"allow":["GET"]}}],"collection":[{"href":"https:\/\/www.kick-point.com\/de\/wp-json\/wp\/v2\/pages"}],"about":[{"href":"https:\/\/www.kick-point.com\/de\/wp-json\/wp\/v2\/types\/page"}],"author":[{"embeddable":true,"href":"https:\/\/www.kick-point.com\/de\/wp-json\/wp\/v2\/users\/12"}],"replies":[{"embeddable":true,"href":"https:\/\/www.kick-point.com\/de\/wp-json\/wp\/v2\/comments?post=4561"}],"version-history":[{"count":6,"href":"https:\/\/www.kick-point.com\/de\/wp-json\/wp\/v2\/pages\/4561\/revisions"}],"predecessor-version":[{"id":71873,"href":"https:\/\/www.kick-point.com\/de\/wp-json\/wp\/v2\/pages\/4561\/revisions\/71873"}],"up":[{"embeddable":true,"href":"https:\/\/www.kick-point.com\/de\/wp-json\/wp\/v2\/pages\/4533"}],"wp:attachment":[{"href":"https:\/\/www.kick-point.com\/de\/wp-json\/wp\/v2\/media?parent=4561"}],"curies":[{"name":"wp","href":"https:\/\/api.w.org\/{rel}","templated":true}]}}