{"id":4527,"date":"2013-07-23T13:16:48","date_gmt":"2013-07-23T11:16:48","guid":{"rendered":"https:\/\/www.kick-point.com\/?page_id=4527"},"modified":"2017-01-30T12:00:40","modified_gmt":"2017-01-30T11:00:40","slug":"fussball-fanzone","status":"publish","type":"page","link":"https:\/\/www.kick-point.com\/de\/eventkonzepte\/fussball-fanzone\/","title":{"rendered":"Fu\u00dfball Fanzone"},"content":{"rendered":"<h2 style=\"text-align: center;\"><span style=\"color: #000000;\">Wir bringen f\u00fcr Sie die Faszination Fu\u00dfball auf dem Punkt<\/span><\/h2>\n<p><a href=\"https:\/\/www.kick-point.com\/wp-content\/uploads\/fussball-fanzone-visualisierung.jpg\"><img loading=\"lazy\" decoding=\"async\" class=\"size-full wp-image-68872 alignright\" title=\"Fussball Fanzone Visualisierung\" alt=\"Fussball Fanzone Visualisierung\" src=\"https:\/\/www.kick-point.com\/wp-content\/uploads\/fussball-fanzone-visualisierung.jpg\" width=\"600\" height=\"284\" \/><\/a><br \/>\n<a href=\"https:\/\/www.kick-point.com\/wp-content\/uploads\/fussball-funpark-outdoor.jpg\"><img loading=\"lazy\" decoding=\"async\" class=\"size-full wp-image-4924 alignright\" title=\"Fu\u00dfball Fanzone\" alt=\"fussball-funpark-outdoor Fu\u00dfball Fanzone\" src=\"https:\/\/www.kick-point.com\/wp-content\/uploads\/fussball-funpark-outdoor.jpg\" width=\"600\" height=\"284\" \/><\/a>Unsere Fu\u00dfball Fanzone Konzepte passen wir Ihrer Zielgruppe, Ihrem Budget und der von Ihnen ausgew\u00e4hlten <a title=\"Fu\u00dfball-Location\" href=\"https:\/\/www.kick-point.com\/de\/eventkonzepte\/fussball-location\/\">Location<\/a> an.<\/p>\n<p style=\"text-align: left;\">Auf die Zielgruppe abgestimmte Fu\u00dfball <a title=\"weitere Fu\u00dfballmodule\" href=\"https:\/\/www.kick-point.com\/de\/weitere-fussballmodule\/\">Aktionsmodule<\/a> wie <a title=\"Kick-Point \u00ae\" href=\"https:\/\/www.kick-point.com\/de\/kick-point\/\">das elektronische Fu\u00dfballtor Kick-Point<\/a>, oder der <a title=\"Menschenkicker\" href=\"https:\/\/www.kick-point.com\/de\/weitere-fussballmodule\/menschenkicker\/\">Menschenkicker<\/a>, sowie \u00a0ein Fu\u00dfball Unterhaltungsprogramm mit K\u00fcnstlern wie <a title=\"Fu\u00dfball Freestyler\" href=\"https:\/\/www.kick-point.com\/de\/weitere-fussballmodule\/ballartisten\/\">Fu\u00dfball-Freestylern<\/a> oder <a title=\"Kicker-Profi\" href=\"https:\/\/www.kick-point.com\/de\/weitere-fussballmodule\/kicker-profi\/\">Tischkicker-Profis<\/a>\u00a0k\u00f6nnen die wesentlichen Bestandteile der Fu\u00dfball Fanzone sein.<br \/>\n<a href=\"https:\/\/www.kick-point.com\/wp-content\/uploads\/ac-milan-fussballpark.jpg\"><img loading=\"lazy\" decoding=\"async\" class=\"alignleft  wp-image-5495\" title=\"ac-milan-fussballpark\" alt=\"ac-milan-fussballpark\" src=\"https:\/\/www.kick-point.com\/wp-content\/uploads\/ac-milan-fussballpark-150x150.jpg\" width=\"72\" height=\"72\" \/><\/a><a href=\"https:\/\/www.kick-point.com\/wp-content\/uploads\/Kickpointtor.jpg\"><img loading=\"lazy\" decoding=\"async\" class=\"alignleft  wp-image-5451\" title=\"Kickpointtor-150x150\" alt=\"Kickpointtor-150x150\" src=\"https:\/\/www.kick-point.com\/wp-content\/uploads\/Kickpointtor-150x150.jpg\" width=\"72\" height=\"72\" \/><\/a><a href=\"https:\/\/www.kick-point.com\/wp-content\/uploads\/fan-zone.png\"><img loading=\"lazy\" decoding=\"async\" class=\"alignleft wp-image-63389\" title=\"fan-zone\" alt=\"fan-zone\" src=\"https:\/\/www.kick-point.com\/wp-content\/uploads\/fan-zone-150x150.png\" width=\"72\" height=\"72\" \/><\/a><\/p>\n","protected":false},"excerpt":{"rendered":"<p>Wir bringen f\u00fcr Sie die Faszination Fu\u00dfball auf dem Punkt Unsere Fu\u00dfball Fanzone Konzepte passen wir Ihrer Zielgruppe, Ihrem Budget und der von Ihnen ausgew\u00e4hlten Location an. Auf die Zielgruppe abgestimmte Fu\u00dfball Aktionsmodule wie das elektronische Fu\u00dfballtor Kick-Point, oder der Menschenkicker, sowie \u00a0ein Fu\u00dfball Unterhaltungsprogramm mit K\u00fcnstlern wie Fu\u00dfball-Freestylern oder Tischkicker-Profis\u00a0k\u00f6nnen die wesentlichen Bestandteile der [&hellip;]<\/p>\n","protected":false},"author":12,"featured_media":0,"parent":4621,"menu_order":0,"comment_status":"closed","ping_status":"closed","template":"","meta":{"footnotes":""},"class_list":["post-4527","page","type-page","status-publish","hentry"],"yoast_head":"<!-- This site is optimized with the Yoast SEO plugin v22.8 - https:\/\/yoast.com\/wordpress\/plugins\/seo\/ -->\n<title>Fu\u00dfball Fanzone<\/title>\n<meta name=\"description\" content=\"Die Fu\u00dfball Fanzone mit Eventmodulen von den Experten f\u00fcr Fu\u00dfball-Events. Garantiert ein Volltreffer f\u00fcr Ihr Event!\" \/>\n<meta name=\"robots\" content=\"index, follow, max-snippet:-1, max-image-preview:large, max-video-preview:-1\" \/>\n<link rel=\"canonical\" href=\"https:\/\/www.kick-point.com\/de\/eventkonzepte\/fussball-fanzone\/\" \/>\n<meta property=\"og:locale\" content=\"de_DE\" \/>\n<meta property=\"og:type\" content=\"article\" \/>\n<meta property=\"og:title\" content=\"Fu\u00dfball Fanzone\" \/>\n<meta property=\"og:description\" content=\"Die Fu\u00dfball Fanzone mit Eventmodulen von den Experten f\u00fcr Fu\u00dfball-Events. Garantiert ein Volltreffer f\u00fcr Ihr Event!\" \/>\n<meta property=\"og:url\" content=\"https:\/\/www.kick-point.com\/de\/eventkonzepte\/fussball-fanzone\/\" \/>\n<meta property=\"og:site_name\" content=\"Kick-Point\" \/>\n<meta property=\"article:modified_time\" content=\"2017-01-30T11:00:40+00:00\" \/>\n<meta property=\"og:image\" content=\"https:\/\/www.kick-point.com\/wp-content\/uploads\/fussball-fanzone-visualisierung.jpg\" \/>\n<script type=\"application\/ld+json\" class=\"yoast-schema-graph\">{\"@context\":\"https:\/\/schema.org\",\"@graph\":[{\"@type\":\"WebPage\",\"@id\":\"https:\/\/www.kick-point.com\/de\/eventkonzepte\/fussball-fanzone\/\",\"url\":\"https:\/\/www.kick-point.com\/de\/eventkonzepte\/fussball-fanzone\/\",\"name\":\"Fu\u00dfball Fanzone\",\"isPartOf\":{\"@id\":\"https:\/\/www.kick-point.com\/de\/#website\"},\"primaryImageOfPage\":{\"@id\":\"https:\/\/www.kick-point.com\/de\/eventkonzepte\/fussball-fanzone\/#primaryimage\"},\"image\":{\"@id\":\"https:\/\/www.kick-point.com\/de\/eventkonzepte\/fussball-fanzone\/#primaryimage\"},\"thumbnailUrl\":\"https:\/\/www.kick-point.com\/wp-content\/uploads\/fussball-fanzone-visualisierung.jpg\",\"datePublished\":\"2013-07-23T11:16:48+00:00\",\"dateModified\":\"2017-01-30T11:00:40+00:00\",\"description\":\"Die Fu\u00dfball Fanzone mit Eventmodulen von den Experten f\u00fcr Fu\u00dfball-Events. Garantiert ein Volltreffer f\u00fcr Ihr Event!\",\"breadcrumb\":{\"@id\":\"https:\/\/www.kick-point.com\/de\/eventkonzepte\/fussball-fanzone\/#breadcrumb\"},\"inLanguage\":\"de\",\"potentialAction\":[{\"@type\":\"ReadAction\",\"target\":[\"https:\/\/www.kick-point.com\/de\/eventkonzepte\/fussball-fanzone\/\"]}]},{\"@type\":\"ImageObject\",\"inLanguage\":\"de\",\"@id\":\"https:\/\/www.kick-point.com\/de\/eventkonzepte\/fussball-fanzone\/#primaryimage\",\"url\":\"https:\/\/www.kick-point.com\/wp-content\/uploads\/fussball-fanzone-visualisierung.jpg\",\"contentUrl\":\"https:\/\/www.kick-point.com\/wp-content\/uploads\/fussball-fanzone-visualisierung.jpg\"},{\"@type\":\"BreadcrumbList\",\"@id\":\"https:\/\/www.kick-point.com\/de\/eventkonzepte\/fussball-fanzone\/#breadcrumb\",\"itemListElement\":[{\"@type\":\"ListItem\",\"position\":1,\"name\":\"Eventkonzepte\",\"item\":\"https:\/\/www.kick-point.com\/de\/eventkonzepte\/\"},{\"@type\":\"ListItem\",\"position\":2,\"name\":\"Fu\u00dfball Fanzone\"}]},{\"@type\":\"WebSite\",\"@id\":\"https:\/\/www.kick-point.com\/de\/#website\",\"url\":\"https:\/\/www.kick-point.com\/de\/\",\"name\":\"Kick-Point\",\"description\":\"Events und Event-Module rund um das elektronische Fu\u00dfballtor\",\"potentialAction\":[{\"@type\":\"SearchAction\",\"target\":{\"@type\":\"EntryPoint\",\"urlTemplate\":\"https:\/\/www.kick-point.com\/de\/?s={search_term_string}\"},\"query-input\":\"required name=search_term_string\"}],\"inLanguage\":\"de\"}]}<\/script>\n<!-- \/ Yoast SEO plugin. -->","yoast_head_json":{"title":"Fu\u00dfball Fanzone","description":"Die Fu\u00dfball Fanzone mit Eventmodulen von den Experten f\u00fcr Fu\u00dfball-Events. Garantiert ein Volltreffer f\u00fcr Ihr Event!","robots":{"index":"index","follow":"follow","max-snippet":"max-snippet:-1","max-image-preview":"max-image-preview:large","max-video-preview":"max-video-preview:-1"},"canonical":"https:\/\/www.kick-point.com\/de\/eventkonzepte\/fussball-fanzone\/","og_locale":"de_DE","og_type":"article","og_title":"Fu\u00dfball Fanzone","og_description":"Die Fu\u00dfball Fanzone mit Eventmodulen von den Experten f\u00fcr Fu\u00dfball-Events. Garantiert ein Volltreffer f\u00fcr Ihr Event!","og_url":"https:\/\/www.kick-point.com\/de\/eventkonzepte\/fussball-fanzone\/","og_site_name":"Kick-Point","article_modified_time":"2017-01-30T11:00:40+00:00","og_image":[{"url":"https:\/\/www.kick-point.com\/wp-content\/uploads\/fussball-fanzone-visualisierung.jpg"}],"schema":{"@context":"https:\/\/schema.org","@graph":[{"@type":"WebPage","@id":"https:\/\/www.kick-point.com\/de\/eventkonzepte\/fussball-fanzone\/","url":"https:\/\/www.kick-point.com\/de\/eventkonzepte\/fussball-fanzone\/","name":"Fu\u00dfball Fanzone","isPartOf":{"@id":"https:\/\/www.kick-point.com\/de\/#website"},"primaryImageOfPage":{"@id":"https:\/\/www.kick-point.com\/de\/eventkonzepte\/fussball-fanzone\/#primaryimage"},"image":{"@id":"https:\/\/www.kick-point.com\/de\/eventkonzepte\/fussball-fanzone\/#primaryimage"},"thumbnailUrl":"https:\/\/www.kick-point.com\/wp-content\/uploads\/fussball-fanzone-visualisierung.jpg","datePublished":"2013-07-23T11:16:48+00:00","dateModified":"2017-01-30T11:00:40+00:00","description":"Die Fu\u00dfball Fanzone mit Eventmodulen von den Experten f\u00fcr Fu\u00dfball-Events. Garantiert ein Volltreffer f\u00fcr Ihr Event!","breadcrumb":{"@id":"https:\/\/www.kick-point.com\/de\/eventkonzepte\/fussball-fanzone\/#breadcrumb"},"inLanguage":"de","potentialAction":[{"@type":"ReadAction","target":["https:\/\/www.kick-point.com\/de\/eventkonzepte\/fussball-fanzone\/"]}]},{"@type":"ImageObject","inLanguage":"de","@id":"https:\/\/www.kick-point.com\/de\/eventkonzepte\/fussball-fanzone\/#primaryimage","url":"https:\/\/www.kick-point.com\/wp-content\/uploads\/fussball-fanzone-visualisierung.jpg","contentUrl":"https:\/\/www.kick-point.com\/wp-content\/uploads\/fussball-fanzone-visualisierung.jpg"},{"@type":"BreadcrumbList","@id":"https:\/\/www.kick-point.com\/de\/eventkonzepte\/fussball-fanzone\/#breadcrumb","itemListElement":[{"@type":"ListItem","position":1,"name":"Eventkonzepte","item":"https:\/\/www.kick-point.com\/de\/eventkonzepte\/"},{"@type":"ListItem","position":2,"name":"Fu\u00dfball Fanzone"}]},{"@type":"WebSite","@id":"https:\/\/www.kick-point.com\/de\/#website","url":"https:\/\/www.kick-point.com\/de\/","name":"Kick-Point","description":"Events und Event-Module rund um das elektronische Fu\u00dfballtor","potentialAction":[{"@type":"SearchAction","target":{"@type":"EntryPoint","urlTemplate":"https:\/\/www.kick-point.com\/de\/?s={search_term_string}"},"query-input":"required name=search_term_string"}],"inLanguage":"de"}]}},"_links":{"self":[{"href":"https:\/\/www.kick-point.com\/de\/wp-json\/wp\/v2\/pages\/4527","targetHints":{"allow":["GET"]}}],"collection":[{"href":"https:\/\/www.kick-point.com\/de\/wp-json\/wp\/v2\/pages"}],"about":[{"href":"https:\/\/www.kick-point.com\/de\/wp-json\/wp\/v2\/types\/page"}],"author":[{"embeddable":true,"href":"https:\/\/www.kick-point.com\/de\/wp-json\/wp\/v2\/users\/12"}],"replies":[{"embeddable":true,"href":"https:\/\/www.kick-point.com\/de\/wp-json\/wp\/v2\/comments?post=4527"}],"version-history":[{"count":13,"href":"https:\/\/www.kick-point.com\/de\/wp-json\/wp\/v2\/pages\/4527\/revisions"}],"predecessor-version":[{"id":21928,"href":"https:\/\/www.kick-point.com\/de\/wp-json\/wp\/v2\/pages\/4527\/revisions\/21928"}],"up":[{"embeddable":true,"href":"https:\/\/www.kick-point.com\/de\/wp-json\/wp\/v2\/pages\/4621"}],"wp:attachment":[{"href":"https:\/\/www.kick-point.com\/de\/wp-json\/wp\/v2\/media?parent=4527"}],"curies":[{"name":"wp","href":"https:\/\/api.w.org\/{rel}","templated":true}]}}