{"id":4514,"date":"2013-07-23T13:07:53","date_gmt":"2013-07-23T11:07:53","guid":{"rendered":"https:\/\/www.kick-point.com\/?page_id=4514"},"modified":"2015-05-27T10:20:48","modified_gmt":"2015-05-27T08:20:48","slug":"rabatt-kick-rabatte-schiesen","status":"publish","type":"page","link":"https:\/\/www.kick-point.com\/de\/kick-point\/spielvarianten\/rabatt-kick-rabatte-schiesen\/","title":{"rendered":"Rabatt Kick"},"content":{"rendered":"<p><a href=\"https:\/\/www.kick-point.com\/wp-content\/uploads\/rabatt-kick.jpg\"><img loading=\"lazy\" decoding=\"async\" class=\"alignright size-full wp-image-7214\" alt=\"Rabatt Kick\" src=\"https:\/\/www.kick-point.com\/wp-content\/uploads\/rabatt-kick.jpg\" width=\"600\" height=\"450\" \/><\/a>Lassen Sie Ihre Kunden ihre eigenen Rabatte schie\u00dfen. So versucht der Spieler am Kick-Point mit 3 Sch\u00fcssen einen m\u00f6glichst hohen Rabattsatz zu erzielen, indem er auf die entsprechenden Prozente am Bildschirm zielt, der ihm den verg\u00fcnstigten Einkauf Ihrer Produkte erm\u00f6glicht. Der dazu passenden Gutschein wird am Kick-Point PC direkt auf die <a title=\"Urkunden\" href=\"https:\/\/www.kick-point.com\/de\/kick-point\/branding\/urkunden\/\">Urkunde<\/a> des Spielers gedruckt.<\/p>\n<p><a href=\"https:\/\/www.kick-point.com\/wp-content\/uploads\/discount-aktion-shopping-center.jpg\"><img loading=\"lazy\" decoding=\"async\" class=\"alignleft size-thumbnail wp-image-7197\" alt=\"discount-aktion-shopping-center\" src=\"https:\/\/www.kick-point.com\/wp-content\/uploads\/discount-aktion-shopping-center-150x150.jpg\" width=\"72\" height=\"72\" \/><\/a><\/p>\n<p>&nbsp;<\/p>\n<p>&nbsp;<\/p>\n<p>&nbsp;<\/p>\n<p>&nbsp;<\/p>\n<p>Informationen zu anderen Spielvarianten finden Sie hier:<\/p>\n<ul>\n<li><a title=\"Der Klassiker \u2013 das Punkteschiessen\" href=\"\/?page_id=4506\" target=\"_blank\"><span style=\"color: #000000;\">Points Kick<\/span><\/a><\/li>\n<li><a title=\"Logo Kick\" href=\"\/?page_id=4508\" target=\"_blank\"><span style=\"color: #000000;\">Logo Kick<\/span><\/a><\/li>\n<li><a title=\"Charity Kick\" href=\"\/?page_id=4512\" target=\"_blank\"><span style=\"color: #000000;\">Charity Kick<\/span><\/a><\/li>\n<li><a title=\"Prize Kick \u2013 Gewinne schie\u00dfen\" href=\"\/?page_id=4516\" target=\"_blank\"><span style=\"color: #000000;\">Prize Kick<\/span><\/a><\/li>\n<li><span style=\"color: #000000;\"><a title=\"Quiz Kick \u2013 der Kick mit Frage und Antwort\" href=\"\/?page_id=4518\" target=\"_blank\"><span style=\"color: #000000;\">Quiz Kick<\/span><\/a><\/span><\/li>\n<\/ul>\n","protected":false},"excerpt":{"rendered":"<p>Lassen Sie Ihre Kunden ihre eigenen Rabatte schie\u00dfen. So versucht der Spieler am Kick-Point mit 3 Sch\u00fcssen einen m\u00f6glichst hohen Rabattsatz zu erzielen, indem er auf die entsprechenden Prozente am Bildschirm zielt, der ihm den verg\u00fcnstigten Einkauf Ihrer Produkte erm\u00f6glicht. Der dazu passenden Gutschein wird am Kick-Point PC direkt auf die Urkunde des Spielers gedruckt. [&hellip;]<\/p>\n","protected":false},"author":12,"featured_media":0,"parent":21,"menu_order":0,"comment_status":"closed","ping_status":"closed","template":"","meta":{"footnotes":""},"class_list":["post-4514","page","type-page","status-publish","hentry"],"yoast_head":"<!-- This site is optimized with the Yoast SEO plugin v22.8 - https:\/\/yoast.com\/wordpress\/plugins\/seo\/ -->\n<title>Rabatt Kick<\/title>\n<meta name=\"robots\" content=\"index, follow, max-snippet:-1, max-image-preview:large, max-video-preview:-1\" \/>\n<link rel=\"canonical\" href=\"https:\/\/www.kick-point.com\/de\/kick-point\/spielvarianten\/rabatt-kick-rabatte-schiesen\/\" \/>\n<meta property=\"og:locale\" content=\"de_DE\" \/>\n<meta property=\"og:type\" content=\"article\" \/>\n<meta property=\"og:title\" content=\"Rabatt Kick\" \/>\n<meta property=\"og:description\" content=\"Lassen Sie Ihre Kunden ihre eigenen Rabatte schie\u00dfen. So versucht der Spieler am Kick-Point mit 3 Sch\u00fcssen einen m\u00f6glichst hohen Rabattsatz zu erzielen, indem er auf die entsprechenden Prozente am Bildschirm zielt, der ihm den verg\u00fcnstigten Einkauf Ihrer Produkte erm\u00f6glicht. Der dazu passenden Gutschein wird am Kick-Point PC direkt auf die Urkunde des Spielers gedruckt. [&hellip;]\" \/>\n<meta property=\"og:url\" content=\"https:\/\/www.kick-point.com\/de\/kick-point\/spielvarianten\/rabatt-kick-rabatte-schiesen\/\" \/>\n<meta property=\"og:site_name\" content=\"Kick-Point\" \/>\n<meta property=\"article:modified_time\" content=\"2015-05-27T08:20:48+00:00\" \/>\n<meta property=\"og:image\" content=\"https:\/\/www.kick-point.com\/wp-content\/uploads\/rabatt-kick.jpg\" \/>\n<script type=\"application\/ld+json\" class=\"yoast-schema-graph\">{\"@context\":\"https:\/\/schema.org\",\"@graph\":[{\"@type\":\"WebPage\",\"@id\":\"https:\/\/www.kick-point.com\/de\/kick-point\/spielvarianten\/rabatt-kick-rabatte-schiesen\/\",\"url\":\"https:\/\/www.kick-point.com\/de\/kick-point\/spielvarianten\/rabatt-kick-rabatte-schiesen\/\",\"name\":\"Rabatt Kick\",\"isPartOf\":{\"@id\":\"https:\/\/www.kick-point.com\/de\/#website\"},\"primaryImageOfPage\":{\"@id\":\"https:\/\/www.kick-point.com\/de\/kick-point\/spielvarianten\/rabatt-kick-rabatte-schiesen\/#primaryimage\"},\"image\":{\"@id\":\"https:\/\/www.kick-point.com\/de\/kick-point\/spielvarianten\/rabatt-kick-rabatte-schiesen\/#primaryimage\"},\"thumbnailUrl\":\"https:\/\/www.kick-point.com\/wp-content\/uploads\/rabatt-kick.jpg\",\"datePublished\":\"2013-07-23T11:07:53+00:00\",\"dateModified\":\"2015-05-27T08:20:48+00:00\",\"breadcrumb\":{\"@id\":\"https:\/\/www.kick-point.com\/de\/kick-point\/spielvarianten\/rabatt-kick-rabatte-schiesen\/#breadcrumb\"},\"inLanguage\":\"de\",\"potentialAction\":[{\"@type\":\"ReadAction\",\"target\":[\"https:\/\/www.kick-point.com\/de\/kick-point\/spielvarianten\/rabatt-kick-rabatte-schiesen\/\"]}]},{\"@type\":\"ImageObject\",\"inLanguage\":\"de\",\"@id\":\"https:\/\/www.kick-point.com\/de\/kick-point\/spielvarianten\/rabatt-kick-rabatte-schiesen\/#primaryimage\",\"url\":\"https:\/\/www.kick-point.com\/wp-content\/uploads\/rabatt-kick.jpg\",\"contentUrl\":\"https:\/\/www.kick-point.com\/wp-content\/uploads\/rabatt-kick.jpg\"},{\"@type\":\"BreadcrumbList\",\"@id\":\"https:\/\/www.kick-point.com\/de\/kick-point\/spielvarianten\/rabatt-kick-rabatte-schiesen\/#breadcrumb\",\"itemListElement\":[{\"@type\":\"ListItem\",\"position\":1,\"name\":\"elektronisches Fu\u00dfballtor\",\"item\":\"https:\/\/www.kick-point.com\/de\/kick-point\/\"},{\"@type\":\"ListItem\",\"position\":2,\"name\":\"elektronisches Fu\u00dfballtor &#8211; Spielvarianten\",\"item\":\"https:\/\/www.kick-point.com\/de\/kick-point\/spielvarianten\/\"},{\"@type\":\"ListItem\",\"position\":3,\"name\":\"Rabatt Kick\"}]},{\"@type\":\"WebSite\",\"@id\":\"https:\/\/www.kick-point.com\/de\/#website\",\"url\":\"https:\/\/www.kick-point.com\/de\/\",\"name\":\"Kick-Point\",\"description\":\"Events und Event-Module rund um das elektronische Fu\u00dfballtor\",\"potentialAction\":[{\"@type\":\"SearchAction\",\"target\":{\"@type\":\"EntryPoint\",\"urlTemplate\":\"https:\/\/www.kick-point.com\/de\/?s={search_term_string}\"},\"query-input\":\"required name=search_term_string\"}],\"inLanguage\":\"de\"}]}<\/script>\n<!-- \/ Yoast SEO plugin. -->","yoast_head_json":{"title":"Rabatt Kick","robots":{"index":"index","follow":"follow","max-snippet":"max-snippet:-1","max-image-preview":"max-image-preview:large","max-video-preview":"max-video-preview:-1"},"canonical":"https:\/\/www.kick-point.com\/de\/kick-point\/spielvarianten\/rabatt-kick-rabatte-schiesen\/","og_locale":"de_DE","og_type":"article","og_title":"Rabatt Kick","og_description":"Lassen Sie Ihre Kunden ihre eigenen Rabatte schie\u00dfen. So versucht der Spieler am Kick-Point mit 3 Sch\u00fcssen einen m\u00f6glichst hohen Rabattsatz zu erzielen, indem er auf die entsprechenden Prozente am Bildschirm zielt, der ihm den verg\u00fcnstigten Einkauf Ihrer Produkte erm\u00f6glicht. Der dazu passenden Gutschein wird am Kick-Point PC direkt auf die Urkunde des Spielers gedruckt. [&hellip;]","og_url":"https:\/\/www.kick-point.com\/de\/kick-point\/spielvarianten\/rabatt-kick-rabatte-schiesen\/","og_site_name":"Kick-Point","article_modified_time":"2015-05-27T08:20:48+00:00","og_image":[{"url":"https:\/\/www.kick-point.com\/wp-content\/uploads\/rabatt-kick.jpg"}],"schema":{"@context":"https:\/\/schema.org","@graph":[{"@type":"WebPage","@id":"https:\/\/www.kick-point.com\/de\/kick-point\/spielvarianten\/rabatt-kick-rabatte-schiesen\/","url":"https:\/\/www.kick-point.com\/de\/kick-point\/spielvarianten\/rabatt-kick-rabatte-schiesen\/","name":"Rabatt Kick","isPartOf":{"@id":"https:\/\/www.kick-point.com\/de\/#website"},"primaryImageOfPage":{"@id":"https:\/\/www.kick-point.com\/de\/kick-point\/spielvarianten\/rabatt-kick-rabatte-schiesen\/#primaryimage"},"image":{"@id":"https:\/\/www.kick-point.com\/de\/kick-point\/spielvarianten\/rabatt-kick-rabatte-schiesen\/#primaryimage"},"thumbnailUrl":"https:\/\/www.kick-point.com\/wp-content\/uploads\/rabatt-kick.jpg","datePublished":"2013-07-23T11:07:53+00:00","dateModified":"2015-05-27T08:20:48+00:00","breadcrumb":{"@id":"https:\/\/www.kick-point.com\/de\/kick-point\/spielvarianten\/rabatt-kick-rabatte-schiesen\/#breadcrumb"},"inLanguage":"de","potentialAction":[{"@type":"ReadAction","target":["https:\/\/www.kick-point.com\/de\/kick-point\/spielvarianten\/rabatt-kick-rabatte-schiesen\/"]}]},{"@type":"ImageObject","inLanguage":"de","@id":"https:\/\/www.kick-point.com\/de\/kick-point\/spielvarianten\/rabatt-kick-rabatte-schiesen\/#primaryimage","url":"https:\/\/www.kick-point.com\/wp-content\/uploads\/rabatt-kick.jpg","contentUrl":"https:\/\/www.kick-point.com\/wp-content\/uploads\/rabatt-kick.jpg"},{"@type":"BreadcrumbList","@id":"https:\/\/www.kick-point.com\/de\/kick-point\/spielvarianten\/rabatt-kick-rabatte-schiesen\/#breadcrumb","itemListElement":[{"@type":"ListItem","position":1,"name":"elektronisches Fu\u00dfballtor","item":"https:\/\/www.kick-point.com\/de\/kick-point\/"},{"@type":"ListItem","position":2,"name":"elektronisches Fu\u00dfballtor &#8211; Spielvarianten","item":"https:\/\/www.kick-point.com\/de\/kick-point\/spielvarianten\/"},{"@type":"ListItem","position":3,"name":"Rabatt Kick"}]},{"@type":"WebSite","@id":"https:\/\/www.kick-point.com\/de\/#website","url":"https:\/\/www.kick-point.com\/de\/","name":"Kick-Point","description":"Events und Event-Module rund um das elektronische Fu\u00dfballtor","potentialAction":[{"@type":"SearchAction","target":{"@type":"EntryPoint","urlTemplate":"https:\/\/www.kick-point.com\/de\/?s={search_term_string}"},"query-input":"required name=search_term_string"}],"inLanguage":"de"}]}},"_links":{"self":[{"href":"https:\/\/www.kick-point.com\/de\/wp-json\/wp\/v2\/pages\/4514","targetHints":{"allow":["GET"]}}],"collection":[{"href":"https:\/\/www.kick-point.com\/de\/wp-json\/wp\/v2\/pages"}],"about":[{"href":"https:\/\/www.kick-point.com\/de\/wp-json\/wp\/v2\/types\/page"}],"author":[{"embeddable":true,"href":"https:\/\/www.kick-point.com\/de\/wp-json\/wp\/v2\/users\/12"}],"replies":[{"embeddable":true,"href":"https:\/\/www.kick-point.com\/de\/wp-json\/wp\/v2\/comments?post=4514"}],"version-history":[{"count":4,"href":"https:\/\/www.kick-point.com\/de\/wp-json\/wp\/v2\/pages\/4514\/revisions"}],"predecessor-version":[{"id":62650,"href":"https:\/\/www.kick-point.com\/de\/wp-json\/wp\/v2\/pages\/4514\/revisions\/62650"}],"up":[{"embeddable":true,"href":"https:\/\/www.kick-point.com\/de\/wp-json\/wp\/v2\/pages\/21"}],"wp:attachment":[{"href":"https:\/\/www.kick-point.com\/de\/wp-json\/wp\/v2\/media?parent=4514"}],"curies":[{"name":"wp","href":"https:\/\/api.w.org\/{rel}","templated":true}]}}