{"id":4497,"date":"2013-07-23T12:59:25","date_gmt":"2013-07-23T10:59:25","guid":{"rendered":"https:\/\/www.kick-point.com\/?page_id=4497"},"modified":"2015-03-18T11:33:57","modified_gmt":"2015-03-18T10:33:57","slug":"12-x-08m-groses-fusballtor","status":"publish","type":"page","link":"https:\/\/www.kick-point.com\/de\/kick-point\/torgroessen\/12-x-08m-groses-fusballtor\/","title":{"rendered":"1,2&#215;0,8 m gro\u00dfes Fu\u00dfballtor"},"content":{"rendered":"<p><a href=\"https:\/\/www.kick-point.com\/wp-content\/uploads\/IMG_3005.jpg\"><img loading=\"lazy\" decoding=\"async\" class=\"alignright size-full wp-image-4974\" alt=\"IMG_3005\" src=\"https:\/\/www.kick-point.com\/wp-content\/uploads\/IMG_3005.jpg\" width=\"337\" height=\"450\" \/><\/a>Torgr\u00f6\u00dfe 1,2&#215;0,8 m &#8211; unser Bambino! Unser kleinstes Tor passt in die kleinste Location (f\u00fcr Eventfl\u00e4chen ab 2&#215;5 m). Trotz der kleine Torgr\u00f6\u00dfe verspricht das 1,2&#215;0,8 m Fu\u00dfballtor Spa\u00df und Unterhaltung mit all den M\u00f6glichkeiten und Vorz\u00fcgen, die auch die gr\u00f6\u00dferen Fu\u00dfballtore bieten.<\/p>\n<p><a href=\"https:\/\/www.kick-point.com\/wp-content\/uploads\/12x081.png\"><img loading=\"lazy\" decoding=\"async\" class=\"alignleft size-thumbnail wp-image-7438\" alt=\"12x08\" src=\"https:\/\/www.kick-point.com\/wp-content\/uploads\/12x081-150x150.png\" width=\"72\" height=\"72\" \/><\/a><\/p>\n<p>&nbsp;<\/p>\n<p>&nbsp;<\/p>\n<p>&nbsp;<\/p>\n<p>&nbsp;<\/p>\n<p style=\"text-align: left;\">\u00a0Nicht die ideale Gr\u00f6\u00dfe? Diese Alternativen stehen zur Verf\u00fcgung:<\/p>\n<ul>\n<li><a title=\"5 x 2m gro\u00dfes Fu\u00dfballtor\" href=\"https:\/\/www.kick-point.com\/de\/kick-point\/torgroessen\/5-x-2m-groses-fusballtor\/\">5&#215;2 m gro\u00dfes Fu\u00dfballtor<\/a><\/li>\n<li><a title=\"4 x 2m gro\u00dfes Fu\u00dfballtor\" href=\"https:\/\/www.kick-point.com\/de\/kick-point\/torgroessen\/4-x-2m-groses-fusballtor\/\">4&#215;2 m gro\u00dfes Fu\u00dfballtor<\/a><\/li>\n<li><a title=\"3 x 2m gro\u00dfes Fu\u00dfballtor\" href=\"https:\/\/www.kick-point.com\/de\/kick-point\/torgroessen\/m-3-x-2m-groses-fusballtor\/\">3&#215;2 m gro\u00dfes Fu\u00dfballtor<\/a><\/li>\n<li><a title=\"1,8 x 1,2m gro\u00dfes Fu\u00dfballtor\" href=\"https:\/\/www.kick-point.com\/de\/kick-point\/torgroessen\/18-x-12m-groses-fusballtor\/\">1,8&#215;1,2 m gro\u00dfes Fu\u00dfballtor<\/a><\/li>\n<\/ul>\n","protected":false},"excerpt":{"rendered":"<p>Torgr\u00f6\u00dfe 1,2&#215;0,8 m &#8211; unser Bambino! Unser kleinstes Tor passt in die kleinste Location (f\u00fcr Eventfl\u00e4chen ab 2&#215;5 m). Trotz der kleine Torgr\u00f6\u00dfe verspricht das 1,2&#215;0,8 m Fu\u00dfballtor Spa\u00df und Unterhaltung mit all den M\u00f6glichkeiten und Vorz\u00fcgen, die auch die gr\u00f6\u00dferen Fu\u00dfballtore bieten. &nbsp; &nbsp; &nbsp; &nbsp; \u00a0Nicht die ideale Gr\u00f6\u00dfe? Diese Alternativen stehen zur [&hellip;]<\/p>\n","protected":false},"author":12,"featured_media":0,"parent":2,"menu_order":0,"comment_status":"closed","ping_status":"closed","template":"","meta":{"footnotes":""},"class_list":["post-4497","page","type-page","status-publish","hentry"],"yoast_head":"<!-- This site is optimized with the Yoast SEO plugin v22.8 - https:\/\/yoast.com\/wordpress\/plugins\/seo\/ -->\n<title>1,2x0,8 m gro\u00dfes Fu\u00dfballtor<\/title>\n<meta name=\"robots\" content=\"index, follow, max-snippet:-1, max-image-preview:large, max-video-preview:-1\" \/>\n<link rel=\"canonical\" href=\"https:\/\/www.kick-point.com\/de\/kick-point\/torgroessen\/12-x-08m-groses-fusballtor\/\" \/>\n<meta property=\"og:locale\" content=\"de_DE\" \/>\n<meta property=\"og:type\" content=\"article\" \/>\n<meta property=\"og:title\" content=\"1,2x0,8 m gro\u00dfes Fu\u00dfballtor\" \/>\n<meta property=\"og:description\" content=\"Torgr\u00f6\u00dfe 1,2&#215;0,8 m &#8211; unser Bambino! Unser kleinstes Tor passt in die kleinste Location (f\u00fcr Eventfl\u00e4chen ab 2&#215;5 m). Trotz der kleine Torgr\u00f6\u00dfe verspricht das 1,2&#215;0,8 m Fu\u00dfballtor Spa\u00df und Unterhaltung mit all den M\u00f6glichkeiten und Vorz\u00fcgen, die auch die gr\u00f6\u00dferen Fu\u00dfballtore bieten. &nbsp; &nbsp; &nbsp; &nbsp; \u00a0Nicht die ideale Gr\u00f6\u00dfe? Diese Alternativen stehen zur [&hellip;]\" \/>\n<meta property=\"og:url\" content=\"https:\/\/www.kick-point.com\/de\/kick-point\/torgroessen\/12-x-08m-groses-fusballtor\/\" \/>\n<meta property=\"og:site_name\" content=\"Kick-Point\" \/>\n<meta property=\"article:modified_time\" content=\"2015-03-18T10:33:57+00:00\" \/>\n<meta property=\"og:image\" content=\"https:\/\/www.kick-point.com\/wp-content\/uploads\/IMG_3005.jpg\" \/>\n<script type=\"application\/ld+json\" class=\"yoast-schema-graph\">{\"@context\":\"https:\/\/schema.org\",\"@graph\":[{\"@type\":\"WebPage\",\"@id\":\"https:\/\/www.kick-point.com\/de\/kick-point\/torgroessen\/12-x-08m-groses-fusballtor\/\",\"url\":\"https:\/\/www.kick-point.com\/de\/kick-point\/torgroessen\/12-x-08m-groses-fusballtor\/\",\"name\":\"1,2x0,8 m gro\u00dfes Fu\u00dfballtor\",\"isPartOf\":{\"@id\":\"https:\/\/www.kick-point.com\/de\/#website\"},\"primaryImageOfPage\":{\"@id\":\"https:\/\/www.kick-point.com\/de\/kick-point\/torgroessen\/12-x-08m-groses-fusballtor\/#primaryimage\"},\"image\":{\"@id\":\"https:\/\/www.kick-point.com\/de\/kick-point\/torgroessen\/12-x-08m-groses-fusballtor\/#primaryimage\"},\"thumbnailUrl\":\"https:\/\/www.kick-point.com\/wp-content\/uploads\/IMG_3005.jpg\",\"datePublished\":\"2013-07-23T10:59:25+00:00\",\"dateModified\":\"2015-03-18T10:33:57+00:00\",\"breadcrumb\":{\"@id\":\"https:\/\/www.kick-point.com\/de\/kick-point\/torgroessen\/12-x-08m-groses-fusballtor\/#breadcrumb\"},\"inLanguage\":\"de\",\"potentialAction\":[{\"@type\":\"ReadAction\",\"target\":[\"https:\/\/www.kick-point.com\/de\/kick-point\/torgroessen\/12-x-08m-groses-fusballtor\/\"]}]},{\"@type\":\"ImageObject\",\"inLanguage\":\"de\",\"@id\":\"https:\/\/www.kick-point.com\/de\/kick-point\/torgroessen\/12-x-08m-groses-fusballtor\/#primaryimage\",\"url\":\"https:\/\/www.kick-point.com\/wp-content\/uploads\/IMG_3005.jpg\",\"contentUrl\":\"https:\/\/www.kick-point.com\/wp-content\/uploads\/IMG_3005.jpg\"},{\"@type\":\"BreadcrumbList\",\"@id\":\"https:\/\/www.kick-point.com\/de\/kick-point\/torgroessen\/12-x-08m-groses-fusballtor\/#breadcrumb\",\"itemListElement\":[{\"@type\":\"ListItem\",\"position\":1,\"name\":\"elektronisches Fu\u00dfballtor\",\"item\":\"https:\/\/www.kick-point.com\/de\/kick-point\/\"},{\"@type\":\"ListItem\",\"position\":2,\"name\":\"Torgr\u00f6\u00dfen\",\"item\":\"https:\/\/www.kick-point.com\/de\/kick-point\/torgroessen\/\"},{\"@type\":\"ListItem\",\"position\":3,\"name\":\"1,2&#215;0,8 m gro\u00dfes Fu\u00dfballtor\"}]},{\"@type\":\"WebSite\",\"@id\":\"https:\/\/www.kick-point.com\/de\/#website\",\"url\":\"https:\/\/www.kick-point.com\/de\/\",\"name\":\"Kick-Point\",\"description\":\"Events und Event-Module rund um das elektronische Fu\u00dfballtor\",\"potentialAction\":[{\"@type\":\"SearchAction\",\"target\":{\"@type\":\"EntryPoint\",\"urlTemplate\":\"https:\/\/www.kick-point.com\/de\/?s={search_term_string}\"},\"query-input\":\"required name=search_term_string\"}],\"inLanguage\":\"de\"}]}<\/script>\n<!-- \/ Yoast SEO plugin. -->","yoast_head_json":{"title":"1,2x0,8 m gro\u00dfes Fu\u00dfballtor","robots":{"index":"index","follow":"follow","max-snippet":"max-snippet:-1","max-image-preview":"max-image-preview:large","max-video-preview":"max-video-preview:-1"},"canonical":"https:\/\/www.kick-point.com\/de\/kick-point\/torgroessen\/12-x-08m-groses-fusballtor\/","og_locale":"de_DE","og_type":"article","og_title":"1,2x0,8 m gro\u00dfes Fu\u00dfballtor","og_description":"Torgr\u00f6\u00dfe 1,2&#215;0,8 m &#8211; unser Bambino! Unser kleinstes Tor passt in die kleinste Location (f\u00fcr Eventfl\u00e4chen ab 2&#215;5 m). Trotz der kleine Torgr\u00f6\u00dfe verspricht das 1,2&#215;0,8 m Fu\u00dfballtor Spa\u00df und Unterhaltung mit all den M\u00f6glichkeiten und Vorz\u00fcgen, die auch die gr\u00f6\u00dferen Fu\u00dfballtore bieten. &nbsp; &nbsp; &nbsp; &nbsp; \u00a0Nicht die ideale Gr\u00f6\u00dfe? Diese Alternativen stehen zur [&hellip;]","og_url":"https:\/\/www.kick-point.com\/de\/kick-point\/torgroessen\/12-x-08m-groses-fusballtor\/","og_site_name":"Kick-Point","article_modified_time":"2015-03-18T10:33:57+00:00","og_image":[{"url":"https:\/\/www.kick-point.com\/wp-content\/uploads\/IMG_3005.jpg"}],"schema":{"@context":"https:\/\/schema.org","@graph":[{"@type":"WebPage","@id":"https:\/\/www.kick-point.com\/de\/kick-point\/torgroessen\/12-x-08m-groses-fusballtor\/","url":"https:\/\/www.kick-point.com\/de\/kick-point\/torgroessen\/12-x-08m-groses-fusballtor\/","name":"1,2x0,8 m gro\u00dfes Fu\u00dfballtor","isPartOf":{"@id":"https:\/\/www.kick-point.com\/de\/#website"},"primaryImageOfPage":{"@id":"https:\/\/www.kick-point.com\/de\/kick-point\/torgroessen\/12-x-08m-groses-fusballtor\/#primaryimage"},"image":{"@id":"https:\/\/www.kick-point.com\/de\/kick-point\/torgroessen\/12-x-08m-groses-fusballtor\/#primaryimage"},"thumbnailUrl":"https:\/\/www.kick-point.com\/wp-content\/uploads\/IMG_3005.jpg","datePublished":"2013-07-23T10:59:25+00:00","dateModified":"2015-03-18T10:33:57+00:00","breadcrumb":{"@id":"https:\/\/www.kick-point.com\/de\/kick-point\/torgroessen\/12-x-08m-groses-fusballtor\/#breadcrumb"},"inLanguage":"de","potentialAction":[{"@type":"ReadAction","target":["https:\/\/www.kick-point.com\/de\/kick-point\/torgroessen\/12-x-08m-groses-fusballtor\/"]}]},{"@type":"ImageObject","inLanguage":"de","@id":"https:\/\/www.kick-point.com\/de\/kick-point\/torgroessen\/12-x-08m-groses-fusballtor\/#primaryimage","url":"https:\/\/www.kick-point.com\/wp-content\/uploads\/IMG_3005.jpg","contentUrl":"https:\/\/www.kick-point.com\/wp-content\/uploads\/IMG_3005.jpg"},{"@type":"BreadcrumbList","@id":"https:\/\/www.kick-point.com\/de\/kick-point\/torgroessen\/12-x-08m-groses-fusballtor\/#breadcrumb","itemListElement":[{"@type":"ListItem","position":1,"name":"elektronisches Fu\u00dfballtor","item":"https:\/\/www.kick-point.com\/de\/kick-point\/"},{"@type":"ListItem","position":2,"name":"Torgr\u00f6\u00dfen","item":"https:\/\/www.kick-point.com\/de\/kick-point\/torgroessen\/"},{"@type":"ListItem","position":3,"name":"1,2&#215;0,8 m gro\u00dfes Fu\u00dfballtor"}]},{"@type":"WebSite","@id":"https:\/\/www.kick-point.com\/de\/#website","url":"https:\/\/www.kick-point.com\/de\/","name":"Kick-Point","description":"Events und Event-Module rund um das elektronische Fu\u00dfballtor","potentialAction":[{"@type":"SearchAction","target":{"@type":"EntryPoint","urlTemplate":"https:\/\/www.kick-point.com\/de\/?s={search_term_string}"},"query-input":"required name=search_term_string"}],"inLanguage":"de"}]}},"_links":{"self":[{"href":"https:\/\/www.kick-point.com\/de\/wp-json\/wp\/v2\/pages\/4497","targetHints":{"allow":["GET"]}}],"collection":[{"href":"https:\/\/www.kick-point.com\/de\/wp-json\/wp\/v2\/pages"}],"about":[{"href":"https:\/\/www.kick-point.com\/de\/wp-json\/wp\/v2\/types\/page"}],"author":[{"embeddable":true,"href":"https:\/\/www.kick-point.com\/de\/wp-json\/wp\/v2\/users\/12"}],"replies":[{"embeddable":true,"href":"https:\/\/www.kick-point.com\/de\/wp-json\/wp\/v2\/comments?post=4497"}],"version-history":[{"count":2,"href":"https:\/\/www.kick-point.com\/de\/wp-json\/wp\/v2\/pages\/4497\/revisions"}],"predecessor-version":[{"id":21951,"href":"https:\/\/www.kick-point.com\/de\/wp-json\/wp\/v2\/pages\/4497\/revisions\/21951"}],"up":[{"embeddable":true,"href":"https:\/\/www.kick-point.com\/de\/wp-json\/wp\/v2\/pages\/2"}],"wp:attachment":[{"href":"https:\/\/www.kick-point.com\/de\/wp-json\/wp\/v2\/media?parent=4497"}],"curies":[{"name":"wp","href":"https:\/\/api.w.org\/{rel}","templated":true}]}}