{"id":4489,"date":"2013-07-23T12:58:24","date_gmt":"2013-07-23T10:58:24","guid":{"rendered":"https:\/\/www.kick-point.com\/?page_id=4489"},"modified":"2016-02-16T10:49:58","modified_gmt":"2016-02-16T09:49:58","slug":"5-x-2m-groses-fusballtor","status":"publish","type":"page","link":"https:\/\/www.kick-point.com\/de\/kick-point\/torgroessen\/5-x-2m-groses-fusballtor\/","title":{"rendered":"5&#215;2 m gro\u00dfes Fu\u00dfballtor"},"content":{"rendered":"<p><a href=\"https:\/\/www.kick-point.com\/wp-content\/uploads\/sky-tv-fussball-sommerpromotion.jpg\"><img loading=\"lazy\" decoding=\"async\" class=\"alignright size-full wp-image-61172\" alt=\"SKY TV Fu\u00dfball Sommerpromotion\" src=\"https:\/\/www.kick-point.com\/wp-content\/uploads\/sky-tv-fussball-sommerpromotion.jpg\" width=\"600\" height=\"450\" \/><\/a>Fu\u00dfballtorgr\u00f6\u00dfe 5&#215;2 m &#8211; unser Profi f\u00fcr Outdoor-Events und wenn gro\u00dfe Fl\u00e4chen (ab 9&#215;13 m) zur Verf\u00fcgung stehen! Ideal in Kombination mit Ballfangnetz, oder, wenn es etwas schicker sein soll, mit \u00a0<a title=\"Soccer-Inflatables\" href=\"https:\/\/www.kick-point.com\/de\/weitere-fussballmodule\/soccer-inflatables\/\">Fu\u00dfball Inflatable<\/a> oder einer Traverse!<\/p>\n<p><a href=\"https:\/\/www.kick-point.com\/wp-content\/uploads\/5x2.jpg\"><img loading=\"lazy\" decoding=\"async\" class=\"alignleft  wp-image-5530\" alt=\"5x2\" src=\"https:\/\/www.kick-point.com\/wp-content\/uploads\/5x2-150x150.jpg\" width=\"72\" height=\"72\" \/><\/a><a href=\"https:\/\/www.kick-point.com\/wp-content\/uploads\/5x2_truss.jpg\"><img loading=\"lazy\" decoding=\"async\" class=\"size-thumbnail wp-image-63429 alignleft\" alt=\"5x2_truss\" src=\"https:\/\/www.kick-point.com\/wp-content\/uploads\/5x2_truss.jpg\" width=\"72\" height=\"72\" \/><\/a><a href=\"https:\/\/www.kick-point.com\/wp-content\/uploads\/kpt_datenblatt_kick-point5x2.pdf\" target=\"_blank\"><img loading=\"lazy\" decoding=\"async\" class=\"alignleft size-full wp-image-7377\" alt=\"pdf-platzhalter\" src=\"https:\/\/www.kick-point.com\/wp-content\/uploads\/pdf-platzhalter.png\" width=\"72\" height=\"72\" \/><\/a><\/p>\n<p>&nbsp;<\/p>\n<p>&nbsp;<\/p>\n<p>&nbsp;<\/p>\n<p>&nbsp;<\/p>\n<p>Ist diese Variante zu gro\u00df? Diese Alternativen stehen zur Verf\u00fcgung:<\/p>\n<ul>\n<li><a title=\"4 x 2m gro\u00dfes Fu\u00dfballtor\" href=\"https:\/\/www.kick-point.com\/de\/kick-point\/torgroessen\/4-x-2m-groses-fusballtor\/\">4&#215;2 m gro\u00dfes Fu\u00dfballtor<\/a><\/li>\n<li><a title=\"3 x 2m gro\u00dfes Fu\u00dfballtor\" href=\"https:\/\/www.kick-point.com\/de\/kick-point\/torgroessen\/m-3-x-2m-groses-fusballtor\/\">3&#215;2 m gro\u00dfes Fu\u00dfballtor<\/a><\/li>\n<li><a title=\"1,8 x 1,2m gro\u00dfes Fu\u00dfballtor\" href=\"https:\/\/www.kick-point.com\/de\/kick-point\/torgroessen\/18-x-12m-groses-fusballtor\/\">1,8&#215;1,2 m gro\u00dfes Fu\u00dfballtor<\/a><\/li>\n<li><a title=\"1,2 x 0,8m gro\u00dfes Fu\u00dfballtor\" href=\"https:\/\/www.kick-point.com\/de\/kick-point\/torgroessen\/12-x-08m-groses-fusballtor\/\">1,2&#215;0,8 m gro\u00dfes Fu\u00dfballtor<\/a><\/li>\n<\/ul>\n","protected":false},"excerpt":{"rendered":"<p>Fu\u00dfballtorgr\u00f6\u00dfe 5&#215;2 m &#8211; unser Profi f\u00fcr Outdoor-Events und wenn gro\u00dfe Fl\u00e4chen (ab 9&#215;13 m) zur Verf\u00fcgung stehen! Ideal in Kombination mit Ballfangnetz, oder, wenn es etwas schicker sein soll, mit \u00a0Fu\u00dfball Inflatable oder einer Traverse! &nbsp; &nbsp; &nbsp; &nbsp; Ist diese Variante zu gro\u00df? Diese Alternativen stehen zur Verf\u00fcgung: 4&#215;2 m gro\u00dfes Fu\u00dfballtor 3&#215;2 [&hellip;]<\/p>\n","protected":false},"author":12,"featured_media":0,"parent":2,"menu_order":0,"comment_status":"closed","ping_status":"closed","template":"","meta":{"footnotes":""},"class_list":["post-4489","page","type-page","status-publish","hentry"],"yoast_head":"<!-- This site is optimized with the Yoast SEO plugin v22.8 - https:\/\/yoast.com\/wordpress\/plugins\/seo\/ -->\n<title>5x2 m gro\u00dfes Fu\u00dfballtor<\/title>\n<meta name=\"robots\" content=\"index, follow, max-snippet:-1, max-image-preview:large, max-video-preview:-1\" \/>\n<link rel=\"canonical\" href=\"https:\/\/www.kick-point.com\/de\/kick-point\/torgroessen\/5-x-2m-groses-fusballtor\/\" \/>\n<meta property=\"og:locale\" content=\"de_DE\" \/>\n<meta property=\"og:type\" content=\"article\" \/>\n<meta property=\"og:title\" content=\"5x2 m gro\u00dfes Fu\u00dfballtor\" \/>\n<meta property=\"og:description\" content=\"Fu\u00dfballtorgr\u00f6\u00dfe 5&#215;2 m &#8211; unser Profi f\u00fcr Outdoor-Events und wenn gro\u00dfe Fl\u00e4chen (ab 9&#215;13 m) zur Verf\u00fcgung stehen! Ideal in Kombination mit Ballfangnetz, oder, wenn es etwas schicker sein soll, mit \u00a0Fu\u00dfball Inflatable oder einer Traverse! &nbsp; &nbsp; &nbsp; &nbsp; Ist diese Variante zu gro\u00df? Diese Alternativen stehen zur Verf\u00fcgung: 4&#215;2 m gro\u00dfes Fu\u00dfballtor 3&#215;2 [&hellip;]\" \/>\n<meta property=\"og:url\" content=\"https:\/\/www.kick-point.com\/de\/kick-point\/torgroessen\/5-x-2m-groses-fusballtor\/\" \/>\n<meta property=\"og:site_name\" content=\"Kick-Point\" \/>\n<meta property=\"article:modified_time\" content=\"2016-02-16T09:49:58+00:00\" \/>\n<meta property=\"og:image\" content=\"https:\/\/www.kick-point.com\/wp-content\/uploads\/sky-tv-fussball-sommerpromotion.jpg\" \/>\n<script type=\"application\/ld+json\" class=\"yoast-schema-graph\">{\"@context\":\"https:\/\/schema.org\",\"@graph\":[{\"@type\":\"WebPage\",\"@id\":\"https:\/\/www.kick-point.com\/de\/kick-point\/torgroessen\/5-x-2m-groses-fusballtor\/\",\"url\":\"https:\/\/www.kick-point.com\/de\/kick-point\/torgroessen\/5-x-2m-groses-fusballtor\/\",\"name\":\"5x2 m gro\u00dfes Fu\u00dfballtor\",\"isPartOf\":{\"@id\":\"https:\/\/www.kick-point.com\/de\/#website\"},\"primaryImageOfPage\":{\"@id\":\"https:\/\/www.kick-point.com\/de\/kick-point\/torgroessen\/5-x-2m-groses-fusballtor\/#primaryimage\"},\"image\":{\"@id\":\"https:\/\/www.kick-point.com\/de\/kick-point\/torgroessen\/5-x-2m-groses-fusballtor\/#primaryimage\"},\"thumbnailUrl\":\"https:\/\/www.kick-point.com\/wp-content\/uploads\/sky-tv-fussball-sommerpromotion.jpg\",\"datePublished\":\"2013-07-23T10:58:24+00:00\",\"dateModified\":\"2016-02-16T09:49:58+00:00\",\"breadcrumb\":{\"@id\":\"https:\/\/www.kick-point.com\/de\/kick-point\/torgroessen\/5-x-2m-groses-fusballtor\/#breadcrumb\"},\"inLanguage\":\"de\",\"potentialAction\":[{\"@type\":\"ReadAction\",\"target\":[\"https:\/\/www.kick-point.com\/de\/kick-point\/torgroessen\/5-x-2m-groses-fusballtor\/\"]}]},{\"@type\":\"ImageObject\",\"inLanguage\":\"de\",\"@id\":\"https:\/\/www.kick-point.com\/de\/kick-point\/torgroessen\/5-x-2m-groses-fusballtor\/#primaryimage\",\"url\":\"https:\/\/www.kick-point.com\/wp-content\/uploads\/sky-tv-fussball-sommerpromotion.jpg\",\"contentUrl\":\"https:\/\/www.kick-point.com\/wp-content\/uploads\/sky-tv-fussball-sommerpromotion.jpg\"},{\"@type\":\"BreadcrumbList\",\"@id\":\"https:\/\/www.kick-point.com\/de\/kick-point\/torgroessen\/5-x-2m-groses-fusballtor\/#breadcrumb\",\"itemListElement\":[{\"@type\":\"ListItem\",\"position\":1,\"name\":\"elektronisches Fu\u00dfballtor\",\"item\":\"https:\/\/www.kick-point.com\/de\/kick-point\/\"},{\"@type\":\"ListItem\",\"position\":2,\"name\":\"Torgr\u00f6\u00dfen\",\"item\":\"https:\/\/www.kick-point.com\/de\/kick-point\/torgroessen\/\"},{\"@type\":\"ListItem\",\"position\":3,\"name\":\"5&#215;2 m gro\u00dfes Fu\u00dfballtor\"}]},{\"@type\":\"WebSite\",\"@id\":\"https:\/\/www.kick-point.com\/de\/#website\",\"url\":\"https:\/\/www.kick-point.com\/de\/\",\"name\":\"Kick-Point\",\"description\":\"Events und Event-Module rund um das elektronische Fu\u00dfballtor\",\"potentialAction\":[{\"@type\":\"SearchAction\",\"target\":{\"@type\":\"EntryPoint\",\"urlTemplate\":\"https:\/\/www.kick-point.com\/de\/?s={search_term_string}\"},\"query-input\":\"required name=search_term_string\"}],\"inLanguage\":\"de\"}]}<\/script>\n<!-- \/ Yoast SEO plugin. -->","yoast_head_json":{"title":"5x2 m gro\u00dfes Fu\u00dfballtor","robots":{"index":"index","follow":"follow","max-snippet":"max-snippet:-1","max-image-preview":"max-image-preview:large","max-video-preview":"max-video-preview:-1"},"canonical":"https:\/\/www.kick-point.com\/de\/kick-point\/torgroessen\/5-x-2m-groses-fusballtor\/","og_locale":"de_DE","og_type":"article","og_title":"5x2 m gro\u00dfes Fu\u00dfballtor","og_description":"Fu\u00dfballtorgr\u00f6\u00dfe 5&#215;2 m &#8211; unser Profi f\u00fcr Outdoor-Events und wenn gro\u00dfe Fl\u00e4chen (ab 9&#215;13 m) zur Verf\u00fcgung stehen! Ideal in Kombination mit Ballfangnetz, oder, wenn es etwas schicker sein soll, mit \u00a0Fu\u00dfball Inflatable oder einer Traverse! &nbsp; &nbsp; &nbsp; &nbsp; Ist diese Variante zu gro\u00df? Diese Alternativen stehen zur Verf\u00fcgung: 4&#215;2 m gro\u00dfes Fu\u00dfballtor 3&#215;2 [&hellip;]","og_url":"https:\/\/www.kick-point.com\/de\/kick-point\/torgroessen\/5-x-2m-groses-fusballtor\/","og_site_name":"Kick-Point","article_modified_time":"2016-02-16T09:49:58+00:00","og_image":[{"url":"https:\/\/www.kick-point.com\/wp-content\/uploads\/sky-tv-fussball-sommerpromotion.jpg"}],"schema":{"@context":"https:\/\/schema.org","@graph":[{"@type":"WebPage","@id":"https:\/\/www.kick-point.com\/de\/kick-point\/torgroessen\/5-x-2m-groses-fusballtor\/","url":"https:\/\/www.kick-point.com\/de\/kick-point\/torgroessen\/5-x-2m-groses-fusballtor\/","name":"5x2 m gro\u00dfes Fu\u00dfballtor","isPartOf":{"@id":"https:\/\/www.kick-point.com\/de\/#website"},"primaryImageOfPage":{"@id":"https:\/\/www.kick-point.com\/de\/kick-point\/torgroessen\/5-x-2m-groses-fusballtor\/#primaryimage"},"image":{"@id":"https:\/\/www.kick-point.com\/de\/kick-point\/torgroessen\/5-x-2m-groses-fusballtor\/#primaryimage"},"thumbnailUrl":"https:\/\/www.kick-point.com\/wp-content\/uploads\/sky-tv-fussball-sommerpromotion.jpg","datePublished":"2013-07-23T10:58:24+00:00","dateModified":"2016-02-16T09:49:58+00:00","breadcrumb":{"@id":"https:\/\/www.kick-point.com\/de\/kick-point\/torgroessen\/5-x-2m-groses-fusballtor\/#breadcrumb"},"inLanguage":"de","potentialAction":[{"@type":"ReadAction","target":["https:\/\/www.kick-point.com\/de\/kick-point\/torgroessen\/5-x-2m-groses-fusballtor\/"]}]},{"@type":"ImageObject","inLanguage":"de","@id":"https:\/\/www.kick-point.com\/de\/kick-point\/torgroessen\/5-x-2m-groses-fusballtor\/#primaryimage","url":"https:\/\/www.kick-point.com\/wp-content\/uploads\/sky-tv-fussball-sommerpromotion.jpg","contentUrl":"https:\/\/www.kick-point.com\/wp-content\/uploads\/sky-tv-fussball-sommerpromotion.jpg"},{"@type":"BreadcrumbList","@id":"https:\/\/www.kick-point.com\/de\/kick-point\/torgroessen\/5-x-2m-groses-fusballtor\/#breadcrumb","itemListElement":[{"@type":"ListItem","position":1,"name":"elektronisches Fu\u00dfballtor","item":"https:\/\/www.kick-point.com\/de\/kick-point\/"},{"@type":"ListItem","position":2,"name":"Torgr\u00f6\u00dfen","item":"https:\/\/www.kick-point.com\/de\/kick-point\/torgroessen\/"},{"@type":"ListItem","position":3,"name":"5&#215;2 m gro\u00dfes Fu\u00dfballtor"}]},{"@type":"WebSite","@id":"https:\/\/www.kick-point.com\/de\/#website","url":"https:\/\/www.kick-point.com\/de\/","name":"Kick-Point","description":"Events und Event-Module rund um das elektronische Fu\u00dfballtor","potentialAction":[{"@type":"SearchAction","target":{"@type":"EntryPoint","urlTemplate":"https:\/\/www.kick-point.com\/de\/?s={search_term_string}"},"query-input":"required name=search_term_string"}],"inLanguage":"de"}]}},"_links":{"self":[{"href":"https:\/\/www.kick-point.com\/de\/wp-json\/wp\/v2\/pages\/4489","targetHints":{"allow":["GET"]}}],"collection":[{"href":"https:\/\/www.kick-point.com\/de\/wp-json\/wp\/v2\/pages"}],"about":[{"href":"https:\/\/www.kick-point.com\/de\/wp-json\/wp\/v2\/types\/page"}],"author":[{"embeddable":true,"href":"https:\/\/www.kick-point.com\/de\/wp-json\/wp\/v2\/users\/12"}],"replies":[{"embeddable":true,"href":"https:\/\/www.kick-point.com\/de\/wp-json\/wp\/v2\/comments?post=4489"}],"version-history":[{"count":10,"href":"https:\/\/www.kick-point.com\/de\/wp-json\/wp\/v2\/pages\/4489\/revisions"}],"predecessor-version":[{"id":64282,"href":"https:\/\/www.kick-point.com\/de\/wp-json\/wp\/v2\/pages\/4489\/revisions\/64282"}],"up":[{"embeddable":true,"href":"https:\/\/www.kick-point.com\/de\/wp-json\/wp\/v2\/pages\/2"}],"wp:attachment":[{"href":"https:\/\/www.kick-point.com\/de\/wp-json\/wp\/v2\/media?parent=4489"}],"curies":[{"name":"wp","href":"https:\/\/api.w.org\/{rel}","templated":true}]}}