{"id":4469,"date":"2013-07-23T11:32:34","date_gmt":"2013-07-23T09:32:34","guid":{"rendered":"https:\/\/www.kick-point.com\/?page_id=4469"},"modified":"2019-01-31T14:20:22","modified_gmt":"2019-01-31T13:20:22","slug":"urkunden","status":"publish","type":"page","link":"https:\/\/www.kick-point.com\/de\/kick-point\/branding\/urkunden\/","title":{"rendered":"Urkundenwerbung"},"content":{"rendered":"\n<style type=\"text\/css\" data-created_by=\"avia_inline_auto\" id=\"style-css-av-av_one_full-25347b0a799d5b9f7058434b2a9c3182\">\n.flex_column.av-av_one_full-25347b0a799d5b9f7058434b2a9c3182{\nborder-radius:0px 0px 0px 0px;\npadding:0px 0px 0px 0px;\n}\n<\/style>\n<div  class='flex_column av-av_one_full-25347b0a799d5b9f7058434b2a9c3182 av_one_full  avia-builder-el-0  el_before_av_hr  avia-builder-el-first  first flex_column_div av-zero-column-padding  '     ><style type=\"text\/css\" data-created_by=\"avia_inline_auto\" id=\"style-css-av-jrkmlaff-bedcfbb97ebe906a40b84a845530b39f\">\n#top .av-special-heading.av-jrkmlaff-bedcfbb97ebe906a40b84a845530b39f{\npadding-bottom:10px;\ncolor:#83a846;\nfont-size:3vw;\n}\nbody .av-special-heading.av-jrkmlaff-bedcfbb97ebe906a40b84a845530b39f .av-special-heading-tag .heading-char{\nfont-size:25px;\n}\n#top #wrap_all .av-special-heading.av-jrkmlaff-bedcfbb97ebe906a40b84a845530b39f .av-special-heading-tag{\nfont-size:3vw;\n}\n.av-special-heading.av-jrkmlaff-bedcfbb97ebe906a40b84a845530b39f .special-heading-inner-border{\nborder-color:#83a846;\n}\n.av-special-heading.av-jrkmlaff-bedcfbb97ebe906a40b84a845530b39f .av-subheading{\nfont-size:15px;\n}\n\n@media only screen and (min-width: 480px) and (max-width: 767px){ \n#top #wrap_all .av-special-heading.av-jrkmlaff-bedcfbb97ebe906a40b84a845530b39f .av-special-heading-tag{\nfont-size:0.8em;\n}\n}\n\n@media only screen and (max-width: 479px){ \n#top #wrap_all .av-special-heading.av-jrkmlaff-bedcfbb97ebe906a40b84a845530b39f .av-special-heading-tag{\nfont-size:0.8em;\n}\n}\n<\/style>\n<div  class='av-special-heading av-jrkmlaff-bedcfbb97ebe906a40b84a845530b39f av-special-heading-h2 custom-color-heading blockquote modern-quote modern-centered  avia-builder-el-1  avia-builder-el-no-sibling  av-inherit-size'><h2 class='av-special-heading-tag'  itemprop=\"headline\"  >Urkunden<\/h2><div class=\"special-heading-border\"><div class=\"special-heading-inner-border\"><\/div><\/div><\/div><\/div>\n<style type=\"text\/css\" data-created_by=\"avia_inline_auto\" id=\"style-css-av-tgsbnj-608fa47272e3b8a6abae6bc405967a42\">\n.flex_column.av-tgsbnj-608fa47272e3b8a6abae6bc405967a42{\nborder-radius:0px 0px 0px 0px;\npadding:0px 0px 0px 0px;\n}\n<\/style>\n<div  class='flex_column av-tgsbnj-608fa47272e3b8a6abae6bc405967a42 av_one_full first flex_column_div av-zero-column-padding  '     ><style type=\"text\/css\" data-created_by=\"avia_inline_auto\" id=\"style-css-av-jqnqpd3m-c36a25ae7281ad9883ecc1bc96de73c4\">\n.av-horizontal-gallery.av-jqnqpd3m-c36a25ae7281ad9883ecc1bc96de73c4{\npadding:3.75% 0px;;\n}\n.av-horizontal-gallery.av-jqnqpd3m-c36a25ae7281ad9883ecc1bc96de73c4 .av-horizontal-gallery-inner{\npadding-bottom:25%;\n}\n<\/style>\n<div  class='av-horizontal-gallery av-jqnqpd3m-c36a25ae7281ad9883ecc1bc96de73c4 av-horizontal-gallery-1px-gap av-horizontal-gallery-enlarge-effect av-slideshow-ui av-control-default av-slideshow-manual av-loop-once av-loop-manual-endless av-horizontal-gallery-1' data-slideshow-data=\"{&quot;enlarge&quot;:1.3000000000000000444089209850062616169452667236328125,&quot;animation&quot;:&quot;slide&quot;,&quot;autoplay&quot;:false,&quot;loop_autoplay&quot;:&quot;once&quot;,&quot;interval&quot;:5,&quot;loop_manual&quot;:&quot;manual-endless&quot;,&quot;autoplay_stopper&quot;:false,&quot;noNavigation&quot;:false,&quot;bg_slider&quot;:false,&quot;keep_padding&quot;:&quot;&quot;,&quot;hoverpause&quot;:false,&quot;show_slide_delay&quot;:0,&quot;initial&quot;:&quot;2&quot;}\"  itemprop=\"image\" itemscope=\"itemscope\" itemtype=\"https:\/\/schema.org\/ImageObject\" ><div class='avia-slideshow-arrows avia-slideshow-controls' ><a href='#prev' class='prev-slide av-horizontal-gallery-prev' aria-hidden='true' data-av_icon='\ue87c' data-av_iconfont='entypo-fontello'  tabindex='-1'>Zur\u00fcck<\/a><a href='#next' class='next-slide av-horizontal-gallery-next' aria-hidden='true' data-av_icon='\ue87d' data-av_iconfont='entypo-fontello'  tabindex='-1'>Weiter<\/a><\/div><div class='avia-slideshow-dots avia-slideshow-controls av-horizontal-gallery-dots fade-in'><a href='#1' class='goto-slide active' >1<\/a><a href='#2' class='goto-slide ' >2<\/a><a href='#3' class='goto-slide ' >3<\/a><a href='#4' class='goto-slide ' >4<\/a><a href='#5' class='goto-slide ' >5<\/a><a href='#6' class='goto-slide ' >6<\/a><\/div><div class='av-horizontal-gallery-inner' data-av-height='25'><div class=\"av-horizontal-gallery-slider\"><div class=\"av-horizontal-gallery-wrap noHover\"><img decoding=\"async\" loading=\"lazy\" class='wp-image-5519 avia-img-lazy-loading-5519 av-horizontal-gallery-img' width=\"600\" height=\"450\" src=\"https:\/\/www.kick-point.com\/wp-content\/uploads\/fussball-modul-urkunde.jpg\" title='fussball-modul-urkunde' alt='' \/><a href=\"https:\/\/www.kick-point.com\/wp-content\/uploads\/fussball-modul-urkunde.jpg\" class='av-horizontal-gallery-link' aria-hidden='true' data-av_icon='\ue869' data-av_iconfont='entypo-fontello' title='fussball-modul-urkunde' alt=''><\/a><\/div><div class=\"av-horizontal-gallery-wrap noHover\"><img decoding=\"async\" loading=\"lazy\" class='wp-image-64961 avia-img-lazy-loading-64961 av-horizontal-gallery-img' width=\"960\" height=\"540\" src=\"https:\/\/www.kick-point.com\/wp-content\/uploads\/fussball-aktion-3.jpg\" title='Fu\u00dfball-Aktion 3' alt='Fu\u00dfball-Aktion' srcset=\"https:\/\/www.kick-point.com\/wp-content\/uploads\/fussball-aktion-3.jpg 960w, https:\/\/www.kick-point.com\/wp-content\/uploads\/fussball-aktion-3-660x371.jpg 660w\" sizes=\"auto, (max-width: 960px) 100vw, 960px\" \/><a href=\"https:\/\/www.kick-point.com\/wp-content\/uploads\/fussball-aktion-3.jpg\" data-srcset=\"https:\/\/www.kick-point.com\/wp-content\/uploads\/fussball-aktion-3.jpg 960w, https:\/\/www.kick-point.com\/wp-content\/uploads\/fussball-aktion-3-660x371.jpg 660w\" data-sizes=\"(max-width: 960px) 100vw, 960px\" class='av-horizontal-gallery-link' aria-hidden='true' data-av_icon='\ue869' data-av_iconfont='entypo-fontello' title='Fu\u00dfball-Aktion 3' alt='Fu\u00dfball-Aktion'><\/a><\/div><div class=\"av-horizontal-gallery-wrap noHover\"><img decoding=\"async\" loading=\"lazy\" class='wp-image-4946 avia-img-lazy-loading-4946 av-horizontal-gallery-img' width=\"600\" height=\"400\" src=\"https:\/\/www.kick-point.com\/wp-content\/uploads\/sport-urkunde-eventmodul.jpg\" title='sport-urkunde-eventmodul' alt='' \/><a href=\"https:\/\/www.kick-point.com\/wp-content\/uploads\/sport-urkunde-eventmodul.jpg\" class='av-horizontal-gallery-link' aria-hidden='true' data-av_icon='\ue869' data-av_iconfont='entypo-fontello' title='sport-urkunde-eventmodul' alt=''><\/a><\/div><div class=\"av-horizontal-gallery-wrap noHover\"><img decoding=\"async\" loading=\"lazy\" class='wp-image-209 avia-img-lazy-loading-209 av-horizontal-gallery-img' width=\"650\" height=\"433\" src=\"https:\/\/www.kick-point.com\/wp-content\/uploads\/SKY-TV-Publikum-mit-Urkunde.jpg\" title='SKY TV - Publikum mit Urkunde' alt='' \/><a href=\"https:\/\/www.kick-point.com\/wp-content\/uploads\/SKY-TV-Publikum-mit-Urkunde.jpg\" class='av-horizontal-gallery-link' aria-hidden='true' data-av_icon='\ue869' data-av_iconfont='entypo-fontello' title='SKY TV - Publikum mit Urkunde' alt=''><\/a><\/div><div class=\"av-horizontal-gallery-wrap noHover\"><img decoding=\"async\" loading=\"lazy\" class='wp-image-180 avia-img-lazy-loading-180 av-horizontal-gallery-img' width=\"246\" height=\"172\" src=\"https:\/\/www.kick-point.com\/wp-content\/uploads\/Kick-Point-Urkunde.jpg\" title='Kick-Point-Urkunde' alt='Kick-Point Urkunde' \/><a href=\"https:\/\/www.kick-point.com\/wp-content\/uploads\/Kick-Point-Urkunde.jpg\" class='av-horizontal-gallery-link' aria-hidden='true' data-av_icon='\ue869' data-av_iconfont='entypo-fontello' title='Kick-Point-Urkunde' alt='Kick-Point Urkunde'><\/a><\/div><div class=\"av-horizontal-gallery-wrap noHover\"><img decoding=\"async\" loading=\"lazy\" class='wp-image-69453 avia-img-lazy-loading-69453 av-horizontal-gallery-img' width=\"400\" height=\"522\" src=\"https:\/\/www.kick-point.com\/wp-content\/uploads\/soccer-simulator-urkunden.jpg\" title='Soccer Simulator - Urkunden' alt='Soccer Simulator - Urkunden' \/><a href=\"https:\/\/www.kick-point.com\/wp-content\/uploads\/soccer-simulator-urkunden.jpg\" class='av-horizontal-gallery-link' aria-hidden='true' data-av_icon='\ue869' data-av_iconfont='entypo-fontello' title='Soccer Simulator - Urkunden' alt='Soccer Simulator - Urkunden'><\/a><\/div><\/div><\/div><\/div><\/div><div  class='hr av-2jdhmn-63c9032e991f4c8896e72c1db71d47ba hr-default  avia-builder-el-2  el_after_av_one_full  el_before_av_one_full '><span class='hr-inner '><span class=\"hr-inner-style\"><\/span><\/span><\/div><\/p>\n\n<style type=\"text\/css\" data-created_by=\"avia_inline_auto\" id=\"style-css-av-msxf67-20ae4b1ffde06cca7375f67af014403c\">\n.flex_column.av-msxf67-20ae4b1ffde06cca7375f67af014403c{\nborder-radius:0px 0px 0px 0px;\npadding:0px 0px 0px 0px;\n}\n<\/style>\n<div  class='flex_column av-msxf67-20ae4b1ffde06cca7375f67af014403c av_two_fifth first flex_column_div av-zero-column-padding  '     ><section  class='av_textblock_section av-jqmcaw2w-d40e7452efeb16a889a737c63e7c1ef5 '   itemscope=\"itemscope\" itemtype=\"https:\/\/schema.org\/CreativeWork\" ><div class='avia_textblock'  itemprop=\"text\" ><p>Jeder Spieler am Kick-Point erh\u00e4lt automatisch eine Urkunde die Auskunft \u00fcber seine individuelle Schusspr\u00e4zision und Schussgeschwindigkeit gibt. Die Urkunde kann selbstverst\u00e4ndlich im Corporate Design des Kunden gestaltet werden. In Kombination mit einem aufgedruckten <a title=\"mobil\" href=\"https:\/\/www.kick-point.com\/de\/kick-point\/online\/mobil\/\">QR-Code<\/a> besteht zudem die M\u00f6glichkeit, dass der Spieler seine Daten online betrachten kann, beispielsweise in einem Ranking, das sie<a title=\"Online\" href=\"https:\/\/www.kick-point.com\/de\/kick-point\/online\/\"> direkt in ihre Website integrieren<\/a>\u00a0k\u00f6nnen.<\/p>\n<\/div><\/section><\/div>\n<style type=\"text\/css\" data-created_by=\"avia_inline_auto\" id=\"style-css-av-lgxvtb-ded92fae8de07144029a11e66d98d807\">\n.flex_column.av-lgxvtb-ded92fae8de07144029a11e66d98d807{\nborder-radius:0px 0px 0px 0px;\npadding:0px 0px 0px 0px;\n}\n<\/style>\n<div  class='flex_column av-lgxvtb-ded92fae8de07144029a11e66d98d807 av_three_fifth flex_column_div av-zero-column-padding  '     ><style type=\"text\/css\" data-created_by=\"avia_inline_auto\" id=\"style-css-sub-av-jqnlrl77-e1fd18964a39e840dafb82e93fa24892\">\n.av-hotspot-image-container .av-image-hotspot.av-av_image_spot-ab9835708c700d2ebec9452561e79b54{\ntop:33.8%;\nleft:42%;\n}\n.av-hotspot-image-container .av-image-hotspot.av-av_image_spot-bf4b4f2c0614768db5d5d28224b10ab0{\ntop:66.3%;\nleft:54.4%;\n}\n.av-hotspot-image-container .av-image-hotspot.av-av_image_spot-2c901693e7beafd3a83aa17a34e3fa3c{\ntop:25.9%;\nleft:58.1%;\n}\n.av-hotspot-image-container .av-image-hotspot.av-av_image_spot-ebd1cbd6a4b57022f5debfabdc5abb7e{\ntop:9.4%;\nleft:60.1%;\n}\n<\/style>\n<div  class='av-hotspot-image-container av-jqnlrl77-e1fd18964a39e840dafb82e93fa24892 av-hotspot-numbered av-mobile-fallback-active  av-non-fullwidth-hotspot-image'  itemprop=\"image\" itemscope=\"itemscope\" itemtype=\"https:\/\/schema.org\/ImageObject\" ><div class='av-hotspot-container'><div class='av-hotspot-container-inner-cell'><div class='av-hotspot-container-inner-wrap'><div class='av-image-hotspot av-av_image_spot-ab9835708c700d2ebec9452561e79b54 av-image-hotspot-1 ' data-avia-tooltip-position='top' data-avia-tooltip-alignment='left' data-avia-tooltip-class='av-tt-large-width av-tt-pos-above av-tt-align-left  av-mobile-fallback-active  main_color av-tt-hotspot' data-avia-tooltip='&lt;p&gt;individuelle Informationen zu jedem Schuss werden in s\/w abgebildet&lt;\/p&gt;\n'><div class='av-image-hotspot_inner'>1<\/div><div class='av-image-hotspot-pulse'><\/div><\/div><div class='av-image-hotspot av-av_image_spot-bf4b4f2c0614768db5d5d28224b10ab0 av-image-hotspot-2 ' data-avia-tooltip-position='top' data-avia-tooltip-alignment='left' data-avia-tooltip-class='av-tt-large-width av-tt-pos-above av-tt-align-left  av-mobile-fallback-active  main_color av-tt-hotspot' data-avia-tooltip='&lt;p&gt;bei Bedarf werden die erzielte Gesamtpunktzahl und H\u00f6chstgeschwindigkeit abgebildet&lt;\/p&gt;\n'><div class='av-image-hotspot_inner'>2<\/div><div class='av-image-hotspot-pulse'><\/div><\/div><div class='av-image-hotspot av-av_image_spot-2c901693e7beafd3a83aa17a34e3fa3c av-image-hotspot-3 ' data-avia-tooltip-position='top' data-avia-tooltip-alignment='left' data-avia-tooltip-class='av-tt-default-width av-tt-pos-above av-tt-align-left  av-mobile-fallback-active  main_color av-tt-hotspot' data-avia-tooltip='&lt;p&gt;weitere Elemente wie Freitexte, Datum, Spieler-Nummer (bzw. Name) und QR-Code (z.B. f\u00fcr unsere Online-Anbindung)&lt;\/p&gt;\n'><div class='av-image-hotspot_inner'>3<\/div><div class='av-image-hotspot-pulse'><\/div><\/div><div class='av-image-hotspot av-av_image_spot-ebd1cbd6a4b57022f5debfabdc5abb7e av-image-hotspot-4 ' data-avia-tooltip-position='top' data-avia-tooltip-alignment='left' data-avia-tooltip-class='av-tt-default-width av-tt-pos-above av-tt-align-left  av-mobile-fallback-active  main_color av-tt-hotspot' data-avia-tooltip='&lt;p&gt;Sie k\u00f6nnen Ihr individuell gestaltetes Urkundendesign verwenden&lt;\/p&gt;\n'><div class='av-image-hotspot_inner'>4<\/div><div class='av-image-hotspot-pulse'><\/div><\/div><img decoding=\"async\" fetchpriority=\"high\" class='wp-image-5518 avia-img-lazy-loading-not-5518 avia_image' src=\"https:\/\/www.kick-point.com\/wp-content\/uploads\/event-urkunde-gestalten.jpg\" alt='' title='event-urkunde-gestalten'  height=\"450\" width=\"600\"  itemprop=\"thumbnailUrl\"  \/><\/div><\/div><\/div><div class='av-hotspot-fallback-tooltip av-image-hotspot-1 '><div class=\"av-hotspot-fallback-tooltip-count\">1<div class=\"avia-arrow\"><\/div><\/div><div class=\"av-hotspot-fallback-tooltip-inner clearfix\"><p>\nindividuelle Informationen zu jedem Schuss werden in s\/w abgebildet<\/p>\n<\/div><\/div><div class='av-hotspot-fallback-tooltip av-image-hotspot-2 '><div class=\"av-hotspot-fallback-tooltip-count\">2<div class=\"avia-arrow\"><\/div><\/div><div class=\"av-hotspot-fallback-tooltip-inner clearfix\"><p>\nbei Bedarf werden die erzielte Gesamtpunktzahl und H\u00f6chstgeschwindigkeit abgebildet<\/p>\n<\/div><\/div><div class='av-hotspot-fallback-tooltip av-image-hotspot-3 '><div class=\"av-hotspot-fallback-tooltip-count\">3<div class=\"avia-arrow\"><\/div><\/div><div class=\"av-hotspot-fallback-tooltip-inner clearfix\"><p>\nweitere Elemente wie Freitexte, Datum, Spieler-Nummer (bzw. Name) und QR-Code (z.B. f\u00fcr unsere Online-Anbindung)<\/p>\n<\/div><\/div><div class='av-hotspot-fallback-tooltip av-image-hotspot-4 '><div class=\"av-hotspot-fallback-tooltip-count\">4<div class=\"avia-arrow\"><\/div><\/div><div class=\"av-hotspot-fallback-tooltip-inner clearfix\"><p>\nSie k\u00f6nnen Ihr individuell gestaltetes Urkundendesign verwenden<\/p>\n<\/div><\/div><\/div><\/div><\/p>\n","protected":false},"excerpt":{"rendered":"","protected":false},"author":12,"featured_media":0,"parent":4,"menu_order":0,"comment_status":"closed","ping_status":"closed","template":"","meta":{"footnotes":""},"class_list":["post-4469","page","type-page","status-publish","hentry"],"yoast_head":"<!-- This site is optimized with the Yoast SEO plugin v22.8 - https:\/\/yoast.com\/wordpress\/plugins\/seo\/ -->\n<title>Urkundenwerbung<\/title>\n<meta name=\"robots\" content=\"index, follow, max-snippet:-1, max-image-preview:large, max-video-preview:-1\" \/>\n<link rel=\"canonical\" href=\"https:\/\/www.kick-point.com\/de\/kick-point\/branding\/urkunden\/\" \/>\n<meta property=\"og:locale\" content=\"de_DE\" \/>\n<meta property=\"og:type\" content=\"article\" \/>\n<meta property=\"og:title\" content=\"Urkundenwerbung\" \/>\n<meta property=\"og:url\" content=\"https:\/\/www.kick-point.com\/de\/kick-point\/branding\/urkunden\/\" \/>\n<meta property=\"og:site_name\" content=\"Kick-Point\" \/>\n<meta property=\"article:modified_time\" content=\"2019-01-31T13:20:22+00:00\" \/>\n<meta name=\"twitter:label1\" content=\"Gesch\u00e4tzte Lesezeit\" \/>\n\t<meta name=\"twitter:data1\" content=\"5\u00a0Minuten\" \/>\n<script type=\"application\/ld+json\" class=\"yoast-schema-graph\">{\"@context\":\"https:\/\/schema.org\",\"@graph\":[{\"@type\":\"WebPage\",\"@id\":\"https:\/\/www.kick-point.com\/de\/kick-point\/branding\/urkunden\/\",\"url\":\"https:\/\/www.kick-point.com\/de\/kick-point\/branding\/urkunden\/\",\"name\":\"Urkundenwerbung\",\"isPartOf\":{\"@id\":\"https:\/\/www.kick-point.com\/de\/#website\"},\"datePublished\":\"2013-07-23T09:32:34+00:00\",\"dateModified\":\"2019-01-31T13:20:22+00:00\",\"breadcrumb\":{\"@id\":\"https:\/\/www.kick-point.com\/de\/kick-point\/branding\/urkunden\/#breadcrumb\"},\"inLanguage\":\"de\",\"potentialAction\":[{\"@type\":\"ReadAction\",\"target\":[\"https:\/\/www.kick-point.com\/de\/kick-point\/branding\/urkunden\/\"]}]},{\"@type\":\"BreadcrumbList\",\"@id\":\"https:\/\/www.kick-point.com\/de\/kick-point\/branding\/urkunden\/#breadcrumb\",\"itemListElement\":[{\"@type\":\"ListItem\",\"position\":1,\"name\":\"elektronisches Fu\u00dfballtor\",\"item\":\"https:\/\/www.kick-point.com\/de\/kick-point\/\"},{\"@type\":\"ListItem\",\"position\":2,\"name\":\"Branding\",\"item\":\"https:\/\/www.kick-point.com\/de\/kick-point\/branding\/\"},{\"@type\":\"ListItem\",\"position\":3,\"name\":\"Urkundenwerbung\"}]},{\"@type\":\"WebSite\",\"@id\":\"https:\/\/www.kick-point.com\/de\/#website\",\"url\":\"https:\/\/www.kick-point.com\/de\/\",\"name\":\"Kick-Point\",\"description\":\"Events und Event-Module rund um das elektronische Fu\u00dfballtor\",\"potentialAction\":[{\"@type\":\"SearchAction\",\"target\":{\"@type\":\"EntryPoint\",\"urlTemplate\":\"https:\/\/www.kick-point.com\/de\/?s={search_term_string}\"},\"query-input\":\"required name=search_term_string\"}],\"inLanguage\":\"de\"}]}<\/script>\n<!-- \/ Yoast SEO plugin. -->","yoast_head_json":{"title":"Urkundenwerbung","robots":{"index":"index","follow":"follow","max-snippet":"max-snippet:-1","max-image-preview":"max-image-preview:large","max-video-preview":"max-video-preview:-1"},"canonical":"https:\/\/www.kick-point.com\/de\/kick-point\/branding\/urkunden\/","og_locale":"de_DE","og_type":"article","og_title":"Urkundenwerbung","og_url":"https:\/\/www.kick-point.com\/de\/kick-point\/branding\/urkunden\/","og_site_name":"Kick-Point","article_modified_time":"2019-01-31T13:20:22+00:00","twitter_misc":{"Gesch\u00e4tzte Lesezeit":"5\u00a0Minuten"},"schema":{"@context":"https:\/\/schema.org","@graph":[{"@type":"WebPage","@id":"https:\/\/www.kick-point.com\/de\/kick-point\/branding\/urkunden\/","url":"https:\/\/www.kick-point.com\/de\/kick-point\/branding\/urkunden\/","name":"Urkundenwerbung","isPartOf":{"@id":"https:\/\/www.kick-point.com\/de\/#website"},"datePublished":"2013-07-23T09:32:34+00:00","dateModified":"2019-01-31T13:20:22+00:00","breadcrumb":{"@id":"https:\/\/www.kick-point.com\/de\/kick-point\/branding\/urkunden\/#breadcrumb"},"inLanguage":"de","potentialAction":[{"@type":"ReadAction","target":["https:\/\/www.kick-point.com\/de\/kick-point\/branding\/urkunden\/"]}]},{"@type":"BreadcrumbList","@id":"https:\/\/www.kick-point.com\/de\/kick-point\/branding\/urkunden\/#breadcrumb","itemListElement":[{"@type":"ListItem","position":1,"name":"elektronisches Fu\u00dfballtor","item":"https:\/\/www.kick-point.com\/de\/kick-point\/"},{"@type":"ListItem","position":2,"name":"Branding","item":"https:\/\/www.kick-point.com\/de\/kick-point\/branding\/"},{"@type":"ListItem","position":3,"name":"Urkundenwerbung"}]},{"@type":"WebSite","@id":"https:\/\/www.kick-point.com\/de\/#website","url":"https:\/\/www.kick-point.com\/de\/","name":"Kick-Point","description":"Events und Event-Module rund um das elektronische Fu\u00dfballtor","potentialAction":[{"@type":"SearchAction","target":{"@type":"EntryPoint","urlTemplate":"https:\/\/www.kick-point.com\/de\/?s={search_term_string}"},"query-input":"required name=search_term_string"}],"inLanguage":"de"}]}},"_links":{"self":[{"href":"https:\/\/www.kick-point.com\/de\/wp-json\/wp\/v2\/pages\/4469","targetHints":{"allow":["GET"]}}],"collection":[{"href":"https:\/\/www.kick-point.com\/de\/wp-json\/wp\/v2\/pages"}],"about":[{"href":"https:\/\/www.kick-point.com\/de\/wp-json\/wp\/v2\/types\/page"}],"author":[{"embeddable":true,"href":"https:\/\/www.kick-point.com\/de\/wp-json\/wp\/v2\/users\/12"}],"replies":[{"embeddable":true,"href":"https:\/\/www.kick-point.com\/de\/wp-json\/wp\/v2\/comments?post=4469"}],"version-history":[{"count":7,"href":"https:\/\/www.kick-point.com\/de\/wp-json\/wp\/v2\/pages\/4469\/revisions"}],"predecessor-version":[{"id":83671,"href":"https:\/\/www.kick-point.com\/de\/wp-json\/wp\/v2\/pages\/4469\/revisions\/83671"}],"up":[{"embeddable":true,"href":"https:\/\/www.kick-point.com\/de\/wp-json\/wp\/v2\/pages\/4"}],"wp:attachment":[{"href":"https:\/\/www.kick-point.com\/de\/wp-json\/wp\/v2\/media?parent=4469"}],"curies":[{"name":"wp","href":"https:\/\/api.w.org\/{rel}","templated":true}]}}