{"id":4465,"date":"2013-07-23T11:31:38","date_gmt":"2013-07-23T09:31:38","guid":{"rendered":"https:\/\/www.kick-point.com\/?page_id=4465"},"modified":"2019-01-31T14:18:31","modified_gmt":"2019-01-31T13:18:31","slug":"banner","status":"publish","type":"page","link":"https:\/\/www.kick-point.com\/de\/kick-point\/branding\/banner\/","title":{"rendered":"Werbebanner"},"content":{"rendered":"\n<style type=\"text\/css\" data-created_by=\"avia_inline_auto\" id=\"style-css-av-tgsbnj-608fa47272e3b8a6abae6bc405967a42\">\n.flex_column.av-tgsbnj-608fa47272e3b8a6abae6bc405967a42{\nborder-radius:0px 0px 0px 0px;\npadding:0px 0px 0px 0px;\n}\n<\/style>\n<div  class='flex_column av-tgsbnj-608fa47272e3b8a6abae6bc405967a42 av_one_full  avia-builder-el-0  el_before_av_hr  avia-builder-el-first  first flex_column_div av-zero-column-padding  '     ><style type=\"text\/css\" data-created_by=\"avia_inline_auto\" id=\"style-css-av-jqnqpd3m-6f218d8d86cb5a92561bbadc8c770f6b\">\n.av-horizontal-gallery.av-jqnqpd3m-6f218d8d86cb5a92561bbadc8c770f6b{\npadding:3.75% 0px;;\n}\n.av-horizontal-gallery.av-jqnqpd3m-6f218d8d86cb5a92561bbadc8c770f6b .av-horizontal-gallery-inner{\npadding-bottom:25%;\n}\n<\/style>\n<div  class='av-horizontal-gallery av-jqnqpd3m-6f218d8d86cb5a92561bbadc8c770f6b av-horizontal-gallery-1px-gap av-horizontal-gallery-enlarge-effect av-slideshow-ui av-control-default av-slideshow-manual av-loop-once av-loop-manual-endless av-horizontal-gallery-1' data-slideshow-data=\"{&quot;enlarge&quot;:1.3000000000000000444089209850062616169452667236328125,&quot;animation&quot;:&quot;slide&quot;,&quot;autoplay&quot;:false,&quot;loop_autoplay&quot;:&quot;once&quot;,&quot;interval&quot;:5,&quot;loop_manual&quot;:&quot;manual-endless&quot;,&quot;autoplay_stopper&quot;:false,&quot;noNavigation&quot;:false,&quot;bg_slider&quot;:false,&quot;keep_padding&quot;:&quot;&quot;,&quot;hoverpause&quot;:false,&quot;show_slide_delay&quot;:0,&quot;initial&quot;:&quot;2&quot;}\"  itemprop=\"image\" itemscope=\"itemscope\" itemtype=\"https:\/\/schema.org\/ImageObject\" ><div class='avia-slideshow-arrows avia-slideshow-controls' ><a href='#prev' class='prev-slide av-horizontal-gallery-prev' aria-hidden='true' data-av_icon='\ue87c' data-av_iconfont='entypo-fontello'  tabindex='-1'>Zur\u00fcck<\/a><a href='#next' class='next-slide av-horizontal-gallery-next' aria-hidden='true' data-av_icon='\ue87d' data-av_iconfont='entypo-fontello'  tabindex='-1'>Weiter<\/a><\/div><div class='avia-slideshow-dots avia-slideshow-controls av-horizontal-gallery-dots fade-in'><a href='#1' class='goto-slide active' >1<\/a><a href='#2' class='goto-slide ' >2<\/a><a href='#3' class='goto-slide ' >3<\/a><a href='#4' class='goto-slide ' >4<\/a><a href='#5' class='goto-slide ' >5<\/a><a href='#6' class='goto-slide ' >6<\/a><a href='#7' class='goto-slide ' >7<\/a><\/div><div class='av-horizontal-gallery-inner' data-av-height='25'><div class=\"av-horizontal-gallery-slider\"><div class=\"av-horizontal-gallery-wrap noHover\"><img decoding=\"async\" loading=\"lazy\" class='wp-image-73227 avia-img-lazy-loading-73227 av-horizontal-gallery-img' width=\"1067\" height=\"600\" src=\"https:\/\/www.kick-point.com\/wp-content\/uploads\/interaktives-Fu\u00dfballtor021.jpg\" title='interaktives Fu\u00dfballtor021' alt='' srcset=\"https:\/\/www.kick-point.com\/wp-content\/uploads\/interaktives-Fu\u00dfballtor021.jpg 1067w, https:\/\/www.kick-point.com\/wp-content\/uploads\/interaktives-Fu\u00dfballtor021-660x371.jpg 660w, https:\/\/www.kick-point.com\/wp-content\/uploads\/interaktives-Fu\u00dfballtor021-768x432.jpg 768w, https:\/\/www.kick-point.com\/wp-content\/uploads\/interaktives-Fu\u00dfballtor021-1030x579.jpg 1030w, https:\/\/www.kick-point.com\/wp-content\/uploads\/interaktives-Fu\u00dfballtor021-705x396.jpg 705w, https:\/\/www.kick-point.com\/wp-content\/uploads\/interaktives-Fu\u00dfballtor021-450x253.jpg 450w\" sizes=\"auto, (max-width: 1067px) 100vw, 1067px\" \/><a href=\"https:\/\/www.kick-point.com\/wp-content\/uploads\/interaktives-Fu\u00dfballtor021-1030x579.jpg\" data-srcset=\"https:\/\/www.kick-point.com\/wp-content\/uploads\/interaktives-Fu\u00dfballtor021-1030x579.jpg 1030w, https:\/\/www.kick-point.com\/wp-content\/uploads\/interaktives-Fu\u00dfballtor021-660x371.jpg 660w, https:\/\/www.kick-point.com\/wp-content\/uploads\/interaktives-Fu\u00dfballtor021-768x432.jpg 768w, https:\/\/www.kick-point.com\/wp-content\/uploads\/interaktives-Fu\u00dfballtor021-705x396.jpg 705w, https:\/\/www.kick-point.com\/wp-content\/uploads\/interaktives-Fu\u00dfballtor021-450x253.jpg 450w, https:\/\/www.kick-point.com\/wp-content\/uploads\/interaktives-Fu\u00dfballtor021.jpg 1067w\" data-sizes=\"(max-width: 1030px) 100vw, 1030px\" class='av-horizontal-gallery-link' aria-hidden='true' data-av_icon='\ue869' data-av_iconfont='entypo-fontello' title='interaktives Fu\u00dfballtor021' alt=''><\/a><\/div><div class=\"av-horizontal-gallery-wrap noHover\"><img decoding=\"async\" loading=\"lazy\" class='wp-image-72574 avia-img-lazy-loading-72574 av-horizontal-gallery-img' width=\"1500\" height=\"800\" src=\"https:\/\/www.kick-point.com\/wp-content\/uploads\/kp_header1-1.png\" title='kp_header1' alt='' srcset=\"https:\/\/www.kick-point.com\/wp-content\/uploads\/kp_header1-1.png 1500w, https:\/\/www.kick-point.com\/wp-content\/uploads\/kp_header1-1-660x352.png 660w, https:\/\/www.kick-point.com\/wp-content\/uploads\/kp_header1-1-768x410.png 768w, https:\/\/www.kick-point.com\/wp-content\/uploads\/kp_header1-1-1030x549.png 1030w, https:\/\/www.kick-point.com\/wp-content\/uploads\/kp_header1-1-705x376.png 705w, https:\/\/www.kick-point.com\/wp-content\/uploads\/kp_header1-1-450x240.png 450w\" sizes=\"auto, (max-width: 1500px) 100vw, 1500px\" \/><a href=\"https:\/\/www.kick-point.com\/wp-content\/uploads\/kp_header1-1-1030x549.png\" data-srcset=\"https:\/\/www.kick-point.com\/wp-content\/uploads\/kp_header1-1-1030x549.png 1030w, https:\/\/www.kick-point.com\/wp-content\/uploads\/kp_header1-1-660x352.png 660w, https:\/\/www.kick-point.com\/wp-content\/uploads\/kp_header1-1-768x410.png 768w, https:\/\/www.kick-point.com\/wp-content\/uploads\/kp_header1-1.png 1500w, https:\/\/www.kick-point.com\/wp-content\/uploads\/kp_header1-1-705x376.png 705w, https:\/\/www.kick-point.com\/wp-content\/uploads\/kp_header1-1-450x240.png 450w\" data-sizes=\"(max-width: 1030px) 100vw, 1030px\" class='av-horizontal-gallery-link' aria-hidden='true' data-av_icon='\ue869' data-av_iconfont='entypo-fontello' title='kp_header1' alt=''><\/a><\/div><div class=\"av-horizontal-gallery-wrap noHover\"><img decoding=\"async\" loading=\"lazy\" class='wp-image-73239 avia-img-lazy-loading-73239 av-horizontal-gallery-img' width=\"800\" height=\"600\" src=\"https:\/\/www.kick-point.com\/wp-content\/uploads\/interaktives-Fu\u00dfballtor023.jpg\" title='elektronisches Fu\u00dfballtor' alt='kunstrasen mieten' srcset=\"https:\/\/www.kick-point.com\/wp-content\/uploads\/interaktives-Fu\u00dfballtor023.jpg 800w, https:\/\/www.kick-point.com\/wp-content\/uploads\/interaktives-Fu\u00dfballtor023-660x495.jpg 660w, https:\/\/www.kick-point.com\/wp-content\/uploads\/interaktives-Fu\u00dfballtor023-768x576.jpg 768w, https:\/\/www.kick-point.com\/wp-content\/uploads\/interaktives-Fu\u00dfballtor023-705x529.jpg 705w, https:\/\/www.kick-point.com\/wp-content\/uploads\/interaktives-Fu\u00dfballtor023-450x338.jpg 450w\" sizes=\"auto, (max-width: 800px) 100vw, 800px\" \/><a href=\"https:\/\/www.kick-point.com\/wp-content\/uploads\/interaktives-Fu\u00dfballtor023.jpg\" data-srcset=\"https:\/\/www.kick-point.com\/wp-content\/uploads\/interaktives-Fu\u00dfballtor023.jpg 800w, https:\/\/www.kick-point.com\/wp-content\/uploads\/interaktives-Fu\u00dfballtor023-660x495.jpg 660w, https:\/\/www.kick-point.com\/wp-content\/uploads\/interaktives-Fu\u00dfballtor023-768x576.jpg 768w, https:\/\/www.kick-point.com\/wp-content\/uploads\/interaktives-Fu\u00dfballtor023-705x529.jpg 705w, https:\/\/www.kick-point.com\/wp-content\/uploads\/interaktives-Fu\u00dfballtor023-450x338.jpg 450w\" data-sizes=\"(max-width: 800px) 100vw, 800px\" class='av-horizontal-gallery-link' aria-hidden='true' data-av_icon='\ue869' data-av_iconfont='entypo-fontello' title='elektronisches Fu\u00dfballtor' alt='kunstrasen mieten'><\/a><\/div><div class=\"av-horizontal-gallery-wrap noHover\"><img decoding=\"async\" loading=\"lazy\" class='wp-image-73251 avia-img-lazy-loading-73251 av-horizontal-gallery-img' width=\"900\" height=\"600\" src=\"https:\/\/www.kick-point.com\/wp-content\/uploads\/interaktives-Fu\u00dfballtor025.jpg\" title='interaktives Fu\u00dfballtor025' alt='kunstrasen mieten' srcset=\"https:\/\/www.kick-point.com\/wp-content\/uploads\/interaktives-Fu\u00dfballtor025.jpg 900w, https:\/\/www.kick-point.com\/wp-content\/uploads\/interaktives-Fu\u00dfballtor025-660x440.jpg 660w, https:\/\/www.kick-point.com\/wp-content\/uploads\/interaktives-Fu\u00dfballtor025-768x512.jpg 768w, https:\/\/www.kick-point.com\/wp-content\/uploads\/interaktives-Fu\u00dfballtor025-705x470.jpg 705w, https:\/\/www.kick-point.com\/wp-content\/uploads\/interaktives-Fu\u00dfballtor025-450x300.jpg 450w\" sizes=\"auto, (max-width: 900px) 100vw, 900px\" \/><a href=\"https:\/\/www.kick-point.com\/wp-content\/uploads\/interaktives-Fu\u00dfballtor025.jpg\" data-srcset=\"https:\/\/www.kick-point.com\/wp-content\/uploads\/interaktives-Fu\u00dfballtor025.jpg 900w, https:\/\/www.kick-point.com\/wp-content\/uploads\/interaktives-Fu\u00dfballtor025-660x440.jpg 660w, https:\/\/www.kick-point.com\/wp-content\/uploads\/interaktives-Fu\u00dfballtor025-768x512.jpg 768w, https:\/\/www.kick-point.com\/wp-content\/uploads\/interaktives-Fu\u00dfballtor025-705x470.jpg 705w, https:\/\/www.kick-point.com\/wp-content\/uploads\/interaktives-Fu\u00dfballtor025-450x300.jpg 450w\" data-sizes=\"(max-width: 900px) 100vw, 900px\" class='av-horizontal-gallery-link' aria-hidden='true' data-av_icon='\ue869' data-av_iconfont='entypo-fontello' title='interaktives Fu\u00dfballtor025' alt='kunstrasen mieten'><\/a><\/div><div class=\"av-horizontal-gallery-wrap noHover\"><img decoding=\"async\" loading=\"lazy\" class='wp-image-73263 avia-img-lazy-loading-73263 av-horizontal-gallery-img' width=\"800\" height=\"600\" src=\"https:\/\/www.kick-point.com\/wp-content\/uploads\/interaktives-Fu\u00dfballtor027.jpg\" title='interaktives Fu\u00dfballtor027' alt='' srcset=\"https:\/\/www.kick-point.com\/wp-content\/uploads\/interaktives-Fu\u00dfballtor027.jpg 800w, https:\/\/www.kick-point.com\/wp-content\/uploads\/interaktives-Fu\u00dfballtor027-660x495.jpg 660w, https:\/\/www.kick-point.com\/wp-content\/uploads\/interaktives-Fu\u00dfballtor027-768x576.jpg 768w, https:\/\/www.kick-point.com\/wp-content\/uploads\/interaktives-Fu\u00dfballtor027-705x529.jpg 705w, https:\/\/www.kick-point.com\/wp-content\/uploads\/interaktives-Fu\u00dfballtor027-450x338.jpg 450w\" sizes=\"auto, (max-width: 800px) 100vw, 800px\" \/><a href=\"https:\/\/www.kick-point.com\/wp-content\/uploads\/interaktives-Fu\u00dfballtor027.jpg\" data-srcset=\"https:\/\/www.kick-point.com\/wp-content\/uploads\/interaktives-Fu\u00dfballtor027.jpg 800w, https:\/\/www.kick-point.com\/wp-content\/uploads\/interaktives-Fu\u00dfballtor027-660x495.jpg 660w, https:\/\/www.kick-point.com\/wp-content\/uploads\/interaktives-Fu\u00dfballtor027-768x576.jpg 768w, https:\/\/www.kick-point.com\/wp-content\/uploads\/interaktives-Fu\u00dfballtor027-705x529.jpg 705w, https:\/\/www.kick-point.com\/wp-content\/uploads\/interaktives-Fu\u00dfballtor027-450x338.jpg 450w\" data-sizes=\"(max-width: 800px) 100vw, 800px\" class='av-horizontal-gallery-link' aria-hidden='true' data-av_icon='\ue869' data-av_iconfont='entypo-fontello' title='interaktives Fu\u00dfballtor027' alt=''><\/a><\/div><div class=\"av-horizontal-gallery-wrap noHover\"><img decoding=\"async\" loading=\"lazy\" class='wp-image-73203 avia-img-lazy-loading-73203 av-horizontal-gallery-img' width=\"800\" height=\"600\" src=\"https:\/\/www.kick-point.com\/wp-content\/uploads\/interaktives-Fu\u00dfballtor017.jpg\" title='interaktives Fu\u00dfballtor017' alt='' srcset=\"https:\/\/www.kick-point.com\/wp-content\/uploads\/interaktives-Fu\u00dfballtor017.jpg 800w, https:\/\/www.kick-point.com\/wp-content\/uploads\/interaktives-Fu\u00dfballtor017-660x495.jpg 660w, https:\/\/www.kick-point.com\/wp-content\/uploads\/interaktives-Fu\u00dfballtor017-768x576.jpg 768w, https:\/\/www.kick-point.com\/wp-content\/uploads\/interaktives-Fu\u00dfballtor017-705x529.jpg 705w, https:\/\/www.kick-point.com\/wp-content\/uploads\/interaktives-Fu\u00dfballtor017-450x338.jpg 450w\" sizes=\"auto, (max-width: 800px) 100vw, 800px\" \/><a href=\"https:\/\/www.kick-point.com\/wp-content\/uploads\/interaktives-Fu\u00dfballtor017.jpg\" data-srcset=\"https:\/\/www.kick-point.com\/wp-content\/uploads\/interaktives-Fu\u00dfballtor017.jpg 800w, https:\/\/www.kick-point.com\/wp-content\/uploads\/interaktives-Fu\u00dfballtor017-660x495.jpg 660w, https:\/\/www.kick-point.com\/wp-content\/uploads\/interaktives-Fu\u00dfballtor017-768x576.jpg 768w, https:\/\/www.kick-point.com\/wp-content\/uploads\/interaktives-Fu\u00dfballtor017-705x529.jpg 705w, https:\/\/www.kick-point.com\/wp-content\/uploads\/interaktives-Fu\u00dfballtor017-450x338.jpg 450w\" data-sizes=\"(max-width: 800px) 100vw, 800px\" class='av-horizontal-gallery-link' aria-hidden='true' data-av_icon='\ue869' data-av_iconfont='entypo-fontello' title='interaktives Fu\u00dfballtor017' alt=''><\/a><\/div><div class=\"av-horizontal-gallery-wrap noHover\"><img decoding=\"async\" loading=\"lazy\" class='wp-image-72459 avia-img-lazy-loading-72459 av-horizontal-gallery-img' width=\"600\" height=\"338\" src=\"https:\/\/www.kick-point.com\/wp-content\/uploads\/bild2.jpg\" title='Bild2' alt='' \/><a href=\"https:\/\/www.kick-point.com\/wp-content\/uploads\/bild2.jpg\" class='av-horizontal-gallery-link' aria-hidden='true' data-av_icon='\ue869' data-av_iconfont='entypo-fontello' title='Bild2' alt=''><\/a><\/div><\/div><\/div><\/div><\/div><div  class='hr av-2jdhmn-63c9032e991f4c8896e72c1db71d47ba hr-default'><span class='hr-inner '><span class=\"hr-inner-style\"><\/span><\/span><\/div><\/p>\n\n<style type=\"text\/css\" data-created_by=\"avia_inline_auto\" id=\"style-css-av-msxf67-20ae4b1ffde06cca7375f67af014403c\">\n.flex_column.av-msxf67-20ae4b1ffde06cca7375f67af014403c{\nborder-radius:0px 0px 0px 0px;\npadding:0px 0px 0px 0px;\n}\n<\/style>\n<div  class='flex_column av-msxf67-20ae4b1ffde06cca7375f67af014403c av_two_fifth first flex_column_div av-zero-column-padding  '     ><section  class='av_textblock_section av-jqmcaw2w-d40e7452efeb16a889a737c63e7c1ef5 '   itemscope=\"itemscope\" itemtype=\"https:\/\/schema.org\/CreativeWork\" ><div class='avia_textblock'  itemprop=\"text\" ><p>Das elektronische Fu\u00dfballtor kann grunds\u00e4tzlich ohne &#8222;Drumherum&#8220; eingesetzt werden. F\u00fcr die meisten Veranstaltungen ist jedoch ein Schussk\u00e4fig empfehlenswert. Ein besonderer Hingucker wird das Modul in Verbindung mit einem Traversenk\u00e4fig, die ringsum mit individuellen <a href=\"https:\/\/www.kick-point.com\/wp-content\/uploads\/traversen_branding_varianten.pdf\" target=\"_blank\" rel=\"noopener\">Bannern<\/a> best\u00fcckt, Aufmerksamkeit garantiert! Sie liefern nach unserer Vorgabe die Druckdaten, wir produzieren die Banner und montieren Sie im Traversenk\u00e4fig. Als Service f\u00fcr unsere Kunden lagern wir alle Banner 12 Monate nach der letzten Veranstaltung ein, so dass sie f\u00fcr weitere Events verwendet werden k\u00f6nnen. Das schont nicht nur Ihr Budget, sondern ist auch nachhaltig!<\/p>\n<\/div><\/section><\/div>\n<style type=\"text\/css\" data-created_by=\"avia_inline_auto\" id=\"style-css-av-lgxvtb-ded92fae8de07144029a11e66d98d807\">\n.flex_column.av-lgxvtb-ded92fae8de07144029a11e66d98d807{\nborder-radius:0px 0px 0px 0px;\npadding:0px 0px 0px 0px;\n}\n<\/style>\n<div  class='flex_column av-lgxvtb-ded92fae8de07144029a11e66d98d807 av_three_fifth flex_column_div av-zero-column-padding  '     ><style type=\"text\/css\" data-created_by=\"avia_inline_auto\" id=\"style-css-sub-av-jqnlrl77-cdd37d05cb5894a4ce3452acd7775d35\">\n.av-hotspot-image-container .av-image-hotspot.av-av_image_spot-e93ec75e6c0e5ca4bfc4a9a236a4cede{\ntop:39.4%;\nleft:68.7%;\n}\n.av-hotspot-image-container .av-image-hotspot.av-av_image_spot-e6256a3083bb594957d203d3afbb0885{\ntop:56.3%;\nleft:48.6%;\n}\n.av-hotspot-image-container .av-image-hotspot.av-av_image_spot-33fd328d28484fd67251d79bc5a54f9c{\ntop:19.2%;\nleft:72.3%;\n}\n.av-hotspot-image-container .av-image-hotspot.av-av_image_spot-98962bc26ed6387ca89c7c19bf2a8fd4{\ntop:85%;\nleft:26.8%;\n}\n<\/style>\n<div  class='av-hotspot-image-container av-jqnlrl77-cdd37d05cb5894a4ce3452acd7775d35 av-hotspot-numbered av-mobile-fallback-active  av-non-fullwidth-hotspot-image'  itemprop=\"image\" itemscope=\"itemscope\" itemtype=\"https:\/\/schema.org\/ImageObject\" ><div class='av-hotspot-container'><div class='av-hotspot-container-inner-cell'><div class='av-hotspot-container-inner-wrap'><div class='av-image-hotspot av-av_image_spot-e93ec75e6c0e5ca4bfc4a9a236a4cede av-image-hotspot-1 ' data-avia-tooltip-position='top' data-avia-tooltip-alignment='left' data-avia-tooltip-class='av-tt-large-width av-tt-pos-above av-tt-align-left  av-mobile-fallback-active  main_color av-tt-hotspot' data-avia-tooltip='&lt;p&gt;Banner hinter dem Tor (in der Regel beidseitig bedruckt)&lt;\/p&gt;\n'><div class='av-image-hotspot_inner'>1<\/div><div class='av-image-hotspot-pulse'><\/div><\/div><div class='av-image-hotspot av-av_image_spot-e6256a3083bb594957d203d3afbb0885 av-image-hotspot-2 ' data-avia-tooltip-position='top' data-avia-tooltip-alignment='left' data-avia-tooltip-class='av-tt-large-width av-tt-pos-above av-tt-align-left  av-mobile-fallback-active  main_color av-tt-hotspot' data-avia-tooltip='&lt;p&gt;Seitenbanner (beidseitig bedruckt)&lt;\/p&gt;\n'><div class='av-image-hotspot_inner'>2<\/div><div class='av-image-hotspot-pulse'><\/div><\/div><div class='av-image-hotspot av-av_image_spot-33fd328d28484fd67251d79bc5a54f9c av-image-hotspot-3 ' data-avia-tooltip-position='top' data-avia-tooltip-alignment='left' data-avia-tooltip-class='av-tt-default-width av-tt-pos-above av-tt-align-left  av-mobile-fallback-active  main_color av-tt-hotspot' data-avia-tooltip='&lt;p&gt;Banner f\u00fcr Traversenkranz (Front und Seiten m\u00f6glich)&lt;\/p&gt;\n'><div class='av-image-hotspot_inner'>3<\/div><div class='av-image-hotspot-pulse'><\/div><\/div><div class='av-image-hotspot av-av_image_spot-98962bc26ed6387ca89c7c19bf2a8fd4 av-image-hotspot-4 ' data-avia-tooltip-position='top' data-avia-tooltip-alignment='left' data-avia-tooltip-class='av-tt-default-width av-tt-pos-above av-tt-align-left  av-mobile-fallback-active  main_color av-tt-hotspot' data-avia-tooltip='&lt;p&gt;Front f\u00fcr Promotion-Counter (im Counter wird i.d.Regel auch die Technik untergebracht)&lt;\/p&gt;\n'><div class='av-image-hotspot_inner'>4<\/div><div class='av-image-hotspot-pulse'><\/div><\/div><img decoding=\"async\" fetchpriority=\"high\" class='wp-image-73203 avia-img-lazy-loading-not-73203 avia_image' src=\"https:\/\/www.kick-point.com\/wp-content\/uploads\/interaktives-Fu\u00dfballtor017-495x400.jpg\" alt='' title='interaktives Fu\u00dfballtor017'  height=\"400\" width=\"495\"  itemprop=\"thumbnailUrl\"  \/><\/div><\/div><\/div><div class='av-hotspot-fallback-tooltip av-image-hotspot-1 '><div class=\"av-hotspot-fallback-tooltip-count\">1<div class=\"avia-arrow\"><\/div><\/div><div class=\"av-hotspot-fallback-tooltip-inner clearfix\"><p>\nBanner hinter dem Tor (in der Regel beidseitig bedruckt)<\/p>\n<\/div><\/div><div class='av-hotspot-fallback-tooltip av-image-hotspot-2 '><div class=\"av-hotspot-fallback-tooltip-count\">2<div class=\"avia-arrow\"><\/div><\/div><div class=\"av-hotspot-fallback-tooltip-inner clearfix\"><p>\nSeitenbanner (beidseitig bedruckt)<\/p>\n<\/div><\/div><div class='av-hotspot-fallback-tooltip av-image-hotspot-3 '><div class=\"av-hotspot-fallback-tooltip-count\">3<div class=\"avia-arrow\"><\/div><\/div><div class=\"av-hotspot-fallback-tooltip-inner clearfix\"><p>\nBanner f\u00fcr Traversenkranz (Front und Seiten m\u00f6glich)<\/p>\n<\/div><\/div><div class='av-hotspot-fallback-tooltip av-image-hotspot-4 '><div class=\"av-hotspot-fallback-tooltip-count\">4<div class=\"avia-arrow\"><\/div><\/div><div class=\"av-hotspot-fallback-tooltip-inner clearfix\"><p>\nFront f\u00fcr Promotion-Counter (im Counter wird i.d.Regel auch die Technik untergebracht)<\/p>\n<\/div><\/div><\/div><\/div><\/p>\n","protected":false},"excerpt":{"rendered":"","protected":false},"author":12,"featured_media":0,"parent":4,"menu_order":0,"comment_status":"closed","ping_status":"closed","template":"","meta":{"footnotes":""},"class_list":["post-4465","page","type-page","status-publish","hentry"],"yoast_head":"<!-- This site is optimized with the Yoast SEO plugin v22.8 - https:\/\/yoast.com\/wordpress\/plugins\/seo\/ -->\n<title>Werbebanner<\/title>\n<meta name=\"description\" content=\"Mit Werbebannern wird Ihr Eventmodul zum echten Hingucker!\" \/>\n<meta name=\"robots\" content=\"index, follow, max-snippet:-1, max-image-preview:large, max-video-preview:-1\" \/>\n<link rel=\"canonical\" href=\"https:\/\/www.kick-point.com\/de\/kick-point\/branding\/banner\/\" \/>\n<meta property=\"og:locale\" content=\"de_DE\" \/>\n<meta property=\"og:type\" content=\"article\" \/>\n<meta property=\"og:title\" content=\"Werbebanner\" \/>\n<meta property=\"og:description\" content=\"Mit Werbebannern wird Ihr Eventmodul zum echten Hingucker!\" \/>\n<meta property=\"og:url\" content=\"https:\/\/www.kick-point.com\/de\/kick-point\/branding\/banner\/\" \/>\n<meta property=\"og:site_name\" content=\"Kick-Point\" \/>\n<meta property=\"article:modified_time\" content=\"2019-01-31T13:18:31+00:00\" \/>\n<meta name=\"twitter:label1\" content=\"Gesch\u00e4tzte Lesezeit\" \/>\n\t<meta name=\"twitter:data1\" content=\"4\u00a0Minuten\" \/>\n<script type=\"application\/ld+json\" class=\"yoast-schema-graph\">{\"@context\":\"https:\/\/schema.org\",\"@graph\":[{\"@type\":\"WebPage\",\"@id\":\"https:\/\/www.kick-point.com\/de\/kick-point\/branding\/banner\/\",\"url\":\"https:\/\/www.kick-point.com\/de\/kick-point\/branding\/banner\/\",\"name\":\"Werbebanner\",\"isPartOf\":{\"@id\":\"https:\/\/www.kick-point.com\/de\/#website\"},\"datePublished\":\"2013-07-23T09:31:38+00:00\",\"dateModified\":\"2019-01-31T13:18:31+00:00\",\"description\":\"Mit Werbebannern wird Ihr Eventmodul zum echten Hingucker!\",\"breadcrumb\":{\"@id\":\"https:\/\/www.kick-point.com\/de\/kick-point\/branding\/banner\/#breadcrumb\"},\"inLanguage\":\"de\",\"potentialAction\":[{\"@type\":\"ReadAction\",\"target\":[\"https:\/\/www.kick-point.com\/de\/kick-point\/branding\/banner\/\"]}]},{\"@type\":\"BreadcrumbList\",\"@id\":\"https:\/\/www.kick-point.com\/de\/kick-point\/branding\/banner\/#breadcrumb\",\"itemListElement\":[{\"@type\":\"ListItem\",\"position\":1,\"name\":\"elektronisches Fu\u00dfballtor\",\"item\":\"https:\/\/www.kick-point.com\/de\/kick-point\/\"},{\"@type\":\"ListItem\",\"position\":2,\"name\":\"Branding\",\"item\":\"https:\/\/www.kick-point.com\/de\/kick-point\/branding\/\"},{\"@type\":\"ListItem\",\"position\":3,\"name\":\"Werbebanner\"}]},{\"@type\":\"WebSite\",\"@id\":\"https:\/\/www.kick-point.com\/de\/#website\",\"url\":\"https:\/\/www.kick-point.com\/de\/\",\"name\":\"Kick-Point\",\"description\":\"Events und Event-Module rund um das elektronische Fu\u00dfballtor\",\"potentialAction\":[{\"@type\":\"SearchAction\",\"target\":{\"@type\":\"EntryPoint\",\"urlTemplate\":\"https:\/\/www.kick-point.com\/de\/?s={search_term_string}\"},\"query-input\":\"required name=search_term_string\"}],\"inLanguage\":\"de\"}]}<\/script>\n<!-- \/ Yoast SEO plugin. -->","yoast_head_json":{"title":"Werbebanner","description":"Mit Werbebannern wird Ihr Eventmodul zum echten Hingucker!","robots":{"index":"index","follow":"follow","max-snippet":"max-snippet:-1","max-image-preview":"max-image-preview:large","max-video-preview":"max-video-preview:-1"},"canonical":"https:\/\/www.kick-point.com\/de\/kick-point\/branding\/banner\/","og_locale":"de_DE","og_type":"article","og_title":"Werbebanner","og_description":"Mit Werbebannern wird Ihr Eventmodul zum echten Hingucker!","og_url":"https:\/\/www.kick-point.com\/de\/kick-point\/branding\/banner\/","og_site_name":"Kick-Point","article_modified_time":"2019-01-31T13:18:31+00:00","twitter_misc":{"Gesch\u00e4tzte Lesezeit":"4\u00a0Minuten"},"schema":{"@context":"https:\/\/schema.org","@graph":[{"@type":"WebPage","@id":"https:\/\/www.kick-point.com\/de\/kick-point\/branding\/banner\/","url":"https:\/\/www.kick-point.com\/de\/kick-point\/branding\/banner\/","name":"Werbebanner","isPartOf":{"@id":"https:\/\/www.kick-point.com\/de\/#website"},"datePublished":"2013-07-23T09:31:38+00:00","dateModified":"2019-01-31T13:18:31+00:00","description":"Mit Werbebannern wird Ihr Eventmodul zum echten Hingucker!","breadcrumb":{"@id":"https:\/\/www.kick-point.com\/de\/kick-point\/branding\/banner\/#breadcrumb"},"inLanguage":"de","potentialAction":[{"@type":"ReadAction","target":["https:\/\/www.kick-point.com\/de\/kick-point\/branding\/banner\/"]}]},{"@type":"BreadcrumbList","@id":"https:\/\/www.kick-point.com\/de\/kick-point\/branding\/banner\/#breadcrumb","itemListElement":[{"@type":"ListItem","position":1,"name":"elektronisches Fu\u00dfballtor","item":"https:\/\/www.kick-point.com\/de\/kick-point\/"},{"@type":"ListItem","position":2,"name":"Branding","item":"https:\/\/www.kick-point.com\/de\/kick-point\/branding\/"},{"@type":"ListItem","position":3,"name":"Werbebanner"}]},{"@type":"WebSite","@id":"https:\/\/www.kick-point.com\/de\/#website","url":"https:\/\/www.kick-point.com\/de\/","name":"Kick-Point","description":"Events und Event-Module rund um das elektronische Fu\u00dfballtor","potentialAction":[{"@type":"SearchAction","target":{"@type":"EntryPoint","urlTemplate":"https:\/\/www.kick-point.com\/de\/?s={search_term_string}"},"query-input":"required name=search_term_string"}],"inLanguage":"de"}]}},"_links":{"self":[{"href":"https:\/\/www.kick-point.com\/de\/wp-json\/wp\/v2\/pages\/4465","targetHints":{"allow":["GET"]}}],"collection":[{"href":"https:\/\/www.kick-point.com\/de\/wp-json\/wp\/v2\/pages"}],"about":[{"href":"https:\/\/www.kick-point.com\/de\/wp-json\/wp\/v2\/types\/page"}],"author":[{"embeddable":true,"href":"https:\/\/www.kick-point.com\/de\/wp-json\/wp\/v2\/users\/12"}],"replies":[{"embeddable":true,"href":"https:\/\/www.kick-point.com\/de\/wp-json\/wp\/v2\/comments?post=4465"}],"version-history":[{"count":12,"href":"https:\/\/www.kick-point.com\/de\/wp-json\/wp\/v2\/pages\/4465\/revisions"}],"predecessor-version":[{"id":83670,"href":"https:\/\/www.kick-point.com\/de\/wp-json\/wp\/v2\/pages\/4465\/revisions\/83670"}],"up":[{"embeddable":true,"href":"https:\/\/www.kick-point.com\/de\/wp-json\/wp\/v2\/pages\/4"}],"wp:attachment":[{"href":"https:\/\/www.kick-point.com\/de\/wp-json\/wp\/v2\/media?parent=4465"}],"curies":[{"name":"wp","href":"https:\/\/api.w.org\/{rel}","templated":true}]}}