{"id":42,"date":"2011-03-01T14:06:26","date_gmt":"2011-03-01T13:06:26","guid":{"rendered":"http:\/\/s174678280.online.de\/"},"modified":"2014-04-07T11:02:47","modified_gmt":"2014-04-07T09:02:47","slug":"fuer-freizeitanlagen","status":"publish","type":"page","link":"https:\/\/www.kick-point.com\/de\/fuer-freizeitanlagen\/","title":{"rendered":"&#8230; f\u00fcr Freizeitanlagen"},"content":{"rendered":"<h2>Eine Bereicherung f\u00fcr jede Freizeitanlage.<br \/>\nMit Kick-Point bieten Sie Ihren Besuchern den kleinen Kick f\u00fcr Zwischendurch.<\/h2>\n<h3 style=\"border:none;\">In Ihrem Freizeitpark fehlt noch das passende Fu\u00dfballmodul? Sie suchen f\u00fcr Ihren Freizeitpark noch ein Attraktionsger\u00e4t zur Generierung weiterer Einnahmen? Nicht alle Courts Ihrer Squashhalle sind ausgelastet? Sie m\u00f6chten den Fu\u00dfballern in Ihrer Soccerhalle ein zus\u00e4tzliche Fu\u00dfballmodul bieten mit dem Sie zudem noch weitere Einnahmen generieren k\u00f6nnen? Wie begeistern Sie im Sommer die Besucher Ihre Camping- und Freizeitanlage? Oder &#8211; Sie suchen ganz einfach noch den Kick, der den Aufenthalt Ihrer Kunden abrundet?<\/h3>\n<p>Ja, lautet die Antwort von Kick-Point auf diese Frage zu den Anforderungen nach einer modernen Attraktion f\u00fcr Sie.<\/p>\n<h3>F\u00fcr jede Location das passende Fu\u00dfballtor<\/h3>\n<p><img loading=\"lazy\" decoding=\"async\" class=\"alignleft size-thumbnail wp-image-393\" src=\"\/wp-content\/uploads\/IMG_1080-246x185.jpg\" alt=\"IMG_1080\" width=\"246\" height=\"185\" \/>Das elektronische Fu\u00dfballtor ist in f\u00fcnf Gr\u00f6\u00dfen (XS, S, M, L und XL) f\u00fcr Veranstaltungen indoor und outdoor verf\u00fcgbar. Keine Fl\u00e4che ist zu klein und kein Platz zu gro\u00df, um nicht mit Kick-Point bei Ihren Kunden punkten zu k\u00f6nnen. Der Kick-Point ist schnell aufgebaut und startklar oder kann als dauerhafte Attraktion fest installiert werden.<\/p>\n<h3>Leicht bedienbare Technik<\/h3>\n<p><a rel=\"lightbox[2]\" href=\"https:\/\/www.kick-point.com\/wp-content\/uploads\/Medebach_1.jpg\"><img loading=\"lazy\" decoding=\"async\" class=\"alignright size-thumbnail wp-image-1823\" src=\"https:\/\/www.kick-point.com\/wp-content\/uploads\/Medebach_1-246x185.jpg\" alt=\"\" width=\"246\" height=\"185\" \/><\/a>Die Technik l\u00e4sst sich intuitiv bedienen so dass der Kick-Point auch ohne Einweisung von Jedermann bespielt werden kann. An dem gro\u00dfen LCD-Flachbildschirm kann das Spiel live verfolgt werden.<br \/>\nDer Bildschirm ist neben dem echten Fu\u00dfballtor und dem echten Fu\u00dfball der Dreh- und Angelpunkt des patentierten Kick-Point-Systems. Auf dem Bildschirm wird in einem virtuellen Tor festgelegt, was der Spieler vom \u0084Elfmeterpunkt\u0093 aus treffen kann oder soll.<\/p>\n<h3>Interaktive Software zur Gestaltung<\/h3>\n<p><img loading=\"lazy\" decoding=\"async\" class=\"alignleft size-thumbnail wp-image-397\" src=\"\/wp-content\/uploads\/OsterholzGymSoccer_13_2-246x185.jpg\" alt=\"OsterholzGymSoccer_13_2\" width=\"246\" height=\"185\" \/>Die interaktive Software gestattet dabei die Einbindung von Logos, Grafiken, Zahlen, Videos oder Soundclips. Bei Kick-Point geht es nicht nur um den h\u00e4rtesten Schu\u00df oder die Schussgeschwindigkeit, sonder eher um Geschicklichkeit! Nachdem der Spieler sein Wunschziel am Monitor ausgew\u00e4hlt hat, versucht er den entsprechenden Bereich im echten Tor zu treffen.<br \/>\nNach jedem Schuss erfolgt blitzschnell die Torschusswiederholung und die Auswertung am Bildschirm.<br class=\"clear\" \/><\/p>\n<h3>Eine Urkunde als Best\u00e4tigung der Leistung<\/h3>\n<p><img loading=\"lazy\" decoding=\"async\" class=\"alignright size-thumbnail wp-image-396\" src=\"\/wp-content\/uploads\/IMG_1175-246x185.jpg\" alt=\"IMG_1175\" width=\"246\" height=\"185\" \/>Zum Abschluss kann jeder Spieler eine Urkunde oder einen Gutschein direkt aus dem System erhalten. Zus\u00e4tzlich k\u00f6nnen Sie die Daten der Spieler im Internet weiter nutzen. Zum Beispiel in Form einer Tabelle, bei der die Spieler Ihr Ergebnis mit dem anderer Spieler vergleichen k\u00f6nnen.<br class=\"clear\" \/><\/p>\n<h3>Technik und Spielspass<\/h3>\n<p><a rel=\"lightbox[5]\" href=\"https:\/\/www.kick-point.com\/wp-content\/uploads\/Medebach_2.jpg\"><img loading=\"lazy\" decoding=\"async\" src=\"https:\/\/www.kick-point.com\/wp-content\/uploads\/Medebach_2-246x185.jpg\" alt=\"\" width=\"246\" height=\"185\" class=\"alignleft size-thumbnail wp-image-1825\" \/><\/a>Verschiedene Spielvariationen sind m\u00f6glich und sorgen f\u00fcr ein vielfaches an Spielspass. Technik ist das eine Spielspass und Herausforderung das andere. Nutzen Sie die individuellen M\u00f6glichkeiten des Kick-Points f\u00fcr Ihre Freizeitanlage.<\/p>\n<h3>Aktionen mit Begeisterung<\/h3>\n<p><img loading=\"lazy\" decoding=\"async\" class=\"alignright size-thumbnail wp-image-395\" src=\"\/wp-content\/uploads\/IMG_1101-246x185.jpg\" alt=\"IMG_1101\" width=\"246\" height=\"185\" \/>Der gro\u00dfe Zuspruch und die Begeisterung der viele Teilnehmer am Kick-Point wird sie schnell davon \u00fcberzeugen, dass H\u00fcpfburg &amp; Torwand gestern waren.<\/p>\n<h3>Kick-Point in Freizeitanlagen<\/h3>\n<div class=\"BorlabsCookie _brlbs-cb-youtube\">\n<div class=\"_brlbs-content-blocker\">\n<div class=\"_brlbs-embed _brlbs-video-youtube\"> <img decoding=\"async\" class=\"_brlbs-thumbnail\" src=\"https:\/\/www.kick-point.com\/wp-content\/plugins\/borlabs-cookie\/assets\/images\/cb-no-thumbnail.png\" alt=\"YouTube\"> <\/p>\n<div class=\"_brlbs-caption\">\n<p>Mit dem Laden des Videos akzeptieren Sie die Datenschutzerkl\u00e4rung von YouTube.<br \/><a href=\"https:\/\/policies.google.com\/privacy\" target=\"_blank\" rel=\"nofollow noopener noreferrer\">Mehr erfahren<\/a><\/p>\n<p><a class=\"_brlbs-btn _brlbs-icon-play-white\" href=\"#\" data-borlabs-cookie-unblock role=\"button\">Video laden<\/a><\/p>\n<p><label><input type=\"checkbox\" name=\"unblockAll\" value=\"1\" checked> <small>YouTube immer entsperren<\/small><\/label><\/p>\n<\/p><\/div>\n<\/p><\/div>\n<\/p><\/div>\n<div class=\"borlabs-hide\" data-borlabs-cookie-type=\"content-blocker\" data-borlabs-cookie-id=\"youtube\"><script type=\"text\/template\">PGRpdiBjbGFzcz0nYXZpYS1pZnJhbWUtd3JhcCc+PGlmcmFtZSB3aWR0aD0iMTUwMCIgaGVpZ2h0PSI4NDQiIHNyYz0iaHR0cHM6Ly93d3cueW91dHViZS1ub2Nvb2tpZS5jb20vZW1iZWQvSWUybGhQRzBBOWs\/ZmVhdHVyZT1vZW1iZWQiIGZyYW1lYm9yZGVyPSIwIiBhbGxvdz0iYWNjZWxlcm9tZXRlcjsgYXV0b3BsYXk7IGVuY3J5cHRlZC1tZWRpYTsgZ3lyb3Njb3BlOyBwaWN0dXJlLWluLXBpY3R1cmUiIGFsbG93ZnVsbHNjcmVlbj48L2lmcmFtZT48L2Rpdj4=<\/script><\/div>\n<\/div>\n<p><br class=\"clear\" \/><\/p>\n","protected":false},"excerpt":{"rendered":"<p>Eine Bereicherung f\u00fcr jede Freizeitanlage. Mit Kick-Point bieten Sie Ihren Besuchern den kleinen Kick f\u00fcr Zwischendurch. In Ihrem Freizeitpark fehlt noch das passende Fu\u00dfballmodul? Sie suchen f\u00fcr Ihren Freizeitpark noch ein Attraktionsger\u00e4t zur Generierung weiterer Einnahmen? Nicht alle Courts Ihrer Squashhalle sind ausgelastet? Sie m\u00f6chten den Fu\u00dfballern in Ihrer Soccerhalle ein zus\u00e4tzliche Fu\u00dfballmodul bieten mit [&hellip;]<\/p>\n","protected":false},"author":12,"featured_media":0,"parent":0,"menu_order":9999,"comment_status":"closed","ping_status":"closed","template":"","meta":{"footnotes":""},"class_list":["post-42","page","type-page","status-publish","hentry"],"yoast_head":"<!-- This site is optimized with the Yoast SEO plugin v22.8 - https:\/\/yoast.com\/wordpress\/plugins\/seo\/ -->\n<title>... f\u00fcr Freizeitanlagen<\/title>\n<meta name=\"robots\" content=\"index, follow, max-snippet:-1, max-image-preview:large, max-video-preview:-1\" \/>\n<link rel=\"canonical\" href=\"https:\/\/www.kick-point.com\/de\/fuer-freizeitanlagen\/\" \/>\n<meta property=\"og:locale\" content=\"de_DE\" \/>\n<meta property=\"og:type\" content=\"article\" \/>\n<meta property=\"og:title\" content=\"... f\u00fcr Freizeitanlagen\" \/>\n<meta property=\"og:description\" content=\"Eine Bereicherung f\u00fcr jede Freizeitanlage. Mit Kick-Point bieten Sie Ihren Besuchern den kleinen Kick f\u00fcr Zwischendurch. In Ihrem Freizeitpark fehlt noch das passende Fu\u00dfballmodul? Sie suchen f\u00fcr Ihren Freizeitpark noch ein Attraktionsger\u00e4t zur Generierung weiterer Einnahmen? Nicht alle Courts Ihrer Squashhalle sind ausgelastet? Sie m\u00f6chten den Fu\u00dfballern in Ihrer Soccerhalle ein zus\u00e4tzliche Fu\u00dfballmodul bieten mit [&hellip;]\" \/>\n<meta property=\"og:url\" content=\"https:\/\/www.kick-point.com\/de\/fuer-freizeitanlagen\/\" \/>\n<meta property=\"og:site_name\" content=\"Kick-Point\" \/>\n<meta property=\"article:modified_time\" content=\"2014-04-07T09:02:47+00:00\" \/>\n<meta property=\"og:image\" content=\"https:\/\/www.kick-point.com\/wp-content\/uploads\/IMG_1080-246x185.jpg\" \/>\n<meta name=\"twitter:label1\" content=\"Gesch\u00e4tzte Lesezeit\" \/>\n\t<meta name=\"twitter:data1\" content=\"2\u00a0Minuten\" \/>\n<script type=\"application\/ld+json\" class=\"yoast-schema-graph\">{\"@context\":\"https:\/\/schema.org\",\"@graph\":[{\"@type\":\"WebPage\",\"@id\":\"https:\/\/www.kick-point.com\/de\/fuer-freizeitanlagen\/\",\"url\":\"https:\/\/www.kick-point.com\/de\/fuer-freizeitanlagen\/\",\"name\":\"... f\u00fcr Freizeitanlagen\",\"isPartOf\":{\"@id\":\"https:\/\/www.kick-point.com\/de\/#website\"},\"primaryImageOfPage\":{\"@id\":\"https:\/\/www.kick-point.com\/de\/fuer-freizeitanlagen\/#primaryimage\"},\"image\":{\"@id\":\"https:\/\/www.kick-point.com\/de\/fuer-freizeitanlagen\/#primaryimage\"},\"thumbnailUrl\":\"https:\/\/www.kick-point.com\/wp-content\/uploads\/Medebach_1-246x185.jpg\",\"datePublished\":\"2011-03-01T13:06:26+00:00\",\"dateModified\":\"2014-04-07T09:02:47+00:00\",\"inLanguage\":\"de\",\"potentialAction\":[{\"@type\":\"ReadAction\",\"target\":[\"https:\/\/www.kick-point.com\/de\/fuer-freizeitanlagen\/\"]}]},{\"@type\":\"ImageObject\",\"inLanguage\":\"de\",\"@id\":\"https:\/\/www.kick-point.com\/de\/fuer-freizeitanlagen\/#primaryimage\",\"url\":\"https:\/\/www.kick-point.com\/wp-content\/uploads\/Medebach_1-246x185.jpg\",\"contentUrl\":\"https:\/\/www.kick-point.com\/wp-content\/uploads\/Medebach_1-246x185.jpg\"},{\"@type\":\"WebSite\",\"@id\":\"https:\/\/www.kick-point.com\/de\/#website\",\"url\":\"https:\/\/www.kick-point.com\/de\/\",\"name\":\"Kick-Point\",\"description\":\"Events und Event-Module rund um das elektronische Fu\u00dfballtor\",\"potentialAction\":[{\"@type\":\"SearchAction\",\"target\":{\"@type\":\"EntryPoint\",\"urlTemplate\":\"https:\/\/www.kick-point.com\/de\/?s={search_term_string}\"},\"query-input\":\"required name=search_term_string\"}],\"inLanguage\":\"de\"}]}<\/script>\n<!-- \/ Yoast SEO plugin. -->","yoast_head_json":{"title":"... f\u00fcr Freizeitanlagen","robots":{"index":"index","follow":"follow","max-snippet":"max-snippet:-1","max-image-preview":"max-image-preview:large","max-video-preview":"max-video-preview:-1"},"canonical":"https:\/\/www.kick-point.com\/de\/fuer-freizeitanlagen\/","og_locale":"de_DE","og_type":"article","og_title":"... f\u00fcr Freizeitanlagen","og_description":"Eine Bereicherung f\u00fcr jede Freizeitanlage. Mit Kick-Point bieten Sie Ihren Besuchern den kleinen Kick f\u00fcr Zwischendurch. In Ihrem Freizeitpark fehlt noch das passende Fu\u00dfballmodul? Sie suchen f\u00fcr Ihren Freizeitpark noch ein Attraktionsger\u00e4t zur Generierung weiterer Einnahmen? Nicht alle Courts Ihrer Squashhalle sind ausgelastet? Sie m\u00f6chten den Fu\u00dfballern in Ihrer Soccerhalle ein zus\u00e4tzliche Fu\u00dfballmodul bieten mit [&hellip;]","og_url":"https:\/\/www.kick-point.com\/de\/fuer-freizeitanlagen\/","og_site_name":"Kick-Point","article_modified_time":"2014-04-07T09:02:47+00:00","og_image":[{"url":"https:\/\/www.kick-point.com\/wp-content\/uploads\/IMG_1080-246x185.jpg"}],"twitter_misc":{"Gesch\u00e4tzte Lesezeit":"2\u00a0Minuten"},"schema":{"@context":"https:\/\/schema.org","@graph":[{"@type":"WebPage","@id":"https:\/\/www.kick-point.com\/de\/fuer-freizeitanlagen\/","url":"https:\/\/www.kick-point.com\/de\/fuer-freizeitanlagen\/","name":"... f\u00fcr Freizeitanlagen","isPartOf":{"@id":"https:\/\/www.kick-point.com\/de\/#website"},"primaryImageOfPage":{"@id":"https:\/\/www.kick-point.com\/de\/fuer-freizeitanlagen\/#primaryimage"},"image":{"@id":"https:\/\/www.kick-point.com\/de\/fuer-freizeitanlagen\/#primaryimage"},"thumbnailUrl":"https:\/\/www.kick-point.com\/wp-content\/uploads\/Medebach_1-246x185.jpg","datePublished":"2011-03-01T13:06:26+00:00","dateModified":"2014-04-07T09:02:47+00:00","inLanguage":"de","potentialAction":[{"@type":"ReadAction","target":["https:\/\/www.kick-point.com\/de\/fuer-freizeitanlagen\/"]}]},{"@type":"ImageObject","inLanguage":"de","@id":"https:\/\/www.kick-point.com\/de\/fuer-freizeitanlagen\/#primaryimage","url":"https:\/\/www.kick-point.com\/wp-content\/uploads\/Medebach_1-246x185.jpg","contentUrl":"https:\/\/www.kick-point.com\/wp-content\/uploads\/Medebach_1-246x185.jpg"},{"@type":"WebSite","@id":"https:\/\/www.kick-point.com\/de\/#website","url":"https:\/\/www.kick-point.com\/de\/","name":"Kick-Point","description":"Events und Event-Module rund um das elektronische Fu\u00dfballtor","potentialAction":[{"@type":"SearchAction","target":{"@type":"EntryPoint","urlTemplate":"https:\/\/www.kick-point.com\/de\/?s={search_term_string}"},"query-input":"required name=search_term_string"}],"inLanguage":"de"}]}},"_links":{"self":[{"href":"https:\/\/www.kick-point.com\/de\/wp-json\/wp\/v2\/pages\/42","targetHints":{"allow":["GET"]}}],"collection":[{"href":"https:\/\/www.kick-point.com\/de\/wp-json\/wp\/v2\/pages"}],"about":[{"href":"https:\/\/www.kick-point.com\/de\/wp-json\/wp\/v2\/types\/page"}],"author":[{"embeddable":true,"href":"https:\/\/www.kick-point.com\/de\/wp-json\/wp\/v2\/users\/12"}],"replies":[{"embeddable":true,"href":"https:\/\/www.kick-point.com\/de\/wp-json\/wp\/v2\/comments?post=42"}],"version-history":[{"count":1,"href":"https:\/\/www.kick-point.com\/de\/wp-json\/wp\/v2\/pages\/42\/revisions"}],"predecessor-version":[{"id":22131,"href":"https:\/\/www.kick-point.com\/de\/wp-json\/wp\/v2\/pages\/42\/revisions\/22131"}],"wp:attachment":[{"href":"https:\/\/www.kick-point.com\/de\/wp-json\/wp\/v2\/media?parent=42"}],"curies":[{"name":"wp","href":"https:\/\/api.w.org\/{rel}","templated":true}]}}