{"id":27,"date":"2011-03-01T14:03:05","date_gmt":"2011-03-01T13:03:05","guid":{"rendered":"http:\/\/s174678280.online.de\/"},"modified":"2014-04-07T11:02:21","modified_gmt":"2014-04-07T09:02:21","slug":"downloads-links","status":"publish","type":"page","link":"https:\/\/www.kick-point.com\/de\/downloads-links\/","title":{"rendered":"Download \/ Links"},"content":{"rendered":"<h3>Kick-Point Brosch\u00fcre Deutsch<\/h3>\n<p><a href=\"\/wp-content\/uploads\/081028_KP_8-Seiter-DE_final.pdf\" target=\"_blank\"><img loading=\"lazy\" decoding=\"async\" class=\"alignleft size-full wp-image-417\" src=\"\/wp-content\/uploads\/broschuere_deu_01.jpg\" alt=\"broschuere_deu_01\" width=\"107\" height=\"150\" \/>Download<\/a><\/p>\n<p>Kick-Point Brosch\u00fcre &#8211; Deutsch<\/p>\n<h3>Kick-Point Brosch\u00fcre Englisch<\/h3>\n<p><a href=\"\/wp-content\/uploads\/081024_KP_8-Seiter-UK_final.pdf\" target=\"_blank\"><img loading=\"lazy\" decoding=\"async\" class=\"alignleft size-full wp-image-420\" src=\"\/wp-content\/uploads\/brochure_eng_01.jpg\" alt=\"brochure_eng_01\" width=\"107\" height=\"150\" \/>Download<\/a><\/p>\n<p>Kick-Point Brosch\u00fcre &#8211; Englisch<\/p>\n<h3>Branding am Kick-Point<\/h3>\n<p><a href=\"\/wp-content\/uploads\/Branding_am_kick-point.pdf\" target=\"_blank\"><img loading=\"lazy\" decoding=\"async\" class=\"alignleft size-full wp-image-423\" src=\"\/wp-content\/uploads\/branding_am_kick-point.jpg\" alt=\"branding_am_kick-point\" width=\"106\" height=\"150\" \/>Download<\/a><\/p>\n<p>Branding am Kick-Point<\/p>\n<h3>Kick-Point Lizenzpartner<\/h3>\n<p><a href=\"\/wp-content\/uploads\/Lizenzpartner.pdf\" target=\"_blank\"><img loading=\"lazy\" decoding=\"async\" class=\"alignleft size-full wp-image-424\" src=\"\/wp-content\/uploads\/kick-point_lizenzpartner.jpg\" alt=\"kick-point_lizenzpartner\" width=\"106\" height=\"150\" \/>Download<\/a><\/p>\n<p>Informationen \u00fcber das Kick-Point Lizenzpartner-Programm.<\/p>\n<h3>Mega Kicker<\/h3>\n<p><a href=\"\/wp-content\/uploads\/Mega-Kicker.pdf\" target=\"_blank\"><img loading=\"lazy\" decoding=\"async\" class=\"alignleft size-full wp-image-425\" src=\"\/wp-content\/uploads\/Mega_Kicker.jpg\" alt=\"Mega_Kicker\" width=\"107\" height=\"150\" \/>Download<\/a><\/p>\n<p>Mega Kicker<\/p>\n<h3>AGB`s<\/h3>\n<p><a href=\"\/wp-content\/uploads\/AGB_08_2008.pdf\" target=\"_blank\"><img loading=\"lazy\" decoding=\"async\" class=\"alignleft size-full wp-image-426\" src=\"\/wp-content\/uploads\/agb_08_2008.jpg\" alt=\"agb_08_2008\" width=\"106\" height=\"150\" \/>Download<\/a><\/p>\n<p>Allgemeine Gesch\u00e4ftsbedingungen der Kick-Point GmbH<\/p>\n<h3>Kick-Point Videos<\/h3>\n<ul>\n<li><a href=\"#1\">Der Kick-Point Image Film<\/a><\/li>\n<li><a href=\"#2\">Kick-Point das elektronische Fu\u00dfballtor<\/a><\/li>\n<li><a href=\"#3\">Das Kick-Point Carrefour-Event in der T\u00fcrkei<\/a><\/li>\n<li><a href=\"#4\">Dursty Roadshow mit Kick-Point<\/a><\/li>\n<\/ul>\n<h3 id=\"1\"><\/h3>\n<h3 id=\"2\">Kick-Point das elektronische Fu\u00dfballtor<\/h3>\n<div class=\"BorlabsCookie _brlbs-cb-youtube\">\n<div class=\"_brlbs-content-blocker\">\n<div class=\"_brlbs-embed _brlbs-video-youtube\"> <img decoding=\"async\" class=\"_brlbs-thumbnail\" src=\"https:\/\/www.kick-point.com\/wp-content\/plugins\/borlabs-cookie\/assets\/images\/cb-no-thumbnail.png\" alt=\"YouTube\"> <\/p>\n<div class=\"_brlbs-caption\">\n<p>Mit dem Laden des Videos akzeptieren Sie die Datenschutzerkl\u00e4rung von YouTube.<br \/><a href=\"https:\/\/policies.google.com\/privacy\" target=\"_blank\" rel=\"nofollow noopener noreferrer\">Mehr erfahren<\/a><\/p>\n<p><a class=\"_brlbs-btn _brlbs-icon-play-white\" href=\"#\" data-borlabs-cookie-unblock role=\"button\">Video laden<\/a><\/p>\n<p><label><input type=\"checkbox\" name=\"unblockAll\" value=\"1\" checked> <small>YouTube immer entsperren<\/small><\/label><\/p>\n<\/p><\/div>\n<\/p><\/div>\n<\/p><\/div>\n<div class=\"borlabs-hide\" data-borlabs-cookie-type=\"content-blocker\" data-borlabs-cookie-id=\"youtube\"><script type=\"text\/template\">PGRpdiBjbGFzcz0nYXZpYS1pZnJhbWUtd3JhcCc+PGlmcmFtZSB3aWR0aD0iMTMzMyIgaGVpZ2h0PSIxMDAwIiBzcmM9Imh0dHBzOi8vd3d3LnlvdXR1YmUtbm9jb29raWUuY29tL2VtYmVkL0NfYnRRcUN3bEx3P2ZlYXR1cmU9b2VtYmVkIiBmcmFtZWJvcmRlcj0iMCIgYWxsb3c9ImFjY2VsZXJvbWV0ZXI7IGF1dG9wbGF5OyBlbmNyeXB0ZWQtbWVkaWE7IGd5cm9zY29wZTsgcGljdHVyZS1pbi1waWN0dXJlIiBhbGxvd2Z1bGxzY3JlZW4+PC9pZnJhbWU+PC9kaXY+<\/script><\/div>\n<\/div>\n<h3 id=\"3\">Das Kick-Point Carrefour-Event in der T\u00fcrkei<\/h3>\n<div class=\"BorlabsCookie _brlbs-cb-youtube\">\n<div class=\"_brlbs-content-blocker\">\n<div class=\"_brlbs-embed _brlbs-video-youtube\"> <img decoding=\"async\" class=\"_brlbs-thumbnail\" src=\"https:\/\/www.kick-point.com\/wp-content\/plugins\/borlabs-cookie\/assets\/images\/cb-no-thumbnail.png\" alt=\"YouTube\"> <\/p>\n<div class=\"_brlbs-caption\">\n<p>Mit dem Laden des Videos akzeptieren Sie die Datenschutzerkl\u00e4rung von YouTube.<br \/><a href=\"https:\/\/policies.google.com\/privacy\" target=\"_blank\" rel=\"nofollow noopener noreferrer\">Mehr erfahren<\/a><\/p>\n<p><a class=\"_brlbs-btn _brlbs-icon-play-white\" href=\"#\" data-borlabs-cookie-unblock role=\"button\">Video laden<\/a><\/p>\n<p><label><input type=\"checkbox\" name=\"unblockAll\" value=\"1\" checked> <small>YouTube immer entsperren<\/small><\/label><\/p>\n<\/p><\/div>\n<\/p><\/div>\n<\/p><\/div>\n<div class=\"borlabs-hide\" data-borlabs-cookie-type=\"content-blocker\" data-borlabs-cookie-id=\"youtube\"><script type=\"text\/template\">PGRpdiBjbGFzcz0nYXZpYS1pZnJhbWUtd3JhcCc+PGlmcmFtZSB3aWR0aD0iMTUwMCIgaGVpZ2h0PSI4NDQiIHNyYz0iaHR0cHM6Ly93d3cueW91dHViZS1ub2Nvb2tpZS5jb20vZW1iZWQvUDFwalZBWmxxcDQ\/ZmVhdHVyZT1vZW1iZWQiIGZyYW1lYm9yZGVyPSIwIiBhbGxvdz0iYWNjZWxlcm9tZXRlcjsgYXV0b3BsYXk7IGVuY3J5cHRlZC1tZWRpYTsgZ3lyb3Njb3BlOyBwaWN0dXJlLWluLXBpY3R1cmUiIGFsbG93ZnVsbHNjcmVlbj48L2lmcmFtZT48L2Rpdj4=<\/script><\/div>\n<\/div>\n<h3 id=\"4\">Dursty Roadshow mit Kick-Point<\/h3>\n<div class=\"BorlabsCookie _brlbs-cb-youtube\">\n<div class=\"_brlbs-content-blocker\">\n<div class=\"_brlbs-embed _brlbs-video-youtube\"> <img decoding=\"async\" class=\"_brlbs-thumbnail\" src=\"https:\/\/www.kick-point.com\/wp-content\/plugins\/borlabs-cookie\/assets\/images\/cb-no-thumbnail.png\" alt=\"YouTube\"> <\/p>\n<div class=\"_brlbs-caption\">\n<p>Mit dem Laden des Videos akzeptieren Sie die Datenschutzerkl\u00e4rung von YouTube.<br \/><a href=\"https:\/\/policies.google.com\/privacy\" target=\"_blank\" rel=\"nofollow noopener noreferrer\">Mehr erfahren<\/a><\/p>\n<p><a class=\"_brlbs-btn _brlbs-icon-play-white\" href=\"#\" data-borlabs-cookie-unblock role=\"button\">Video laden<\/a><\/p>\n<p><label><input type=\"checkbox\" name=\"unblockAll\" value=\"1\" checked> <small>YouTube immer entsperren<\/small><\/label><\/p>\n<\/p><\/div>\n<\/p><\/div>\n<\/p><\/div>\n<div class=\"borlabs-hide\" data-borlabs-cookie-type=\"content-blocker\" data-borlabs-cookie-id=\"youtube\"><script type=\"text\/template\">PGRpdiBjbGFzcz0nYXZpYS1pZnJhbWUtd3JhcCc+PGlmcmFtZSB3aWR0aD0iMTMzMyIgaGVpZ2h0PSIxMDAwIiBzcmM9Imh0dHBzOi8vd3d3LnlvdXR1YmUtbm9jb29raWUuY29tL2VtYmVkL2wxRWo0ZzBfWFhjP2ZlYXR1cmU9b2VtYmVkIiBmcmFtZWJvcmRlcj0iMCIgYWxsb3c9ImFjY2VsZXJvbWV0ZXI7IGF1dG9wbGF5OyBlbmNyeXB0ZWQtbWVkaWE7IGd5cm9zY29wZTsgcGljdHVyZS1pbi1waWN0dXJlIiBhbGxvd2Z1bGxzY3JlZW4+PC9pZnJhbWU+PC9kaXY+<\/script><\/div>\n<\/div>\n","protected":false},"excerpt":{"rendered":"<p>Kick-Point Brosch\u00fcre Deutsch Download Kick-Point Brosch\u00fcre &#8211; Deutsch Kick-Point Brosch\u00fcre Englisch Download Kick-Point Brosch\u00fcre &#8211; Englisch Branding am Kick-Point Download Branding am Kick-Point Kick-Point Lizenzpartner Download Informationen \u00fcber das Kick-Point Lizenzpartner-Programm. Mega Kicker Download Mega Kicker AGB`s Download Allgemeine Gesch\u00e4ftsbedingungen der Kick-Point GmbH Kick-Point Videos Der Kick-Point Image Film Kick-Point das elektronische Fu\u00dfballtor Das Kick-Point [&hellip;]<\/p>\n","protected":false},"author":12,"featured_media":0,"parent":0,"menu_order":2,"comment_status":"closed","ping_status":"closed","template":"","meta":{"footnotes":""},"class_list":["post-27","page","type-page","status-publish","hentry"],"yoast_head":"<!-- This site is optimized with the Yoast SEO plugin v22.8 - https:\/\/yoast.com\/wordpress\/plugins\/seo\/ -->\n<title>Kick-Point Downloads<\/title>\n<meta name=\"description\" content=\"Downloads der Kick-Point Brosch\u00fcre, Informationen \u00fcber das Kick-Point Lizenzpartner-Programm, Branding am Kick-Point und Videos.\" \/>\n<meta name=\"robots\" content=\"index, follow, max-snippet:-1, max-image-preview:large, max-video-preview:-1\" \/>\n<link rel=\"canonical\" href=\"https:\/\/www.kick-point.com\/de\/downloads-links\/\" \/>\n<meta property=\"og:locale\" content=\"de_DE\" \/>\n<meta property=\"og:type\" content=\"article\" \/>\n<meta property=\"og:title\" content=\"Kick-Point Downloads\" \/>\n<meta property=\"og:description\" content=\"Downloads der Kick-Point Brosch\u00fcre, Informationen \u00fcber das Kick-Point Lizenzpartner-Programm, Branding am Kick-Point und Videos.\" \/>\n<meta property=\"og:url\" content=\"https:\/\/www.kick-point.com\/de\/downloads-links\/\" \/>\n<meta property=\"og:site_name\" content=\"Kick-Point\" \/>\n<meta property=\"article:modified_time\" content=\"2014-04-07T09:02:21+00:00\" \/>\n<meta property=\"og:image\" content=\"https:\/\/www.kick-point.com\/wp-content\/uploads\/broschuere_deu_01.jpg\" \/>\n<meta name=\"twitter:label1\" content=\"Gesch\u00e4tzte Lesezeit\" \/>\n\t<meta name=\"twitter:data1\" content=\"1\u00a0Minute\" \/>\n<script type=\"application\/ld+json\" class=\"yoast-schema-graph\">{\"@context\":\"https:\/\/schema.org\",\"@graph\":[{\"@type\":\"WebPage\",\"@id\":\"https:\/\/www.kick-point.com\/de\/downloads-links\/\",\"url\":\"https:\/\/www.kick-point.com\/de\/downloads-links\/\",\"name\":\"Kick-Point Downloads\",\"isPartOf\":{\"@id\":\"https:\/\/www.kick-point.com\/de\/#website\"},\"datePublished\":\"2011-03-01T13:03:05+00:00\",\"dateModified\":\"2014-04-07T09:02:21+00:00\",\"description\":\"Downloads der Kick-Point Brosch\u00fcre, Informationen \u00fcber das Kick-Point Lizenzpartner-Programm, Branding am Kick-Point und Videos.\",\"inLanguage\":\"de\",\"potentialAction\":[{\"@type\":\"ReadAction\",\"target\":[\"https:\/\/www.kick-point.com\/de\/downloads-links\/\"]}]},{\"@type\":\"WebSite\",\"@id\":\"https:\/\/www.kick-point.com\/de\/#website\",\"url\":\"https:\/\/www.kick-point.com\/de\/\",\"name\":\"Kick-Point\",\"description\":\"Events und Event-Module rund um das elektronische Fu\u00dfballtor\",\"potentialAction\":[{\"@type\":\"SearchAction\",\"target\":{\"@type\":\"EntryPoint\",\"urlTemplate\":\"https:\/\/www.kick-point.com\/de\/?s={search_term_string}\"},\"query-input\":\"required name=search_term_string\"}],\"inLanguage\":\"de\"}]}<\/script>\n<!-- \/ Yoast SEO plugin. -->","yoast_head_json":{"title":"Kick-Point Downloads","description":"Downloads der Kick-Point Brosch\u00fcre, Informationen \u00fcber das Kick-Point Lizenzpartner-Programm, Branding am Kick-Point und Videos.","robots":{"index":"index","follow":"follow","max-snippet":"max-snippet:-1","max-image-preview":"max-image-preview:large","max-video-preview":"max-video-preview:-1"},"canonical":"https:\/\/www.kick-point.com\/de\/downloads-links\/","og_locale":"de_DE","og_type":"article","og_title":"Kick-Point Downloads","og_description":"Downloads der Kick-Point Brosch\u00fcre, Informationen \u00fcber das Kick-Point Lizenzpartner-Programm, Branding am Kick-Point und Videos.","og_url":"https:\/\/www.kick-point.com\/de\/downloads-links\/","og_site_name":"Kick-Point","article_modified_time":"2014-04-07T09:02:21+00:00","og_image":[{"url":"https:\/\/www.kick-point.com\/wp-content\/uploads\/broschuere_deu_01.jpg"}],"twitter_misc":{"Gesch\u00e4tzte Lesezeit":"1\u00a0Minute"},"schema":{"@context":"https:\/\/schema.org","@graph":[{"@type":"WebPage","@id":"https:\/\/www.kick-point.com\/de\/downloads-links\/","url":"https:\/\/www.kick-point.com\/de\/downloads-links\/","name":"Kick-Point Downloads","isPartOf":{"@id":"https:\/\/www.kick-point.com\/de\/#website"},"datePublished":"2011-03-01T13:03:05+00:00","dateModified":"2014-04-07T09:02:21+00:00","description":"Downloads der Kick-Point Brosch\u00fcre, Informationen \u00fcber das Kick-Point Lizenzpartner-Programm, Branding am Kick-Point und Videos.","inLanguage":"de","potentialAction":[{"@type":"ReadAction","target":["https:\/\/www.kick-point.com\/de\/downloads-links\/"]}]},{"@type":"WebSite","@id":"https:\/\/www.kick-point.com\/de\/#website","url":"https:\/\/www.kick-point.com\/de\/","name":"Kick-Point","description":"Events und Event-Module rund um das elektronische Fu\u00dfballtor","potentialAction":[{"@type":"SearchAction","target":{"@type":"EntryPoint","urlTemplate":"https:\/\/www.kick-point.com\/de\/?s={search_term_string}"},"query-input":"required name=search_term_string"}],"inLanguage":"de"}]}},"_links":{"self":[{"href":"https:\/\/www.kick-point.com\/de\/wp-json\/wp\/v2\/pages\/27","targetHints":{"allow":["GET"]}}],"collection":[{"href":"https:\/\/www.kick-point.com\/de\/wp-json\/wp\/v2\/pages"}],"about":[{"href":"https:\/\/www.kick-point.com\/de\/wp-json\/wp\/v2\/types\/page"}],"author":[{"embeddable":true,"href":"https:\/\/www.kick-point.com\/de\/wp-json\/wp\/v2\/users\/12"}],"replies":[{"embeddable":true,"href":"https:\/\/www.kick-point.com\/de\/wp-json\/wp\/v2\/comments?post=27"}],"version-history":[{"count":2,"href":"https:\/\/www.kick-point.com\/de\/wp-json\/wp\/v2\/pages\/27\/revisions"}],"predecessor-version":[{"id":86414,"href":"https:\/\/www.kick-point.com\/de\/wp-json\/wp\/v2\/pages\/27\/revisions\/86414"}],"wp:attachment":[{"href":"https:\/\/www.kick-point.com\/de\/wp-json\/wp\/v2\/media?parent=27"}],"curies":[{"name":"wp","href":"https:\/\/api.w.org\/{rel}","templated":true}]}}