{"id":25,"date":"2011-03-01T14:02:40","date_gmt":"2011-03-01T13:02:40","guid":{"rendered":"http:\/\/s174678280.online.de\/"},"modified":"2014-04-07T11:02:35","modified_gmt":"2014-04-07T09:02:35","slug":"partner-werden","status":"publish","type":"page","link":"https:\/\/www.kick-point.com\/de\/kick-point\/partner-werden\/","title":{"rendered":"Kick-Point Lizenzpartnerschaft"},"content":{"rendered":"<h2 style=\"text-align: center;\">Das Geheimnis des Fu\u00dfballs ist der Ball &#8211; das Geheimnis Ihres Erfolges ist Kick-Point.<\/h2>\n<p><a href=\"https:\/\/www.kick-point.com\/wp-content\/uploads\/kick-point-franchise-license.jpg\"><img loading=\"lazy\" decoding=\"async\" class=\"alignright size-full wp-image-7779\" alt=\"kick-point-franchise-license\" src=\"https:\/\/www.kick-point.com\/wp-content\/uploads\/kick-point-franchise-license.jpg\" width=\"600\" height=\"396\" \/><\/a>Als Kick-Point Lizenzpartner vermarkten Sie in Ihrer Region oder bundesweit das Kick-Point-Modul. Dabei geht es um die Vermietung und Vermarktung des elektronischen Fu\u00dfballtores f\u00fcr Events, Veranstaltungen und Turniere egal, ob drinnen oder drau\u00dfen. Die Kick-Point GmbH stellt daf\u00fcr als Lizenzgeber das elektronische Fu\u00dfballtor inkl. Zubeh\u00f6r zur Verf\u00fcgung. So wie Sie das Modul nach einer eingehenden Schulung von uns \u00fcbernommen haben, sind Sie startklar f\u00fcr Ihre erste Veranstaltung.<\/p>\n<p>Sie kn\u00fcpfen in eigener Regie oder durch unsere Unterst\u00fctzung den Kontakt zu potentiellen Kunden und Veranstaltern. Sie bieten dabei das Kick-Point-Modul im Fullserivce an und begleiten die Veranstaltung von Aufbau bis Abbau. Mit dem Kick-Point-Modul verf\u00fcgen Sie \u00fcber eine innovative Attraktion f\u00fcr eine Vielzahl von Veranstaltungen und Events. Das Kick-Point-Modul ist das Highlight bei jeder Veranstaltung.<\/p>\n<p style=\"text-align: left;\">Interessiert? Dann nehmen Sie einfach <a title=\"zum Kontaktformular\" href=\"https:\/\/www.kick-point.com\/de\/kontakt\/\">Kontakt<\/a> mit uns auf!<\/p>\n<p>&nbsp;<\/p>\n<h4 class=\"show\"><img loading=\"lazy\" decoding=\"async\" class=\"size-full wp-image-7744 alignleft\" alt=\"Leistungspaket\" src=\"https:\/\/www.kick-point.com\/wp-content\/uploads\/leistungspaket.png\" width=\"390\" height=\"24\" \/><\/h4>\n<div class=\"hide\">\n<p>&nbsp;<\/p>\n<p>&nbsp;<\/p>\n<h3><\/h3>\n<p>Der Lizenzgeber bietet dem Lizenznehmer ein umfangreiches Leistungspaket an.<br \/>\nAllem voran steht sicherlich die \u00dcberlassung des elektronischen Kick-Point Moduls mit den zur Durchf\u00fchrung einer Veranstaltung notwendigen Ausstattungsmaterialien. Das elektronische Fu\u00dfballtor ist Bestandteil des Leistungsspektrums des Lizenzgebers.<\/p>\n<p><strong><span style=\"color: #000000;\">Weitere Leistungen Lizenzgeber:<\/span><\/strong><\/p>\n<ul>\n<li><span style=\"color: #000000;\">Permanente Weiterentwicklung von Produkt und Dienstleistung<\/span><\/li>\n<li><span style=\"color: #000000;\">Beratung in kaufm\u00e4nnischen Angelegenheiten<\/span><\/li>\n<li><span style=\"color: #000000;\">Marketingberatung regionaler Marketingma\u00dfnahmen<\/span><\/li>\n<li><span style=\"color: #000000;\">Nationales Marketing (Werbung, \u00d6ffentlichkeitsarbeit)<\/span><\/li>\n<li><span style=\"color: #000000;\">Marketing Services (Werbemittel, Mailingtexte, Telefonleitf\u00e4den etc.)<\/span><\/li>\n<li><span style=\"color: #000000;\">Betreuung bei Veranstaltungen<\/span><\/li>\n<li><span style=\"color: #000000;\">Unterst\u00fctzung bei der Entwicklung von Eventkonzeptionen<\/span><\/li>\n<li><span style=\"color: #000000;\">Unterst\u00fctzung bei Kundenakquisition und Kundenpflege<\/span><\/li>\n<li><span style=\"color: #000000;\">Info- und Erfahrungsaustausch<\/span><\/li>\n<\/ul>\n<h3><\/h3>\n<\/div>\n<p>&nbsp;<\/p>\n<p>&nbsp;<\/p>\n<h4 class=\"show\"><img loading=\"lazy\" decoding=\"async\" class=\"size-full wp-image-7754 alignleft\" alt=\"potenzial\" src=\"https:\/\/www.kick-point.com\/wp-content\/uploads\/potenzial.png\" width=\"390\" height=\"24\" \/><\/h4>\n<div class=\"hide\">\n<p>&nbsp;<\/p>\n<p>&nbsp;<\/p>\n<h3><\/h3>\n<p>Die Kick-Point-Idee wird von einem sich \u00e4ndernden Freizeitverhalten in unserer Gesellschaft unterst\u00fctzt. Der Verbraucher plant und organisiert weniger eigene Freizeitaktivit\u00e4ten mit Familie oder Freunden. Er bevorzugt es vielmehr das steigende Angebot an Freizeit- und Erlebnisaktivit\u00e4ten, welche in seiner Umgebung angeboten werden, wahrzunehmen. Dar\u00fcber hinaus deuten die seit Jahren zweistelligen Wachstumsraten der Veranstaltungsagenturen in Deutschland eine Entwicklung an, nach der Industrie, Handel und Dienstleistungsgewerbe im Rahmen ihrer Vermarktungsaktivit\u00e4ten mehr und mehr auf Ideen des<\/p>\n<p>Veranstaltungsmarketing zur\u00fcckgreifen. Unter Ber\u00fccksichtigung dieser beiden Tatbest\u00e4nde wird die schon betr\u00e4chtliche Anzahl von Veranstaltungen, bei den der Kick-Point eingesetzt werden kann, weiterhin stark steigen. Kick-Point bietet \u00fcber seine vielf\u00e4ltigen Spiel- und Darstellungsm\u00f6glichkeiten die Chance, dass der Veranstalter \u00fcber das Spiel eine Verbindung zu seinem Logo, Produkt oder seiner Werbeaussage kn\u00fcpft. Diesen Vorteil bietet kaum ein anderes Veranstaltungsger\u00e4t!<\/p>\n<p>Mit der Basissportart Fu\u00dfball ist sichergestellt, dass die Spielidee wie die klassische Fu\u00dfballtorwand eine dauerhafte Attraktivit\u00e4t genie\u00dft, w\u00e4hrend Themen und Attraktionen wie Tennis, Golf, Inliner, Bungee Jump, Skateboards permanenten Attraktivit\u00e4tsschwankungen unterliegen.<\/p>\n<h3><\/h3>\n<\/div>\n<p>&nbsp;<\/p>\n<p>&nbsp;<\/p>\n<h4 class=\"show\"><img loading=\"lazy\" decoding=\"async\" class=\"size-full wp-image-7759 alignleft\" alt=\"produkt\" src=\"https:\/\/www.kick-point.com\/wp-content\/uploads\/produkt.png\" width=\"390\" height=\"24\" \/><\/h4>\n<div class=\"hide\">\n<p>&nbsp;<\/p>\n<p>&nbsp;<\/p>\n<h3><\/h3>\n<p>Das elek\u00adtro\u00adn\u00adis\u00adche Fu\u00dfball\u00adtor ist schnell und ein\u00adfach zu mon\u00adtieren. Eine mit dem Fu\u00dfball\u00adtor ver\u00adbun\u00addene Fangnet\u00adzkon\u00adstruk\u00adtion sorgt f\u00fcr die schnelle Wieder\u00adauf\u00adnahme der B\u00e4lle im Spiel. F\u00fcr den werblichen Auftritt sor\u00adgen die Kick-Point-Banner im Ballfangnetz.<\/p>\n<p>Die Kick-Point-Computertechnik mit der Kick-Point-Software erlaubt es Ihnen, \u00fcber eine einfache Benutzerf\u00fchrung eine Vielzahl von Spielvarianten einzustellen. Die Bildschirmoberfl\u00e4che ist frei definierbar und kann individuell mit Logos und Grafiken gestaltet werden. Die Steuerung der Software erfolgt automatisch. Mit Hilfe von Infrarotsensoren in Torpfosten und Torlatte ermittelt das System die Treffer eines jeden Torschusses und dessen Geschwindigkeit.<\/p>\n<h3><\/h3>\n<\/div>\n<p>&nbsp;<\/p>\n<p>&nbsp;<\/p>\n<h4 class=\"show\"><img loading=\"lazy\" decoding=\"async\" class=\"size-full wp-image-7749 alignleft\" alt=\"kunden\" src=\"https:\/\/www.kick-point.com\/wp-content\/uploads\/license-package.png\" width=\"390\" height=\"24\" \/><\/h4>\n<div class=\"hide\">\n<p>&nbsp;<\/p>\n<p>&nbsp;<\/p>\n<h3><\/h3>\n<p><span style=\"color: #000000;\">Ihre potentiellen Kunden kommen aus allen Bereichen der gewerblichen Wirtschaft sowie auch privater und gemeinn\u00fctziger Institutionen. Die Einsatzbereiche sind vielf\u00e4ltig, wie die folgende Liste andeutet:<\/span><\/p>\n<ul>\n<li><span style=\"color: #000000;\">Sonderschauen\/Produktvorstellungen<\/span><\/li>\n<li><span style=\"color: #000000;\">Verkaufsf\u00f6rderungsveranstaltungen<\/span><\/li>\n<li><span style=\"color: #000000;\">Fu\u00dfballspiele und Fu\u00dfballturniere<\/span><\/li>\n<li><span style=\"color: #000000;\">Messen<\/span><\/li>\n<li><span style=\"color: #000000;\">Volksfeste<\/span><\/li>\n<li><span style=\"color: #000000;\">Dorffeste<\/span><\/li>\n<li><span style=\"color: #000000;\">Betriebsfeste<\/span><\/li>\n<li><span style=\"color: #000000;\">Tag der offenen T\u00fcr<\/span><\/li>\n<li><span style=\"color: #000000;\">Er\u00f6ffnungsfeiern<\/span><\/li>\n<li><span style=\"color: #000000;\">Allgemeine Sportfeste<\/span><\/li>\n<li><span style=\"color: #000000;\">Stadtfeste<\/span><\/li>\n<\/ul>\n<h3><\/h3>\n<\/div>\n","protected":false},"excerpt":{"rendered":"<p>Das Geheimnis des Fu\u00dfballs ist der Ball &#8211; das Geheimnis Ihres Erfolges ist Kick-Point. Als Kick-Point Lizenzpartner vermarkten Sie in Ihrer Region oder bundesweit das Kick-Point-Modul. Dabei geht es um die Vermietung und Vermarktung des elektronischen Fu\u00dfballtores f\u00fcr Events, Veranstaltungen und Turniere egal, ob drinnen oder drau\u00dfen. Die Kick-Point GmbH stellt daf\u00fcr als Lizenzgeber das [&hellip;]<\/p>\n","protected":false},"author":12,"featured_media":0,"parent":4431,"menu_order":100,"comment_status":"closed","ping_status":"closed","template":"","meta":{"footnotes":""},"class_list":["post-25","page","type-page","status-publish","hentry"],"yoast_head":"<!-- This site is optimized with the Yoast SEO plugin v22.8 - https:\/\/yoast.com\/wordpress\/plugins\/seo\/ -->\n<title>Kick-Point Lizenzpartner werden<\/title>\n<meta name=\"description\" content=\"Das Geheimnis des Fu\u00dfballs ist der Ball \u2013 das Geheimnis Ihres Erfolges ist Kick-Point. Als Kick-Point Lizenzpartner vermarkten Sie das Kick-Point-Modul.\" \/>\n<meta name=\"robots\" content=\"index, follow, max-snippet:-1, max-image-preview:large, max-video-preview:-1\" \/>\n<link rel=\"canonical\" href=\"https:\/\/www.kick-point.com\/de\/kick-point\/partner-werden\/\" \/>\n<meta property=\"og:locale\" content=\"de_DE\" \/>\n<meta property=\"og:type\" content=\"article\" \/>\n<meta property=\"og:title\" content=\"Kick-Point Lizenzpartner werden\" \/>\n<meta property=\"og:description\" content=\"Das Geheimnis des Fu\u00dfballs ist der Ball \u2013 das Geheimnis Ihres Erfolges ist Kick-Point. Als Kick-Point Lizenzpartner vermarkten Sie das Kick-Point-Modul.\" \/>\n<meta property=\"og:url\" content=\"https:\/\/www.kick-point.com\/de\/kick-point\/partner-werden\/\" \/>\n<meta property=\"og:site_name\" content=\"Kick-Point\" \/>\n<meta property=\"article:modified_time\" content=\"2014-04-07T09:02:35+00:00\" \/>\n<meta property=\"og:image\" content=\"https:\/\/www.kick-point.com\/wp-content\/uploads\/kick-point-franchise-license.jpg\" \/>\n<meta name=\"twitter:label1\" content=\"Gesch\u00e4tzte Lesezeit\" \/>\n\t<meta name=\"twitter:data1\" content=\"3\u00a0Minuten\" \/>\n<script type=\"application\/ld+json\" class=\"yoast-schema-graph\">{\"@context\":\"https:\/\/schema.org\",\"@graph\":[{\"@type\":\"WebPage\",\"@id\":\"https:\/\/www.kick-point.com\/de\/kick-point\/partner-werden\/\",\"url\":\"https:\/\/www.kick-point.com\/de\/kick-point\/partner-werden\/\",\"name\":\"Kick-Point Lizenzpartner werden\",\"isPartOf\":{\"@id\":\"https:\/\/www.kick-point.com\/de\/#website\"},\"primaryImageOfPage\":{\"@id\":\"https:\/\/www.kick-point.com\/de\/kick-point\/partner-werden\/#primaryimage\"},\"image\":{\"@id\":\"https:\/\/www.kick-point.com\/de\/kick-point\/partner-werden\/#primaryimage\"},\"thumbnailUrl\":\"https:\/\/www.kick-point.com\/wp-content\/uploads\/kick-point-franchise-license.jpg\",\"datePublished\":\"2011-03-01T13:02:40+00:00\",\"dateModified\":\"2014-04-07T09:02:35+00:00\",\"description\":\"Das Geheimnis des Fu\u00dfballs ist der Ball \u2013 das Geheimnis Ihres Erfolges ist Kick-Point. Als Kick-Point Lizenzpartner vermarkten Sie das Kick-Point-Modul.\",\"breadcrumb\":{\"@id\":\"https:\/\/www.kick-point.com\/de\/kick-point\/partner-werden\/#breadcrumb\"},\"inLanguage\":\"de\",\"potentialAction\":[{\"@type\":\"ReadAction\",\"target\":[\"https:\/\/www.kick-point.com\/de\/kick-point\/partner-werden\/\"]}]},{\"@type\":\"ImageObject\",\"inLanguage\":\"de\",\"@id\":\"https:\/\/www.kick-point.com\/de\/kick-point\/partner-werden\/#primaryimage\",\"url\":\"https:\/\/www.kick-point.com\/wp-content\/uploads\/kick-point-franchise-license.jpg\",\"contentUrl\":\"https:\/\/www.kick-point.com\/wp-content\/uploads\/kick-point-franchise-license.jpg\"},{\"@type\":\"BreadcrumbList\",\"@id\":\"https:\/\/www.kick-point.com\/de\/kick-point\/partner-werden\/#breadcrumb\",\"itemListElement\":[{\"@type\":\"ListItem\",\"position\":1,\"name\":\"elektronisches Fu\u00dfballtor\",\"item\":\"https:\/\/www.kick-point.com\/de\/kick-point\/\"},{\"@type\":\"ListItem\",\"position\":2,\"name\":\"Kick-Point Lizenzpartnerschaft\"}]},{\"@type\":\"WebSite\",\"@id\":\"https:\/\/www.kick-point.com\/de\/#website\",\"url\":\"https:\/\/www.kick-point.com\/de\/\",\"name\":\"Kick-Point\",\"description\":\"Events und Event-Module rund um das elektronische Fu\u00dfballtor\",\"potentialAction\":[{\"@type\":\"SearchAction\",\"target\":{\"@type\":\"EntryPoint\",\"urlTemplate\":\"https:\/\/www.kick-point.com\/de\/?s={search_term_string}\"},\"query-input\":\"required name=search_term_string\"}],\"inLanguage\":\"de\"}]}<\/script>\n<!-- \/ Yoast SEO plugin. -->","yoast_head_json":{"title":"Kick-Point Lizenzpartner werden","description":"Das Geheimnis des Fu\u00dfballs ist der Ball \u2013 das Geheimnis Ihres Erfolges ist Kick-Point. Als Kick-Point Lizenzpartner vermarkten Sie das Kick-Point-Modul.","robots":{"index":"index","follow":"follow","max-snippet":"max-snippet:-1","max-image-preview":"max-image-preview:large","max-video-preview":"max-video-preview:-1"},"canonical":"https:\/\/www.kick-point.com\/de\/kick-point\/partner-werden\/","og_locale":"de_DE","og_type":"article","og_title":"Kick-Point Lizenzpartner werden","og_description":"Das Geheimnis des Fu\u00dfballs ist der Ball \u2013 das Geheimnis Ihres Erfolges ist Kick-Point. Als Kick-Point Lizenzpartner vermarkten Sie das Kick-Point-Modul.","og_url":"https:\/\/www.kick-point.com\/de\/kick-point\/partner-werden\/","og_site_name":"Kick-Point","article_modified_time":"2014-04-07T09:02:35+00:00","og_image":[{"url":"https:\/\/www.kick-point.com\/wp-content\/uploads\/kick-point-franchise-license.jpg"}],"twitter_misc":{"Gesch\u00e4tzte Lesezeit":"3\u00a0Minuten"},"schema":{"@context":"https:\/\/schema.org","@graph":[{"@type":"WebPage","@id":"https:\/\/www.kick-point.com\/de\/kick-point\/partner-werden\/","url":"https:\/\/www.kick-point.com\/de\/kick-point\/partner-werden\/","name":"Kick-Point Lizenzpartner werden","isPartOf":{"@id":"https:\/\/www.kick-point.com\/de\/#website"},"primaryImageOfPage":{"@id":"https:\/\/www.kick-point.com\/de\/kick-point\/partner-werden\/#primaryimage"},"image":{"@id":"https:\/\/www.kick-point.com\/de\/kick-point\/partner-werden\/#primaryimage"},"thumbnailUrl":"https:\/\/www.kick-point.com\/wp-content\/uploads\/kick-point-franchise-license.jpg","datePublished":"2011-03-01T13:02:40+00:00","dateModified":"2014-04-07T09:02:35+00:00","description":"Das Geheimnis des Fu\u00dfballs ist der Ball \u2013 das Geheimnis Ihres Erfolges ist Kick-Point. Als Kick-Point Lizenzpartner vermarkten Sie das Kick-Point-Modul.","breadcrumb":{"@id":"https:\/\/www.kick-point.com\/de\/kick-point\/partner-werden\/#breadcrumb"},"inLanguage":"de","potentialAction":[{"@type":"ReadAction","target":["https:\/\/www.kick-point.com\/de\/kick-point\/partner-werden\/"]}]},{"@type":"ImageObject","inLanguage":"de","@id":"https:\/\/www.kick-point.com\/de\/kick-point\/partner-werden\/#primaryimage","url":"https:\/\/www.kick-point.com\/wp-content\/uploads\/kick-point-franchise-license.jpg","contentUrl":"https:\/\/www.kick-point.com\/wp-content\/uploads\/kick-point-franchise-license.jpg"},{"@type":"BreadcrumbList","@id":"https:\/\/www.kick-point.com\/de\/kick-point\/partner-werden\/#breadcrumb","itemListElement":[{"@type":"ListItem","position":1,"name":"elektronisches Fu\u00dfballtor","item":"https:\/\/www.kick-point.com\/de\/kick-point\/"},{"@type":"ListItem","position":2,"name":"Kick-Point Lizenzpartnerschaft"}]},{"@type":"WebSite","@id":"https:\/\/www.kick-point.com\/de\/#website","url":"https:\/\/www.kick-point.com\/de\/","name":"Kick-Point","description":"Events und Event-Module rund um das elektronische Fu\u00dfballtor","potentialAction":[{"@type":"SearchAction","target":{"@type":"EntryPoint","urlTemplate":"https:\/\/www.kick-point.com\/de\/?s={search_term_string}"},"query-input":"required name=search_term_string"}],"inLanguage":"de"}]}},"_links":{"self":[{"href":"https:\/\/www.kick-point.com\/de\/wp-json\/wp\/v2\/pages\/25","targetHints":{"allow":["GET"]}}],"collection":[{"href":"https:\/\/www.kick-point.com\/de\/wp-json\/wp\/v2\/pages"}],"about":[{"href":"https:\/\/www.kick-point.com\/de\/wp-json\/wp\/v2\/types\/page"}],"author":[{"embeddable":true,"href":"https:\/\/www.kick-point.com\/de\/wp-json\/wp\/v2\/users\/12"}],"replies":[{"embeddable":true,"href":"https:\/\/www.kick-point.com\/de\/wp-json\/wp\/v2\/comments?post=25"}],"version-history":[{"count":1,"href":"https:\/\/www.kick-point.com\/de\/wp-json\/wp\/v2\/pages\/25\/revisions"}],"predecessor-version":[{"id":22110,"href":"https:\/\/www.kick-point.com\/de\/wp-json\/wp\/v2\/pages\/25\/revisions\/22110"}],"up":[{"embeddable":true,"href":"https:\/\/www.kick-point.com\/de\/wp-json\/wp\/v2\/pages\/4431"}],"wp:attachment":[{"href":"https:\/\/www.kick-point.com\/de\/wp-json\/wp\/v2\/media?parent=25"}],"curies":[{"name":"wp","href":"https:\/\/api.w.org\/{rel}","templated":true}]}}